{"id":4580,"date":"2016-08-10T16:17:28","date_gmt":"2016-08-10T19:17:28","guid":{"rendered":"https:\/\/www.tjes.jus.br\/corregedoria\/?page_id=4580"},"modified":"2026-01-07T14:22:37","modified_gmt":"2026-01-07T17:22:37","slug":"resolucoes-tjes","status":"publish","type":"page","link":"https:\/\/www.tjes.jus.br\/corregedoria\/legislacao\/resolucoes-tjes\/","title":{"rendered":"Resolu\u00e7\u00f5es TJES"},"content":{"rendered":"<table>\n<tbody>\n<tr>\n<td style=\"text-align: center;\"><strong>AS PUBLICA\u00c7\u00d5ES EST\u00c3O AGRUPADAS POR ANO<\/strong><\/td>\n<\/tr>\n<tr>\n<td>\n<ul>\n<li><strong>Bi\u00eanio 2026\/2027<br \/>\n<\/strong>Resolu\u00e7\u00f5es &#8211; <a href=\"https:\/\/www.tjes.jus.br\/corregedoria\/resolucoes-tjes-2026\/\">2026<\/a>| 2027<\/li>\n<li><strong>Bi\u00eanio 2024\/2025<br \/>\n<\/strong>Resolu\u00e7\u00f5es &#8211; <a href=\"https:\/\/www.tjes.jus.br\/corregedoria\/resolucoes-tjes-2024\/\">2024<\/a>| <a href=\"https:\/\/www.tjes.jus.br\/corregedoria\/resolucoes-tjes-2025\/\">2025<\/a><\/li>\n<li><strong>Bi\u00eanio 2022\/2023<br \/>\n<\/strong>Resolu\u00e7\u00f5es &#8211; <a href=\"https:\/\/www.tjes.jus.br\/corregedoria\/resolucoes-tjes-2022\/\">2022<\/a>| <a href=\"https:\/\/www.tjes.jus.br\/corregedoria\/resolucoes-tjes-2023\/\">2023<\/a><\/li>\n<li><strong>Bi\u00eanio 2020\/2021<br \/>\n<\/strong>Resolu\u00e7\u00f5es &#8211; <a href=\"https:\/\/www.tjes.jus.br\/corregedoria\/resolucoes-tjes-2020\/\">2020<\/a>| <a href=\"https:\/\/www.tjes.jus.br\/corregedoria\/resolucoes-tjes-2021\/\">2021<\/a><\/li>\n<li><strong>Bi\u00eanio 2018\/2019<br \/>\n<\/strong>Resolu\u00e7\u00f5es &#8211; <a href=\"https:\/\/www.tjes.jus.br\/corregedoria\/legislacao\/resolucoes-tjes\/resolucoes-tjes-2018\/\">2018<\/a> | <a href=\"https:\/\/www.tjes.jus.br\/corregedoria\/legislacao\/resolucoes-tjes\/resolucoes-tjes-2019\/\">2019<\/a><\/li>\n<li><strong>Bi\u00eanio 2016\/2017<br \/>\n<\/strong>Resolu\u00e7\u00f5es &#8211; <a href=\"https:\/\/www.tjes.jus.br\/corregedoria\/index.php\/legislacao\/resolucoes-tjes\/resolucoes-tjes-2016\/\">2016<\/a>\u00a0| <a href=\"https:\/\/www.tjes.jus.br\/corregedoria\/index.php\/legislacao\/resolucoes-tjes\/resolucoes-tjes-2017\/\">2017<\/a><\/li>\n<li><strong>Bi\u00eanio 2014\/2015<\/strong><br \/>\nResolu\u00e7\u00f5es &#8211; <a href=\"https:\/\/www.tjes.jus.br\/corregedoria\/index.php\/legislacao\/resolucoes-tjes\/resolucoes-tjes-2014\/\">2014<\/a> | <a href=\"https:\/\/www.tjes.jus.br\/corregedoria\/index.php\/legislacao\/resolucoes-tjes\/resolucoes-tjes-2015\/\">2015<\/a><\/li>\n<li><strong>Bi\u00eanio 2012\/2013<br \/>\n<\/strong>Resolu\u00e7\u00f5es &#8211; <a href=\"https:\/\/www.tjes.jus.br\/corregedoria\/index.php\/legislacao\/resolucoes-tjes\/resolucoes-tjes-2012\/\">2012<\/a> | <a href=\"https:\/\/www.tjes.jus.br\/corregedoria\/index.php\/legislacao\/resolucoes-tjes\/resolucoes-tjes-2013\/\">2013<\/a><\/li>\n<li><strong>Bi\u00eanio 2010\/2011<\/strong><br \/>\nResolu\u00e7\u00f5es &#8211; <a href=\"https:\/\/www.tjes.jus.br\/corregedoria\/index.php\/legislacao\/resolucoes-tjes\/resolucoes-tjes-2010\/\">2010<\/a> | <a href=\"https:\/\/www.tjes.jus.br\/corregedoria\/index.php\/legislacao\/resolucoes-tjes\/resolucoes-tjes-2011\/\">2011<\/a><\/li>\n<li><strong>Bi\u00eanio 2008\/2009<\/strong><br \/>\nResolu\u00e7\u00f5es &#8211; <a href=\"https:\/\/www.tjes.jus.br\/corregedoria\/index.php\/legislacao\/resolucoes-tjes\/resolucoes-tjes-2008\/\">2008<\/a> | <a href=\"https:\/\/www.tjes.jus.br\/corregedoria\/index.php\/legislacao\/resolucoes-tjes\/resolucoes-tjes-2009\/\">2009<\/a><\/li>\n<li><strong>Bi\u00eanio 2006\/2007<\/strong><br \/>\nResolu\u00e7\u00f5es &#8211; <a href=\"https:\/\/www.tjes.jus.br\/corregedoria\/index.php\/legislacao\/resolucoes-tjes\/resolucoes-tjes-2006\/\">2006 <\/a>| <a href=\"https:\/\/www.tjes.jus.br\/corregedoria\/index.php\/legislacao\/resolucoes-tjes\/resolucoes-tjes-2007\/\">2007<\/a><\/li>\n<li><strong>Bi\u00eanio 2004\/2005<\/strong><br \/>\nResolu\u00e7\u00f5es &#8211; <a href=\"https:\/\/www.tjes.jus.br\/corregedoria\/index.php\/legislacao\/resolucoes-tjes\/resolucoes-tjes-2004\/\">2004 <\/a>| <a href=\"https:\/\/www.tjes.jus.br\/corregedoria\/index.php\/legislacao\/resolucoes-tjes\/resolucoes-tjes-2005\/\">2005<\/a><\/li>\n<li><strong>Bi\u00eanio 2002\/2003<\/strong><br \/>\nResolu\u00e7\u00f5es &#8211; <a href=\"https:\/\/www.tjes.jus.br\/corregedoria\/index.php\/legislacao\/resolucoes-tjes\/resolucoes-tjes-2002\/\">2002 <\/a>| <a href=\"https:\/\/www.tjes.jus.br\/corregedoria\/index.php\/legislacao\/resolucoes-tjes\/resolucoes-tjes-2003\/\">2003<\/a><\/li>\n<li><strong>Bi\u00eanio 2000\/2001<\/strong><br \/>\nResolu\u00e7\u00f5es &#8211; <a href=\"https:\/\/www.tjes.jus.br\/corregedoria\/index.php\/legislacao\/resolucoes-tjes\/resolucoes-tjes-2000\/\">2000 <\/a>| <a href=\"https:\/\/www.tjes.jus.br\/corregedoria\/index.php\/legislacao\/resolucoes-tjes\/resolucoes-tjes-2001\/\">2001<\/a><\/li>\n<\/ul>\n<\/td>\n<\/tr>\n<\/tbody>\n<\/table>\n","protected":false},"excerpt":{"rendered":"<p>AS PUBLICA\u00c7\u00d5ES EST\u00c3O AGRUPADAS POR ANO Bi\u00eanio 2026\/2027 Resolu\u00e7\u00f5es &#8211; 2026| 2027 Bi\u00eanio 2024\/2025 Resolu\u00e7\u00f5es &#8211; 2024| 2025 Bi\u00eanio 2022\/2023 Resolu\u00e7\u00f5es &#8211; 2022| 2023 Bi\u00eanio 2020\/2021 Resolu\u00e7\u00f5es &#8211; 2020| 2021 Bi\u00eanio 2018\/2019 Resolu\u00e7\u00f5es &#8211; 2018 | 2019 Bi\u00eanio 2016\/2017 Resolu\u00e7\u00f5es &#8211; 2016\u00a0| 2017 Bi\u00eanio 2014\/2015 Resolu\u00e7\u00f5es &#8211; 2014 | 2015 Bi\u00eanio 2012\/2013 Resolu\u00e7\u00f5es &#8211; 2012 [&hellip;]<\/p>\n","protected":false},"author":1,"featured_media":0,"parent":216,"menu_order":0,"comment_status":"closed","ping_status":"closed","template":"","meta":{"footnotes":""},"_links":{"self":[{"href":"https:\/\/www.tjes.jus.br\/corregedoria\/wp-json\/wp\/v2\/pages\/4580"}],"collection":[{"href":"https:\/\/www.tjes.jus.br\/corregedoria\/wp-json\/wp\/v2\/pages"}],"about":[{"href":"https:\/\/www.tjes.jus.br\/corregedoria\/wp-json\/wp\/v2\/types\/page"}],"author":[{"embeddable":true,"href":"https:\/\/www.tjes.jus.br\/corregedoria\/wp-json\/wp\/v2\/users\/1"}],"replies":[{"embeddable":true,"href":"https:\/\/www.tjes.jus.br\/corregedoria\/wp-json\/wp\/v2\/comments?post=4580"}],"version-history":[{"count":30,"href":"https:\/\/www.tjes.jus.br\/corregedoria\/wp-json\/wp\/v2\/pages\/4580\/revisions"}],"predecessor-version":[{"id":45864,"href":"https:\/\/www.tjes.jus.br\/corregedoria\/wp-json\/wp\/v2\/pages\/4580\/revisions\/45864"}],"up":[{"embeddable":true,"href":"https:\/\/www.tjes.jus.br\/corregedoria\/wp-json\/wp\/v2\/pages\/216"}],"wp:attachment":[{"href":"https:\/\/www.tjes.jus.br\/corregedoria\/wp-json\/wp\/v2\/media?parent=4580"}],"curies":[{"name":"wp","href":"https:\/\/api.w.org\/{rel}","templated":true}]}}