{"id":45862,"date":"2026-01-07T14:22:23","date_gmt":"2026-01-07T17:22:23","guid":{"rendered":"https:\/\/www.tjes.jus.br\/corregedoria\/?page_id=45862"},"modified":"2026-04-10T13:23:40","modified_gmt":"2026-04-10T16:23:40","slug":"resolucoes-tjes-2026","status":"publish","type":"page","link":"https:\/\/www.tjes.jus.br\/corregedoria\/resolucoes-tjes-2026\/","title":{"rendered":"Resolu\u00e7\u00f5es TJES \u2013 2026"},"content":{"rendered":"\n<p><a href=\"https:\/\/www.tjes.jus.br\/corregedoria\/2026\/04\/10\/resolucao-no-20-2026-disp-10-04-2026\/\">20 \u2013 <strong>Altera a\u00a0Resolu\u00e7\u00e3o n\u00ba 11\/2022, publicada no Di\u00e1rio da Justi\u00e7a de 13 de maio de 2022, para conferir nova regulamenta\u00e7\u00e3o \u00e0 Ouvidoria da Mulher no \u00e2mbito do Tribunal de Justi\u00e7a do Esp\u00edrito Santo.<\/strong> \u2013 Disp. 10\/04\/2026<\/a><\/p>\n<p><a href=\"https:\/\/www.tjes.jus.br\/corregedoria\/2026\/03\/27\/resolucao-no-19-2026-disp-27-03-2026\/\">19 \u2013 Aprova a Estrat\u00e9gia do Poder Judici\u00e1rio do Poder Judici\u00e1rio do Estado do Esp\u00edrito Santo. \u2013 Disp. 27\/03\/2026<\/a><\/p>\n<p><a href=\"https:\/\/www.tjes.jus.br\/corregedoria\/2026\/03\/27\/resolucao-no-18-2026-disp-27-03-2026\/\">18 \u2013 <strong data-end=\"805\" data-start=\"630\">Altera a\u00a0Resolu\u00e7\u00e3o TJES n\u00ba 036\/2025, para ampliar o rol de cursos de gradua\u00e7\u00e3o contemplados com vagas de est\u00e1gio no \u00e2mbito do Poder Judici\u00e1rio do Estado do Esp\u00edrito Santo.<\/strong> \u2013 Disp. 27\/03\/2026<\/a><\/p>\n<p><a href=\"https:\/\/www.tjes.jus.br\/corregedoria\/2026\/04\/01\/resolucao-no-17-2026-disp-01-04-2026\/\">17 \u2013 Altera a composi\u00e7\u00e3o do Conselho Editorial da Escola da Magistratura do Estado do Esp\u00edrito Santo \u2013 EMES e d\u00e1 outras provid\u00eancias. \u2013 Disp. 01\/04\/2026<\/a><\/p>\n<p><a href=\"https:\/\/www.tjes.jus.br\/corregedoria\/2026\/03\/27\/resolucao-no-16-2026-disp-27-03-2026\/\">16 \u2013 Altera o art. 6\u00ba da\u00a0Resolu\u00e7\u00e3o n.\u00ba 29, de 22 de abril de 2010, do Tribunal de Justi\u00e7a do Estado do Esp\u00edrito Santo, que disp\u00f5e sobre o regime de plant\u00e3o judici\u00e1rio em segundo grau de jurisdi\u00e7\u00e3o, para disciplinar o acionamento telef\u00f4nico ap\u00f3s o peticionamento eletr\u00f4nico no sistema Pje. \u2013 Disp. 27\/03\/2026<\/a><\/p>\n<p><a href=\"https:\/\/www.tjes.jus.br\/corregedoria\/2026\/03\/27\/resolucao-no-15-2026-disp-27-03-2026\/\">15 \u2013 Altera o artigo 3\u00ba da\u00a0Resolu\u00e7\u00e3o n.\u00ba 37, de 08 de fevereiro de 2024, do Tribunal de Justi\u00e7a do Estado do Esp\u00edrito Santo, que disp\u00f5e sobre o julgamento de processos judiciais e administrativos eletr\u00f4nicos por meio de sess\u00f5es virtuais. \u2013 Disp. 27\/03\/2026<\/a><\/p>\n<p><a href=\"https:\/\/www.tjes.jus.br\/corregedoria\/2026\/03\/26\/resolucao-no-14-2026-disp-26-03-2026\/\">14 \u2013 Convocar o Exmo. Sr. Juiz de Direito Alcemir dos Santos Pimentel para integrar a 1\u00aa Turma Recursal, a partir da publica\u00e7\u00e3o desta Resolu\u00e7\u00e3o. \u2013 Disp. 26\/03\/2026<\/a><\/p>\n<p><a href=\"https:\/\/www.tjes.jus.br\/corregedoria\/2026\/03\/26\/resolucao-no-13-2026-disp-26-03-2026\/\">13 \u2013 Convocar o Exmo. Sr. Juiz de Direito Jos\u00e9 Pedro de Souza Netto para integrar a 4\u00aa Turma Recursal, a partir da publica\u00e7\u00e3o desta Resolu\u00e7\u00e3o. \u2013 Disp. 26\/03\/2026<\/a><\/p>\n<p><a href=\"https:\/\/www.tjes.jus.br\/corregedoria\/2026\/03\/26\/resolucao-no-12-2026-disp-26-03-2026\/\">12 \u2013 Convocar o\u00a0Exmo. Sr. Juiz de Direito Felipe Leit\u00e3o Gomes, suplente da 3\u00aa Turma Recursal, para integrar a 5\u00aa Turma Recursal, tamb\u00e9m na qualidade de suplente, com cumula\u00e7\u00e3o das fun\u00e7\u00f5es, a partir da publica\u00e7\u00e3o desta. \u2013 Disp. 26\/03\/2026<\/a><\/p>\n<p><a href=\"https:\/\/www.tjes.jus.br\/corregedoria\/2026\/03\/20\/resolucao-no-11-2026-disp-20-03-2026\/\">11 \u2013 Institui a Pol\u00edtica de Justi\u00e7a Itinerante no \u00e2mbito do Tribunal de Justi\u00e7a do Estado do Esp\u00edrito Santo, disciplina sua organiza\u00e7\u00e3o, funcionamento, monitoramento e governan\u00e7a, e d\u00e1 outras provid\u00eancias.\u00a0\u2013 Disp. 20\/03\/2026<\/a><\/p>\n<p><a href=\"https:\/\/www.tjes.jus.br\/corregedoria\/2026\/03\/20\/resolucao-no-10-2026-disp-20-03-2026\/\">10 \u2013 Fica estabelecido que o valor di\u00e1rio da indeniza\u00e7\u00e3o de transporte paga aos Analistas Judici\u00e1rios \u2013 Oficiais de Justi\u00e7a Avaliadores do Poder Judici\u00e1rio do Estado do Esp\u00edrito Santo ser\u00e1 de R$ 185,10 (cento e oitenta e cinco reais e dez centavos).\u00a0\u2013 Disp. 20\/03\/2026<\/a><\/p>\n<p><a href=\"https:\/\/www.tjes.jus.br\/corregedoria\/2026\/03\/20\/resolucao-no-09-2026-disp-20-03-2026\/\">09 \u2013Fica estabelecido que o valor do vale-alimenta\u00e7\u00e3o concedido aos Servidores do Poder Judici\u00e1rio do Estado do Esp\u00edrito Santo ser\u00e1 de R$ 83,20 (oitenta e tr\u00eas reais e vinte centavos) por vale.\u00a0\u2013 Disp. 20\/03\/2026<\/a><\/p>\n<p><a href=\"https:\/\/www.tjes.jus.br\/corregedoria\/2026\/03\/13\/resolucao-no-08-2026-disp-13-03-2026\/\">08 \u2013 <strong>Disp\u00f5e sobre o funcionamento e estabelece diretrizes para os Juizados Especiais do Torcedor e dos Grandes Eventos (JET-GE) e sua vincula\u00e7\u00e3o \u00e0 Coordenadoria dos Juizados Especiais no \u00e2mbito do Poder Judici\u00e1rio do Estado do Esp\u00edrito Santo.<\/strong> \u2013 Disp. 13\/03\/2026<\/a><\/p>\n<p><a href=\"https:\/\/www.tjes.jus.br\/corregedoria\/2026\/02\/09\/resolucao-no-06-2026-disp-09-02-2026\/\">06 \u2013 Altera a composi\u00e7\u00e3o da COMISS\u00c3O DE REGIMENTO INTERNO. \u2013 Disp. 09\/02\/2026<\/a><\/p>\n<p><a href=\"https:\/\/www.tjes.jus.br\/corregedoria\/2026\/02\/06\/resolucao-no-05-2026-disp-06-02-2026\/\">05 \u2013\u00a0Altera a composi\u00e7\u00e3o da COMISS\u00c3O DE REFORMA JUDICI\u00c1RIA.\u00a0\u2013 Disp. 06\/02\/2026<\/a><\/p>\n<p><a href=\"https:\/\/www.tjes.jus.br\/corregedoria\/2026\/02\/06\/resolucao-no-04-2026-disp-06-02-2026\/\">04 \u2013 Altera a composi\u00e7\u00e3o da COMISS\u00c3O DE JURISPRUD\u00caNCIA.\u00a0\u2013 Disp. 06\/02\/2026<\/a><\/p>\n<p><a href=\"https:\/\/www.tjes.jus.br\/corregedoria\/2026\/02\/06\/resolucao-no-03-2026-disp-06-02-2026\/\">03 \u2013 Disp\u00f5e sobre a estrutura organizacional das unidades subordinadas ao N\u00facleo Permanente de M\u00e9todos Consensuais de Solu\u00e7\u00e3o de Conflitos \u2013 Nupemec e d\u00e1 outras provid\u00eancias.\u00a0\u2013 Disp. 06\/02\/2026<\/a><\/p>\n<p><a href=\"https:\/\/www.tjes.jus.br\/corregedoria\/2026\/02\/06\/resolucao-no-02-2026-disp-06-02-2026\/\">02 \u2013 <strong>Reorganiza a Secretaria de Controle Interno e cria a Secretaria de Auditoria Interna, estabelecendo a segrega\u00e7\u00e3o definitiva de fun\u00e7\u00f5es.<\/strong>\u00a0\u2013 Disp. 06\/02\/2026<\/a><\/p>\n<p style=\"text-align: justify;\"><a href=\"https:\/\/www.tjes.jus.br\/corregedoria\/2026\/01\/23\/resolucao-no-01-2026-disp-21-01-2026\/\">01 \u2013 <strong>REMOVER<\/strong>, ad referendum do Egr\u00e9gio Tribunal Pleno<strong>,<\/strong>\u00a0o Exmo. Sr. Desembargador\u00a0<strong>EDER PONTES DA SILVA<\/strong>, da 1\u00aa C\u00e2mara Criminal para a 1\u00aa C\u00c2MARA C\u00cdVEL, deste Egr\u00e9gio Tribunal de Justi\u00e7a, a partir de 20\/01\/2026.\u00a0\u2013 Disp. 21\/01\/2026<\/a><\/p>\n","protected":false},"excerpt":{"rendered":"<p>20 \u2013 Altera a\u00a0Resolu\u00e7\u00e3o n\u00ba 11\/2022, publicada no Di\u00e1rio da Justi\u00e7a de 13 de maio de 2022, para conferir nova regulamenta\u00e7\u00e3o \u00e0 Ouvidoria da Mulher no \u00e2mbito do Tribunal de Justi\u00e7a do Esp\u00edrito Santo. \u2013 Disp. 10\/04\/2026 19 \u2013 Aprova a Estrat\u00e9gia do Poder Judici\u00e1rio do Poder Judici\u00e1rio do Estado do Esp\u00edrito Santo. \u2013 Disp. [&hellip;]<\/p>\n","protected":false},"author":8,"featured_media":0,"parent":0,"menu_order":0,"comment_status":"closed","ping_status":"closed","template":"","meta":{"footnotes":""},"_links":{"self":[{"href":"https:\/\/www.tjes.jus.br\/corregedoria\/wp-json\/wp\/v2\/pages\/45862"}],"collection":[{"href":"https:\/\/www.tjes.jus.br\/corregedoria\/wp-json\/wp\/v2\/pages"}],"about":[{"href":"https:\/\/www.tjes.jus.br\/corregedoria\/wp-json\/wp\/v2\/types\/page"}],"author":[{"embeddable":true,"href":"https:\/\/www.tjes.jus.br\/corregedoria\/wp-json\/wp\/v2\/users\/8"}],"replies":[{"embeddable":true,"href":"https:\/\/www.tjes.jus.br\/corregedoria\/wp-json\/wp\/v2\/comments?post=45862"}],"version-history":[{"count":10,"href":"https:\/\/www.tjes.jus.br\/corregedoria\/wp-json\/wp\/v2\/pages\/45862\/revisions"}],"predecessor-version":[{"id":46923,"href":"https:\/\/www.tjes.jus.br\/corregedoria\/wp-json\/wp\/v2\/pages\/45862\/revisions\/46923"}],"wp:attachment":[{"href":"https:\/\/www.tjes.jus.br\/corregedoria\/wp-json\/wp\/v2\/media?parent=45862"}],"curies":[{"name":"wp","href":"https:\/\/api.w.org\/{rel}","templated":true}]}}