{"id":4606,"date":"2016-08-10T16:50:23","date_gmt":"2016-08-10T19:50:23","guid":{"rendered":"https:\/\/www.tjes.jus.br\/corregedoria\/?page_id=4606"},"modified":"2017-05-15T12:46:12","modified_gmt":"2017-05-15T15:46:12","slug":"resolucoes-tjes-2012","status":"publish","type":"page","link":"https:\/\/www.tjes.jus.br\/corregedoria\/legislacao\/resolucoes-tjes\/resolucoes-tjes-2012\/","title":{"rendered":"Resolu\u00e7\u00f5es TJES &#8211; 2012"},"content":{"rendered":"<p style=\"text-align: justify;\"><a href=\"https:\/\/www.tjes.jus.br\/corregedoria\/index.php\/2017\/02\/22\/resolucao-no-572012-publ-em-07012013\/\">057 &#8211; Altera a Resolu\u00e7\u00e3o n\u00ba 062\/2007, de 27\/12\/2007 e Resolu\u00e7\u00e3o N\u00ba 29\/2010, DE 19\/05\/2010 &#8211; DISP. 07\/01\/13<\/a><\/p>\n<p style=\"text-align: justify;\"><a href=\"https:\/\/www.tjes.jus.br\/corregedoria\/index.php\/2017\/02\/22\/resolucao-no-562012-publ-em-18122012\/\">056 &#8211; Disciplina a compet\u00eancia de cada um dos Juizados da Inf\u00e2ncia e Juventude de Serra-ES &#8211; DISP. 18\/12\/2012<\/a><\/p>\n<p style=\"text-align: justify;\"><a href=\"https:\/\/www.tjes.jus.br\/corregedoria\/index.php\/2017\/02\/22\/resolucao-no-552012-publ-em-17122012\/\">055 &#8211; SUSPENDER PRAZOS RECESSO &#8211; DISP. 17\/12\/2012<\/a><\/p>\n<p style=\"text-align: justify;\"><a href=\"https:\/\/www.tjes.jus.br\/corregedoria\/index.php\/2017\/02\/22\/resolucao-no-542012-publ-em-06122012\/\">054 &#8211; Instaura PAD\u00a0n\u00ba 100110000401 (0003523-07.2012.8.08.0000), em face da Exm\u00aa Sr\u00aa Dr\u00aa CATARINA RAMOS ANTUNES &#8211; DISP. 06\/12\/2012<\/a><\/p>\n<p style=\"text-align: justify;\"><a href=\"https:\/\/www.tjes.jus.br\/corregedoria\/index.php\/2016\/12\/13\/resolucao-no-0532012-publ-em-04122012\/\">053 &#8211; PROJETO DE LEI DO ABONO &#8211; DISP. 04\/12\/2012<\/a><\/p>\n<p style=\"text-align: justify;\"><a href=\"https:\/\/www.tjes.jus.br\/corregedoria\/index.php\/2017\/02\/22\/resolucao-no-522012-publ-em-14112012\/\">052 &#8211; Regulamenta a indica\u00e7\u00e3o e forma\u00e7\u00e3o da lista tr\u00edplice da classe dos advogados visando a composi\u00e7\u00e3o do TRE\u00a0&#8211; DISP. 14\/11\/2012<\/a><\/p>\n<p style=\"text-align: justify;\"><a href=\"https:\/\/www.tjes.jus.br\/corregedoria\/index.php\/2017\/02\/22\/resolucao-no-512012-publ-em-14112012\/\">051 &#8211; DISP\u00d5E SOBRE A 4\u00aa ALTERA\u00c7\u00c3O DO PLANO DE OBRAS DO TJ &#8211; DISP. 14\/11\/2012<\/a><\/p>\n<p style=\"text-align: justify;\"><a href=\"https:\/\/www.tjes.jus.br\/corregedoria\/index.php\/2016\/07\/04\/resolucao-no-502012-disp-20022014-republicacao\/\">050 &#8211; Regulamenta a Resolu\u00e7\u00e3o n\u00ba 156\/2012 do CNJ &#8211; DISP. 20\/02\/2014<\/a>\u00a0&#8211; <span style=\"color: #ff0000;\"><strong>REPUBLICA\u00c7\u00c3O\u00a0<span style=\"color: #000000;\">COM MODIFICA\u00c7\u00d5ES DA RESOLU\u00c7\u00c3O N\u00ba 09\/2014 &#8211; <span style=\"color: #ff0000;\">REPUBLICA\u00c7\u00c3O<\/span><\/span><\/strong><\/span><\/p>\n<p style=\"text-align: justify;\"><a href=\"https:\/\/www.tjes.jus.br\/corregedoria\/index.php\/2016\/07\/04\/resolucao-no-502012-disp-19022014-republicacao\/\">050 &#8211; Regulamenta a Resolu\u00e7\u00e3o n\u00ba 156\/2012 do CNJ &#8211; DISP. 19\/02\/2014<\/a>\u00a0&#8211; <span style=\"color: #ff0000;\"><strong>REPUBLICA\u00c7\u00c3O\u00a0<span style=\"color: #000000;\">COM MODIFICA\u00c7\u00d5ES DA RESOLU\u00c7\u00c3O N\u00ba 09\/2014 &#8211; <span style=\"color: #ff0000;\">REPUBLICADA<\/span><\/span><\/strong><\/span><\/p>\n<p style=\"text-align: justify;\"><a href=\"https:\/\/www.tjes.jus.br\/corregedoria\/index.php\/2017\/02\/22\/resolucao-no-502012-publ-em-19112012-alterada-republicacao-republicada\/\">050 &#8211; Regulamenta a Resolu\u00e7\u00e3o n\u00ba 156\/2012 do CNJ &#8211; DISP. 19\/11\/2012<\/a>\u00a0&#8211; <span style=\"color: #ff0000;\"><strong>REPUBLICADA<\/strong><\/span><\/p>\n<p style=\"text-align: justify;\"><a href=\"https:\/\/www.tjes.jus.br\/corregedoria\/index.php\/2017\/02\/22\/resolucao-no-502012-publ-em-14112012-republicada\/\">050 &#8211; Regulamenta a Resolu\u00e7\u00e3o n\u00ba 156\/2012 do CNJ &#8211; DISP. 14\/11\/2012<\/a>\u00a0&#8211; <span style=\"color: #ff0000;\"><strong>REPUBLICADA<\/strong><\/span><\/p>\n<p style=\"text-align: justify;\"><a href=\"https:\/\/www.tjes.jus.br\/corregedoria\/index.php\/2017\/02\/22\/resolucao-no-492012-publ-em-09112012\/\">049 &#8211; Instaura PAD n\u00ba 100120013121. Disp. 09\/11\/2012<\/a><\/p>\n<p style=\"text-align: justify;\"><a href=\"https:\/\/www.tjes.jus.br\/corregedoria\/index.php\/2017\/02\/22\/resolucao-no-482012-publ-em-05112012-republicacao\/\">048 &#8211; Disciplina a substitui\u00e7\u00e3o dos magistrados quando declaram a suspei\u00e7\u00e3o ou impedimento ou na aus\u00eancia por qualquer motivo &#8211; Disp. 05\/11\/2012<\/a>\u00a0&#8211; <span style=\"color: #ff0000;\"><strong>REPUBLICA\u00c7\u00c3O<\/strong><\/span> &#8211; <span style=\"color: #ff0000;\"><strong>ALTERADA<\/strong><\/span><\/p>\n<p style=\"text-align: justify;\"><a href=\"https:\/\/www.tjes.jus.br\/corregedoria\/index.php\/2017\/02\/22\/resolucao-no-482012-publ-em-25102012-republicada\/\">048 &#8211; Disciplina a substitui\u00e7\u00e3o dos magistrados quando declaram a suspei\u00e7\u00e3o ou impedimento ou na aus\u00eancia por qualquer motivo &#8211; Disp. 25\/10\/2012<\/a>\u00a0&#8211; <span style=\"color: #ff0000;\"><strong>REPUBLICADA<\/strong><\/span><\/p>\n<p style=\"text-align: justify;\"><a href=\"https:\/\/www.tjes.jus.br\/corregedoria\/index.php\/2017\/02\/22\/resolucao-no-472012-publ-em-24102012\/\">047 &#8211; Prorroga por mais 30 dias, a partir de 16\/10 o PAD n\u00ba 100110007265. Disp. 24\/10\/2012<\/a><\/p>\n<p style=\"text-align: justify;\"><a href=\"https:\/\/www.tjes.jus.br\/corregedoria\/index.php\/2017\/02\/22\/resolucao-no-462012-publ-em-24102012\/\">046 &#8211; Delega aos Excelent\u00edssimos Senhores Ju\u00edzes de Direito Titulares de Juizados Especiais a organiza\u00e7\u00e3o e execu\u00e7\u00e3o de processos seletivos destinado a contrata\u00e7\u00e3o de Estagi\u00e1rios conciliadores &#8211; Disp. 24\/10\/2012<\/a><\/p>\n<p style=\"text-align: justify;\"><a href=\"https:\/\/www.tjes.jus.br\/corregedoria\/index.php\/2017\/02\/22\/resolucao-no-452012-publ-em-25102012-republicacao\/\">045 &#8211; Define o valor per capita do aux. sa\u00fade concedido aos Servidores &#8211; Disp. 25\/10\/2012\u00a0&#8211; <span style=\"color: #ff0000;\"><strong>REPUBLICA\u00c7\u00c3O<\/strong><\/span><\/a><\/p>\n<p style=\"text-align: justify;\"><a href=\"https:\/\/www.tjes.jus.br\/corregedoria\/index.php\/2017\/02\/22\/resolucao-no-452012-publ-em-24102012-republicada\/\">045 &#8211; Define o valor per capita do aux. sa\u00fade concedido aos Servidores &#8211; Disp. 24\/10\/2012\u00a0&#8211; <span style=\"color: #ff0000;\"><strong>REPUBLICADA<\/strong><\/span><\/a><\/p>\n<p style=\"text-align: justify;\"><a href=\"https:\/\/www.tjes.jus.br\/corregedoria\/index.php\/2017\/02\/22\/resolucao-no-442012-publ-em-24102012\/\">044 &#8211; Altera o caput do art. 3\u00ba da Resol. 01\/2007 acerca do aux. sa\u00fade \u00e0 Magist. est. Disp. 24\/10\/2012<\/a><\/p>\n<p style=\"text-align: justify;\"><a href=\"https:\/\/www.tjes.jus.br\/corregedoria\/index.php\/2017\/02\/22\/resolucao-no-432012-publ-em-08102012\/\">043 &#8211; Remessa dos autos j\u00e1 transitados em julgado \u00e0 Contadoria Jud. do TJ. &#8211; Disp. 08\/10\/2012<\/a>\u00a0&#8211; <span style=\"color: #ff0000;\"><strong>REVOGADA<\/strong><\/span><\/p>\n<p style=\"text-align: justify;\"><a href=\"https:\/\/www.tjes.jus.br\/corregedoria\/index.php\/2017\/02\/22\/resolucao-no-422012-publ-em-11102012-republicacao\/\">042 &#8211; Altera as atribui\u00e7\u00f5es da Central de Apoio C\u00edvel do F\u00f3rum de Vit\u00f3ria. &#8211; Disp. 11\/10\/2012<\/a>\u00a0&#8211; <span style=\"color: #ff0000;\"><strong>REPUBLICA\u00c7\u00c3O<\/strong><\/span><\/p>\n<p style=\"text-align: justify;\"><a href=\"https:\/\/www.tjes.jus.br\/corregedoria\/index.php\/2017\/02\/22\/resolucao-no-422012-publ-em-08102012\/\">042 &#8211; Altera as atribui\u00e7\u00f5es da Central de Apoio C\u00edvel do F\u00f3rum de Vit\u00f3ria. &#8211; Disp. 08\/10\/2012<\/a>\u00a0&#8211; <span style=\"color: #ff0000;\"><strong>REPUBLICADA<\/strong><\/span><\/p>\n<p style=\"text-align: justify;\"><a href=\"https:\/\/www.tjes.jus.br\/corregedoria\/index.php\/2017\/02\/22\/resolucao-no-412012-publ-em-08102012\/\">041 &#8211; Suspende as f\u00e9rias j\u00e1 deferidas dos magistrados por imperiosa neces. de servi\u00e7o &#8211; Disp. 08\/10\/2012<\/a><\/p>\n<p style=\"text-align: justify;\"><a href=\"https:\/\/www.tjes.jus.br\/corregedoria\/index.php\/2017\/02\/22\/resolucao-no-402012-publ-em-18092012\/\">040 &#8211; PRORROGA PRAZO PROC.ADM n\u00ba 0000726-92.2011.8.08.0000 &#8211; DISP. 18\/09\/2012<\/a><\/p>\n<p style=\"text-align: justify;\"><a href=\"https:\/\/www.tjes.jus.br\/corregedoria\/index.php\/2017\/02\/22\/resolucao-no-392012-publ-em-31082012\/\">039 &#8211; Referenda a decis\u00e3o do Relator em rela\u00e7\u00e3o ao prazo de julg. PA 100110007109 &#8211; Disp. 31\/08\/2012<\/a><\/p>\n<p style=\"text-align: justify;\"><a href=\"https:\/\/www.tjes.jus.br\/corregedoria\/index.php\/2017\/02\/22\/resolucao-n-382012-publ-em-29082012\/\">038 &#8211; Atribui compet. exclusiva \u00e0 6\u00aa vara Crim. Vit\u00f3ria no proces. guias de exec. penal. &#8211; Disp. 29\/08\/2012<\/a><\/p>\n<p style=\"text-align: justify;\"><a href=\"https:\/\/www.tjes.jus.br\/corregedoria\/index.php\/2017\/02\/22\/resolucao-no-372012-publ-em-29082012\/\">037 &#8211; Altera a reda\u00e7\u00e3o do art. 2\u00ba da Resolu\u00e7\u00e3o N\u00ba 04\/06 &#8211; Disp. 29\/08\/2012<\/a><\/p>\n<p style=\"text-align: justify;\"><a href=\"https:\/\/www.tjes.jus.br\/corregedoria\/index.php\/2017\/02\/22\/resolucao-no-362012-publ-em-17092012-republicacao\/\">036 &#8211; Designa\u00e7\u00e3o e destitui\u00e7\u00e3o de servidor para o exerc\u00edcio de fun\u00e7\u00f5es gratificadas &#8211; Disp. 17\/09\/2012<\/a>\u00a0&#8211; <span style=\"color: #ff0000;\"><strong>REPUBLICA\u00c7\u00c3O<\/strong><\/span><\/p>\n<p style=\"text-align: justify;\"><a href=\"https:\/\/www.tjes.jus.br\/corregedoria\/index.php\/2017\/02\/22\/resolucao-no-362012-publ-em-29082012-republicado\/\">036 &#8211; Designa\u00e7\u00e3o e destitui\u00e7\u00e3o de servidor para o exerc\u00edcio de fun\u00e7\u00f5es gratificadas &#8211; Disp. 29\/08\/2012<\/a>\u00a0&#8211; <span style=\"color: #ff0000;\"><strong>REPUBLICADA<\/strong><\/span><\/p>\n<p style=\"text-align: justify;\"><a href=\"https:\/\/www.tjes.jus.br\/corregedoria\/index.php\/2017\/02\/22\/resolucao-n-352012-publ-em-22082012\/\">035 &#8211; Observ\u00e2ncia do Protoc. de Istambul em casos de tortura. &#8211; Disp. 22\/08\/2012<\/a><\/p>\n<p style=\"text-align: justify;\"><a href=\"https:\/\/www.tjes.jus.br\/corregedoria\/index.php\/2017\/02\/22\/resolucao-no-342012-publ-em-07082012-alterada\/\">034 &#8211; Cria serv. de notifica\u00e7\u00e3o\/cita\u00e7\u00e3o\/intima\u00e7\u00e3o de presos e expedi\u00e7\u00e3o de alvar\u00e1 de soltura &#8211; Disp. 07\/08\/2012 &#8211; <span style=\"color: #ff0000;\"><strong>ALTERADA<\/strong><\/span><\/a><\/p>\n<p style=\"text-align: justify;\"><a href=\"https:\/\/www.tjes.jus.br\/corregedoria\/index.php\/2017\/02\/22\/resolucao-no-332012-publ-em-10072012\/\">033 &#8211;\u00a0Disp\u00f5e sobre terceira altera\u00e7\u00e3o na prioriza\u00e7\u00e3o do Plano de Obras do Poder Judici\u00e1rio do Estado do Esp\u00edrito santo &#8211; Disp. 10\/07\/2012<\/a><\/p>\n<p style=\"text-align: justify;\"><a href=\"https:\/\/www.tjes.jus.br\/corregedoria\/index.php\/2017\/02\/22\/resolucao-no-322012-publ-em-10072012\/\">032 &#8211; Estabelece novo valor do vale alimenta\u00e7\u00e3o &#8211; Disp. 10\/07\/2012<\/a><\/p>\n<p style=\"text-align: justify;\"><a href=\"https:\/\/www.tjes.jus.br\/corregedoria\/index.php\/2017\/02\/22\/resolucao-no-312012-publ-em-27062012-alterada\/\">031 &#8211; Das informa\u00e7\u00f5es aos Tribunais Superiores &#8211; Disp. 27\/06\/2012 &#8211; <span style=\"color: #ff0000;\"><strong>ALTERADA<\/strong><\/span><\/a><\/p>\n<p style=\"text-align: justify;\"><a href=\"https:\/\/www.tjes.jus.br\/corregedoria\/index.php\/2017\/02\/22\/resolucao-no-302012-publ-em-27062012\/\">030 &#8211; Extingue compet\u00eancia exclusiva em Varas Criminais de Vit\u00f3ria,V.Velha e Serra &#8211; Disp. 27\/06\/2012<\/a><\/p>\n<p style=\"text-align: justify;\"><a href=\"https:\/\/www.tjes.jus.br\/corregedoria\/index.php\/2017\/02\/22\/resolucao-no-292012-publ-em-27062012\/\">029 &#8211; Altera a Resolu\u00e7\u00e3o n\u00ba 17\/2012 &#8211; Disp. 27\/06\/2012<\/a><\/p>\n<p style=\"text-align: justify;\"><a href=\"https:\/\/www.tjes.jus.br\/corregedoria\/index.php\/2017\/02\/22\/resolucao-no-282012-publ-em-27062012\/\">028 &#8211; Autoriza a instala\u00e7\u00e3o da 2\u00aa V. Inf. Juv. Cariacica. Disp. 27\/06\/2012<\/a><\/p>\n<p style=\"text-align: justify;\"><a href=\"https:\/\/www.tjes.jus.br\/corregedoria\/index.php\/2017\/02\/22\/resolucao-no-272012-publ-em-14052012\/\">027 &#8211; Institui Comiss\u00e3o de Seguran\u00e7a Institucional &#8211; Disp. 14\/05\/2012<\/a><\/p>\n<p style=\"text-align: justify;\"><a href=\"https:\/\/www.tjes.jus.br\/corregedoria\/index.php\/2017\/02\/22\/resolucao-no-262012-publ-em-04052012\/\">026 &#8211; Inclui par\u00e1grafo art 1\u00ba Res. 07\/06 &#8211; 04\/05\/2012<\/a><\/p>\n<p style=\"text-align: justify;\"><a href=\"https:\/\/www.tjes.jus.br\/corregedoria\/index.php\/2017\/02\/22\/resolucao-no-252012-publ-em-02052012\/\">025 &#8211; Encerra as atividades da Vara de \u00d3rf\u00e3os e Sucess\u00f5es de Linhares e do Juizado Especial C\u00edvel Adjunto de Linhares e autoriza a instala\u00e7\u00e3o do 2\u00ba Juizado Especial C\u00edvel de Linhares &#8211; 02\/05\/2012<\/a><\/p>\n<p style=\"text-align: justify;\"><a href=\"https:\/\/www.tjes.jus.br\/corregedoria\/index.php\/2017\/02\/21\/resolucao-no-242012-publ-em-02052012\/\">024 &#8211; Instala Cart\u00f3rio 1\u00ba Of\u00edcio, 2\u00aa Zona Ju\u00edzo de Cariacica &#8211; 02\/05\/2012<\/a><\/p>\n<p style=\"text-align: justify;\"><a href=\"https:\/\/www.tjes.jus.br\/corregedoria\/index.php\/2017\/02\/21\/resolucao-no-232012-publ-em-02052012\/\">023 -Cessa efeito resolu\u00e7\u00e3o 26\/10. &#8211; 02\/05\/2012<\/a><\/p>\n<p style=\"text-align: justify;\"><a href=\"https:\/\/www.tjes.jus.br\/corregedoria\/index.php\/2017\/02\/21\/resolucao-no-222012-publ-em-17042012\/\">022 &#8211; Indica Dr. Marcelo Menezes Loureiro respons\u00e1vel pela \u00e1rea de Seg. Institucional TJ -17\/04\/2012<\/a><\/p>\n<p style=\"text-align: justify;\"><a href=\"https:\/\/www.tjes.jus.br\/corregedoria\/index.php\/2017\/02\/21\/resolucao-no-212012-publ-em-17042012\/\">021 &#8211; Reajuste vencimentos servidores Poder Jud. 4,5%, a partir 01 de abril\/12 &#8211; 17\/04\/2012<\/a><\/p>\n<p style=\"text-align: justify;\"><a href=\"https:\/\/www.tjes.jus.br\/corregedoria\/index.php\/2017\/02\/21\/resolucao-no-202012-publ-em-17042012\/\">020 &#8211; Altera o valor indeniza\u00e7\u00e3o transporte Oficiais Justi\u00e7a\u00a0&#8211;\u00a017\/04\/2012<\/a><\/p>\n<p style=\"text-align: justify;\"><a href=\"https:\/\/www.tjes.jus.br\/corregedoria\/index.php\/2017\/02\/21\/resolucao-no-192012-publ-em-17042012\/\">019 &#8211; Altera Resolu\u00e7\u00e3o 03\/11 &#8211; 17\/04\/2012<\/a><\/p>\n<p style=\"text-align: justify;\"><a href=\"https:\/\/www.tjes.jus.br\/corregedoria\/index.php\/2017\/02\/21\/resolucao-n-182012-publ-em-17042012\/\">018 &#8211; Institui Centro Permanente Abertura Processos e Concilia\u00e7\u00e3o Juiz. Esp da Capital &#8211; 17\/04\/2012<\/a><\/p>\n<p style=\"text-align: justify;\"><a href=\"https:\/\/www.tjes.jus.br\/corregedoria\/index.php\/2017\/02\/21\/resolucao-no-172012-publ-em-17042012\/\">017 &#8211; Instala\u00e7\u00e3o 2\u00aa vara da Infan\u00e2ncia e Juventude Vila Velha &#8211; 17\/04\/2012<\/a>\u00a0&#8211; <span style=\"color: #ff0000;\"><strong>ALTERADA<\/strong><\/span><\/p>\n<p style=\"text-align: justify;\"><a href=\"https:\/\/www.tjes.jus.br\/corregedoria\/index.php\/2017\/02\/21\/resolucao-no-162012-publ-em-26032012\/\">016 &#8211; Prorroga por pelo per\u00edodo 140 dias Proc. Disc. Dr\u00aa Catarina Ramos Antunes &#8211; 26\/03\/2012<\/a><\/p>\n<p style=\"text-align: justify;\"><a href=\"https:\/\/www.tjes.jus.br\/corregedoria\/index.php\/2017\/02\/21\/resolucao-no-0152012-publ-em-26032012\/\">015 &#8211; Cessa os efeitos da Resol. 51\/11 &#8211; 26\/03\/2012<\/a><\/p>\n<p style=\"text-align: justify;\"><a href=\"https:\/\/www.tjes.jus.br\/corregedoria\/index.php\/2017\/02\/21\/resolucao-no-0142012-publ-em-26032012\/\">014 &#8211; Disp\u00f5e sobre &#8220;Relat\u00f3rio mensal indeniza\u00e7\u00e3o transporte Oficiais Justi\u00e7a do TJ &#8211; 26\/03\/2012<\/a><\/p>\n<p style=\"text-align: justify;\"><a href=\"https:\/\/www.tjes.jus.br\/corregedoria\/index.php\/2017\/02\/21\/resolucao-no-132012-publ-em-26032012\/\">013 &#8211; Disp\u00f5e sobre redimensionamento cargos Analista Jud.02 servi\u00e7o Social e Psicologia &#8211; 26\/03\/2012<\/a><\/p>\n<p style=\"text-align: justify;\"><a href=\"https:\/\/www.tjes.jus.br\/corregedoria\/index.php\/2017\/02\/21\/resolucao-no-0122012-publ-em-26032012\/\">012 &#8211; Altera artigo 1\u00ba da resolu\u00e7\u00e3o 69\/11 &#8211; 26\/03\/2012<\/a><\/p>\n<p style=\"text-align: justify;\"><a href=\"https:\/\/www.tjes.jus.br\/corregedoria\/index.php\/2017\/02\/21\/resolucao-no-0112012-publ-em-19032012\/\">011 &#8211; Regulamenta os casos excepcionais de aut. Ju\u00edzes residirem fora das comarcas &#8211; 19\/03\/2012<\/a><\/p>\n<p style=\"text-align: justify;\"><a href=\"https:\/\/www.tjes.jus.br\/corregedoria\/index.php\/2017\/02\/21\/resolucao-no-0102012-publ-em-12032012\/\">010 &#8211; PRORROGA PROC ADM DR MAURICIO CAMARA RANGEL &#8211; 12\/03\/2012<\/a><\/p>\n<p style=\"text-align: justify;\"><a href=\"https:\/\/www.tjes.jus.br\/corregedoria\/index.php\/2017\/02\/21\/resolucao-no-092012-publ-em-12032012\/\">009 &#8211; PRORROGA PROC. ADM. DR. ROBERTO LUIZ FERREIRA SANTOS &#8211; 12\/03\/2012<\/a><\/p>\n<p style=\"text-align: justify;\"><a href=\"https:\/\/www.tjes.jus.br\/corregedoria\/index.php\/2017\/02\/21\/resolucao-no-082012-publ-em-27022012\/\">008 &#8211; 27\/02\/2012 &#8211; Altera o Art. 1\u00b0 da Resolu\u00e7\u00e3o 005\/2012<\/a><\/p>\n<p style=\"text-align: justify;\"><a href=\"https:\/\/www.tjes.jus.br\/corregedoria\/index.php\/2017\/02\/17\/resolucao-no-072012-publ-em-06022012\/\">007 &#8211; 06\/02\/2012 &#8211; Referenda a Resolu\u00e7\u00e3o 01\/2012 &#8211; Afastamento Des. Fabio Clem de Oliveira<\/a><\/p>\n<p style=\"text-align: justify;\"><a href=\"https:\/\/www.tjes.jus.br\/corregedoria\/index.php\/2017\/02\/17\/resolucao-n-062012-publ-em-06022012\/\">006 &#8211; 06\/02\/2012 &#8211; Disciplina Procedimento Adm. para o Pagamento de Per\u00edcias M\u00e9dicas<\/a><\/p>\n<p style=\"text-align: justify;\"><a href=\"https:\/\/www.tjes.jus.br\/corregedoria\/index.php\/2017\/02\/17\/resolucao-no-052012-publ-em-06022012-alterada\/\">005 &#8211; 06\/02\/2012 &#8211; Instala\u00e7\u00e3o da 3\u00aa Vara Feitos da Faz. P\u00fabl. Estadual de Vit\u00f3ria &#8211; <span style=\"color: #ff0000;\"><strong>ALTERADA<\/strong><\/span><\/a><\/p>\n<p style=\"text-align: justify;\"><a href=\"https:\/\/www.tjes.jus.br\/corregedoria\/index.php\/2017\/01\/25\/resolucao-no-0042006-publ-em-20012006\/\">004 &#8211; 01\/02\/2012 &#8211; Reajuste Vale Alimenta\u00e7\u00e3o<\/a><\/p>\n<p style=\"text-align: justify;\"><a href=\"https:\/\/www.tjes.jus.br\/corregedoria\/index.php\/2017\/02\/17\/resolucao-no-032012-publ-em-01022012\/\">003 &#8211; (CONSELHO) 14\/02\/2012 &#8211; Convoca Juiz para 2\u00aa Turma Recursal Vit\u00f3ria<\/a><\/p>\n<p style=\"text-align: justify;\"><a href=\"https:\/\/www.tjes.jus.br\/corregedoria\/index.php\/2017\/02\/17\/resolucao-no-032012-publ-em-01022012\/\">003 &#8211; 01\/02\/2012 &#8211; Designar Dr. Roberto Fonseca Araujo &#8211; Presidente Conselho Gestor Pessoas Naturais<\/a><\/p>\n<p style=\"text-align: justify;\"><a href=\"https:\/\/www.tjes.jus.br\/corregedoria\/index.php\/2017\/02\/17\/resolucao-no-022012-publ-em-01022012\/\">002 &#8211; 01\/02\/2012 &#8211; Cessar os efeitos da Resolu\u00e7\u00e3o n\u00ba 010\/2011, publicada no \u201cDJ\u201d de 10\/03\/2011<\/a><\/p>\n<p style=\"text-align: justify;\"><a href=\"https:\/\/www.tjes.jus.br\/corregedoria\/index.php\/2017\/02\/17\/resolucao-no-022012-conselho-publ-em-25012012\/\">002 &#8211; (CONSELHO) 25\/01\/2012 &#8211; Convoca a Dr\u00aa Janete Vargas Sim\u00f5es, para compor como suplente a 2\u00aa Turma do Col\u00e9gio Recursal da Capital<\/a><\/p>\n<p style=\"text-align: justify;\"><a href=\"https:\/\/www.tjes.jus.br\/corregedoria\/index.php\/2017\/02\/17\/resolucao-no-012012-publ-em-30012012\/\">001 &#8211; 30\/01\/2012 &#8211;\u00a0Prorroga o prazo do processo administrativo disciplinar n\u00ba 100110016373, em face do Exm\u00ba Sr. Dr. PAULO ROBERTO LUPPI<\/a><\/p>\n<p><a href=\"https:\/\/www.tjes.jus.br\/corregedoria\/index.php\/2017\/02\/17\/resolucao-no-012012-conselho-publ-em-25012012\/\">001 &#8211; (CONSELHO) 25\/01\/2012 &#8211; Autoriza\u00a0o afastamento do Exm\u00ba. Sr. Des. Fabio Clem de Oliveira<\/a><\/p>\n","protected":false},"excerpt":{"rendered":"<p>057 &#8211; Altera a Resolu\u00e7\u00e3o n\u00ba 062\/2007, de 27\/12\/2007 e Resolu\u00e7\u00e3o N\u00ba 29\/2010, DE 19\/05\/2010 &#8211; DISP. 07\/01\/13 056 &#8211; Disciplina a compet\u00eancia de cada um dos Juizados da Inf\u00e2ncia e Juventude de Serra-ES &#8211; DISP. 18\/12\/2012 055 &#8211; SUSPENDER PRAZOS RECESSO &#8211; DISP. 17\/12\/2012 054 &#8211; Instaura PAD\u00a0n\u00ba 100110000401 (0003523-07.2012.8.08.0000), em face da Exm\u00aa [&hellip;]<\/p>\n","protected":false},"author":1,"featured_media":0,"parent":4580,"menu_order":0,"comment_status":"closed","ping_status":"closed","template":"","meta":{"footnotes":""},"_links":{"self":[{"href":"https:\/\/www.tjes.jus.br\/corregedoria\/wp-json\/wp\/v2\/pages\/4606"}],"collection":[{"href":"https:\/\/www.tjes.jus.br\/corregedoria\/wp-json\/wp\/v2\/pages"}],"about":[{"href":"https:\/\/www.tjes.jus.br\/corregedoria\/wp-json\/wp\/v2\/types\/page"}],"author":[{"embeddable":true,"href":"https:\/\/www.tjes.jus.br\/corregedoria\/wp-json\/wp\/v2\/users\/1"}],"replies":[{"embeddable":true,"href":"https:\/\/www.tjes.jus.br\/corregedoria\/wp-json\/wp\/v2\/comments?post=4606"}],"version-history":[{"count":14,"href":"https:\/\/www.tjes.jus.br\/corregedoria\/wp-json\/wp\/v2\/pages\/4606\/revisions"}],"predecessor-version":[{"id":15156,"href":"https:\/\/www.tjes.jus.br\/corregedoria\/wp-json\/wp\/v2\/pages\/4606\/revisions\/15156"}],"up":[{"embeddable":true,"href":"https:\/\/www.tjes.jus.br\/corregedoria\/wp-json\/wp\/v2\/pages\/4580"}],"wp:attachment":[{"href":"https:\/\/www.tjes.jus.br\/corregedoria\/wp-json\/wp\/v2\/media?parent=4606"}],"curies":[{"name":"wp","href":"https:\/\/api.w.org\/{rel}","templated":true}]}}