{"id":4616,"date":"2016-08-10T16:56:28","date_gmt":"2016-08-10T19:56:28","guid":{"rendered":"https:\/\/www.tjes.jus.br\/corregedoria\/?page_id=4616"},"modified":"2018-02-19T17:15:38","modified_gmt":"2018-02-19T20:15:38","slug":"resolucoes-tjes-2009","status":"publish","type":"page","link":"https:\/\/www.tjes.jus.br\/corregedoria\/legislacao\/resolucoes-tjes\/resolucoes-tjes-2009\/","title":{"rendered":"Resolu\u00e7\u00f5es TJES &#8211; 2009"},"content":{"rendered":"<h1 style=\"text-align: center;\">ANO DE 2009<\/h1>\n<p style=\"text-align: justify;\"><a href=\"https:\/\/www.tjes.jus.br\/corregedoria\/index.php\/2017\/02\/14\/resolucao-no-492009-publ-em-22022010\/\">049 &#8211; 22\/02\/2010 Aprova o Planejamento Estrat\u00e9gico do PJES, per\u00edodo 2010\/2015<\/a><\/p>\n<p style=\"text-align: justify;\"><a href=\"https:\/\/www.tjes.jus.br\/corregedoria\/index.php\/2017\/02\/14\/resolucao-no-482009-publ-em-21122009\/\">048 &#8211; 21\/12\/2009 Designa Dr. Paulo Roberto Luppi como Coordenador dos Juiz. Inf. e Juventude do ES<\/a><\/p>\n<p style=\"text-align: justify;\"><a href=\"https:\/\/www.tjes.jus.br\/corregedoria\/index.php\/2017\/02\/14\/resolucao-no-472009-publ-em-16122009\/\">047 &#8211; 16\/12\/2009 Institui e regulamenta a assessoria de desenv. institucional como N\u00facleo de Controle Interno do PJ.<\/a><\/p>\n<p style=\"text-align: justify;\"><a href=\"https:\/\/www.tjes.jus.br\/corregedoria\/index.php\/2017\/02\/14\/resolucao-no-462009-publ-em-10122009\/\">046 &#8211; 10\/12\/2009 Remove Des Carlos Sim\u00f5es Fonseca da 2\u00aa C. C\u00edvel p\/ 1\u00aa C. C\u00edvel<\/a><\/p>\n<p style=\"text-align: justify;\"><a href=\"https:\/\/www.tjes.jus.br\/corregedoria\/index.php\/2017\/02\/14\/resolucao-no-452009-publ-em-10122009\/\">045 &#8211; 10\/12\/2009 Remover Des. Carlos Henrique R. do Amaral da 1\u00aa C\u00e2mara c\u00edvel p\/2\u00aa C. Criminal<\/a><\/p>\n<p style=\"text-align: justify;\"><a href=\"https:\/\/www.tjes.jus.br\/corregedoria\/index.php\/2017\/02\/14\/resolucao-no-442009-publ-em-10122009\/\">044 &#8211; 10\/12\/2009 Localiza Des. Romulo Taddei na 1\u00aa C\u00e2mara C\u00edvel<\/a><\/p>\n<p style=\"text-align: justify;\"><a href=\"https:\/\/www.tjes.jus.br\/corregedoria\/index.php\/2017\/02\/14\/resolucao-no-432009-publ-em-10122009\/\">043 -10\/12\/2009 Localiza Des. \u00c0lvaro Manoel R. Bourguignon na 2\u00aa C\u00e2mara C\u00edvel<\/a><\/p>\n<p style=\"text-align: justify;\"><a href=\"https:\/\/www.tjes.jus.br\/corregedoria\/index.php\/2017\/02\/14\/resolucao-no-422009-publ-em-10122009\/\">042 &#8211; 10\/12\/2009 Localizar Des. Frederico Guilherme Pimentel na 2\u00aa C\u00e2mara C\u00edvel<\/a><\/p>\n<p style=\"text-align: justify;\"><a href=\"https:\/\/www.tjes.jus.br\/corregedoria\/index.php\/2017\/02\/14\/resolucao-no-412009-publ-em-10122009\/\">041 &#8211; 10\/12\/2009 Designa Des. Jos\u00e9 Paulo Calmon Nogueira da Gama como Supervisor das Execu\u00e7\u00f5es Fiscais 10\/11<\/a><\/p>\n<p style=\"text-align: justify;\"><a href=\"https:\/\/www.tjes.jus.br\/corregedoria\/index.php\/2017\/02\/14\/resolucao-no-402009-publ-em-10122009\/\">040 &#8211; 10\/12\/2009 Designa Des. Ronaldo Gon\u00e7alves de Souza como Supervisor das Varas da Inf. e Juventude bi\u00eanio 10\/11<\/a><\/p>\n<p style=\"text-align: justify;\"><a href=\"https:\/\/www.tjes.jus.br\/corregedoria\/index.php\/2017\/02\/14\/resolucao-no-392009-publ-em-10122009\/\">039 &#8211; 10\/12\/2009 Designa Des. Ann\u00edbal de Rezende Lima como Supervisor Juizados Especiais<\/a><\/p>\n<p style=\"text-align: justify;\"><a href=\"https:\/\/www.tjes.jus.br\/corregedoria\/index.php\/2017\/02\/14\/resolucao-no-382009-publ-em-10122009\/\">038 &#8211; 10\/12\/2009 Constitui Comiss\u00e3o S\u00famula e Jurisprud\u00eancia para o bi\u00eanio 2010\/2011<\/a><\/p>\n<p style=\"text-align: justify;\"><a href=\"https:\/\/www.tjes.jus.br\/corregedoria\/index.php\/2017\/02\/14\/resolucao-no-372009-publ-em-10122009\/\">037 &#8211; 10\/12\/2009 Constitui Comiss\u00e3o Reforma Judici\u00e1ria para bi\u00eanio 2010\/2011<\/a><\/p>\n<p style=\"text-align: justify;\"><a href=\"https:\/\/www.tjes.jus.br\/corregedoria\/index.php\/2017\/02\/14\/resolucao-no-362009-publ-em-10122009\/\">036 &#8211; 10\/12\/2009 Constitui Comiss\u00e3o Regimento Interno 2010\/2011<\/a><\/p>\n<p style=\"text-align: justify;\"><a href=\"https:\/\/www.tjes.jus.br\/corregedoria\/index.php\/2017\/02\/14\/resolucao-no-352009-publ-em-10122009\/\">035 &#8211; 10\/12\/2009 Elege Des Carlos Sim\u00f5es Fonseca para o cargo Ouvidor Judici\u00e1rio<\/a><\/p>\n<p style=\"text-align: justify;\"><a href=\"https:\/\/www.tjes.jus.br\/corregedoria\/index.php\/2017\/02\/14\/resolucao-no-342009-publ-em-10122009\/\">034 &#8211; 10\/12\/2009 Vice-Corregedoria Geral da Justi\u00e7a &#8211; Des. Catharina Maria Novaes Barcellos<\/a><\/p>\n<p style=\"text-align: justify;\"><a href=\"https:\/\/www.tjes.jus.br\/corregedoria\/index.php\/2017\/02\/14\/resolucao-no-332009-publ-em-10122009\/\">033 &#8211; 10\/12\/2009 Composi\u00e7\u00e3o do Egr\u00e9gio Conselho da Magistratura 2010\/2011<\/a><\/p>\n<p style=\"text-align: justify;\"><a href=\"https:\/\/www.tjes.jus.br\/corregedoria\/index.php\/2017\/02\/14\/resolucao-no-322009-publ-em-10122009\/\">032 &#8211; 10\/12\/2009 Composi\u00e7\u00e3o Mesa Diretora bi\u00eanio 2010\/2011<\/a><\/p>\n<p style=\"text-align: justify;\"><a href=\"https:\/\/www.tjes.jus.br\/corregedoria\/index.php\/2017\/02\/14\/resolucao-no-312009-publ-em-08122009\/\">031 &#8211; 08\/12\/2009 Autoriza instala\u00e7\u00e3o 5\u00aa Criminal de Cariacica &#8220;Viol\u00eancia Dom\u00e9stica e familiar contra a mulher&#8221;.<\/a><\/p>\n<p style=\"text-align: justify;\"><a href=\"https:\/\/www.tjes.jus.br\/corregedoria\/index.php\/2017\/02\/14\/resolucao-no-302009-publ-em-08122009\/\">030 &#8211; 08\/12\/2009 Altera\u00e7\u00e3o Regimento Interno.<\/a><\/p>\n<p style=\"text-align: justify;\"><a href=\"https:\/\/www.tjes.jus.br\/corregedoria\/index.php\/2017\/02\/14\/resolucao-no-292009-publ-em-19112009\/\">029 &#8211; 19\/11\/2009 Constitui Comiss\u00e3o p\/ estudos reestrutura\u00e7\u00e3o adm.e dos serv. auxiliares do PJES<\/a><\/p>\n<p style=\"text-align: justify;\"><a href=\"https:\/\/www.tjes.jus.br\/corregedoria\/index.php\/2017\/02\/14\/resolucao-no-282009-publ-em-16112009\/\">028 &#8211; 16\/11\/2009 Altera o valor da indeniza\u00e7\u00e3o de transportes dos Oficiais Justi\u00e7a.<\/a><\/p>\n<p style=\"text-align: justify;\"><a href=\"https:\/\/www.tjes.jus.br\/corregedoria\/index.php\/2017\/02\/14\/resolucao-n-272009-publ-em-09112009\/\">027 &#8211; 09\/11\/2009 Disp\u00f5e sobre acompanhamento e gest\u00e3o da execu\u00e7\u00e3o de contratos do TJES<\/a><\/p>\n<p style=\"text-align: justify;\"><a href=\"https:\/\/www.tjes.jus.br\/corregedoria\/index.php\/2017\/02\/14\/resolucao-no-262009-publ-em-04112009\/\">026 &#8211; 04\/11\/2009 Disciplina o uso de ve\u00edculos oficiais no \u00e2mbito do Poder Judici\u00e1rio do ES.<\/a><\/p>\n<p style=\"text-align: justify;\"><a href=\"https:\/\/www.tjes.jus.br\/corregedoria\/index.php\/2017\/02\/14\/resolucao-no-252009-publ-em-21102009\/\">025 &#8211; 21\/10\/2009 Designa Des. Samuel Meira Brasil J\u00fanior como coordenador da Central de Concilia\u00e7\u00e3o de Precat\u00f3rios.<\/a><\/p>\n<p style=\"text-align: justify;\"><a href=\"https:\/\/www.tjes.jus.br\/corregedoria\/index.php\/2017\/02\/14\/resolucao-no-242009-publ-em-24092009-alterada\/\">024 &#8211; 24\/09\/2009 Institui a Central de Concilia\u00e7\u00e3o de Precat\u00f3rios no TJ\/ES &#8211; <span style=\"color: #ff0000;\"><strong>ALTERADA<\/strong><\/span><\/a><\/p>\n<p style=\"text-align: justify;\"><a href=\"https:\/\/www.tjes.jus.br\/corregedoria\/index.php\/2017\/02\/14\/resolucao-no-232009-publ-em-02092009-revogada\/\">023 &#8211; 02\/09\/20092 Aprova a Tabela de temporalidade dos processos judiciais findos do TJES &#8211; <span style=\"color: #ff0000;\"><strong>REVOGADA<\/strong><\/span><\/a><\/p>\n<p style=\"text-align: justify;\"><a href=\"https:\/\/www.tjes.jus.br\/corregedoria\/index.php\/2017\/02\/14\/resolucao-no-222009-publ-em-14082009\/\">022 &#8211; 14\/08\/2009 Cumprimento da Meta Nacional de Nivelamento 02 do CNJ<\/a><\/p>\n<p style=\"text-align: justify;\"><a href=\"https:\/\/www.tjes.jus.br\/corregedoria\/index.php\/2017\/02\/14\/resolucao-no-212009-publ-em-12082009\/\">021 &#8211; 12\/08\/2009 Localiza Des. Namyr Carlos de Souza Filho na 2\u00aa C\u00e2mara C\u00edvel<\/a><\/p>\n<p style=\"text-align: justify;\"><a href=\"https:\/\/www.tjes.jus.br\/corregedoria\/index.php\/2017\/02\/14\/resolucao-no-202009-publ-em-12082009\/\">020 &#8211; 12\/08\/2009 Remove Des. Samuel Meira Brasil Junior para 4\u00aa C\u00e2mara C\u00edvel<\/a><\/p>\n<p style=\"text-align: justify;\"><a href=\"https:\/\/www.tjes.jus.br\/corregedoria\/index.php\/2017\/02\/14\/resolucao-no-192009-publ-em-12082009\/\">019 &#8211; 12\/08\/2009 Remove Des. Catharina M. Novaes Barcellos para 1\u00aa C\u00e2mara Criminal.<\/a><\/p>\n<p style=\"text-align: justify;\"><a href=\"https:\/\/www.tjes.jus.br\/corregedoria\/index.php\/2017\/02\/14\/resolucao-no-182009-publ-07082009\/\">018 &#8211; 07\/08\/2009 Suspende prazos e publica\u00e7\u00f5es no \u00e2mbito do Poder Judici\u00e1rio ES no per\u00edodo de 10 a 14\/08\/2009<\/a><\/p>\n<p style=\"text-align: justify;\"><a href=\"https:\/\/www.tjes.jus.br\/corregedoria\/index.php\/2017\/02\/14\/resolucao-no-172009-publ-em-05082009-revogada\/\">017 &#8211; 05\/08\/2009 Disp\u00f5e sobre concess\u00e3o di\u00e1rias aos Servidores e Magistrados do PJES. &#8211; <span style=\"color: #ff0000;\"><strong>ALTERADA<\/strong><\/span> &#8211;\u00a0<span style=\"color: #ff0000;\"><strong>REVOGADA<\/strong><\/span><\/a><\/p>\n<p style=\"text-align: justify;\"><a href=\"https:\/\/www.tjes.jus.br\/corregedoria\/index.php\/2017\/02\/14\/resolucao-no-162009-publ-em-05082009-revogada\/\">016 &#8211; 05\/08\/2009 Atribui ao 7\u00ba Juizado Esp. C\u00edvel de Vit\u00f3ria a compet\u00eancia nas causas que envolvem empresas de telefonia fixa e m\u00f3vel &#8211;\u00a0<strong><span style=\"color: #ff0000;\">REVOGADA<\/span><\/strong><\/a><\/p>\n<p style=\"text-align: justify;\"><a href=\"https:\/\/www.tjes.jus.br\/corregedoria\/index.php\/2017\/02\/14\/resolucao-no-152009-publ-em-05082009-revogada\/\">015 &#8211; 05\/08\/2009 Disp\u00f5e sobre o Regimento Interno do Colegiado Recursal &#8211; <span style=\"color: #ff0000;\"><strong>ALTERADA<\/strong> <\/span>&#8211;\u00a0<span style=\"color: #ff0000;\"><strong>REVOGADA<\/strong><\/span><\/a><\/p>\n<p style=\"text-align: justify;\"><a href=\"https:\/\/www.tjes.jus.br\/corregedoria\/index.php\/2017\/02\/14\/resolucao-no-142009-conselho-publ-em-04012010\/\">014 (CONSELHO) &#8211; 04\/01\/2010 Autoriza convoca\u00e7\u00e3o de um juiz auxiliar para a Vice-Presid\u00eancia<\/a><\/p>\n<p style=\"text-align: justify;\"><a href=\"https:\/\/www.tjes.jus.br\/corregedoria\/index.php\/2017\/02\/14\/resolucao-no-142009-publ-em-02062009\/\">014 &#8211; 02\/06\/2009 Altera parcialmente banca examinadora Concurso Ju\u00edzes.<\/a><\/p>\n<p style=\"text-align: justify;\"><a href=\"https:\/\/www.tjes.jus.br\/corregedoria\/index.php\/2017\/02\/14\/resolucao-no-132009-publ-em-15052009\/\">013 &#8211; 15\/05\/2009 Altera membros da Comiss\u00e3o Estadual Judici\u00e1ria CEJA\/ES<\/a><\/p>\n<p style=\"text-align: justify;\"><a href=\"https:\/\/www.tjes.jus.br\/corregedoria\/index.php\/2017\/02\/14\/resolucao-no-122009-publ-em-13052009\/\">012 &#8211; 13\/05\/2009 Altera reda\u00e7\u00e3o art. 1\u00ba, item II do edital 01\/08<\/a><\/p>\n<p style=\"text-align: justify;\"><a href=\"https:\/\/www.tjes.jus.br\/corregedoria\/index.php\/2017\/02\/14\/resolucao-no-0112009-publ-em-05052009\/\">011 &#8211; 05\/05\/2009 Revoga a Resolu\u00e7\u00e3o n\u00ba 41\/07, Publicada Dia 01\/10\/07.<\/a><\/p>\n<p style=\"text-align: justify;\"><a href=\"https:\/\/www.tjes.jus.br\/corregedoria\/index.php\/2017\/04\/19\/resolucao-no-102009-conselho-publ-11112009\/\">010 (CONSELHO) &#8211; 11\/11\/2009\u00a0Homologar o concurso p\u00fablico de ingresso na atividade notarial e de registro do Estado do Esp\u00edrito Santo regido pelo Edital n\u00ba 001\/2006 e suas altera\u00e7\u00f5es<\/a><\/p>\n<p style=\"text-align: justify;\"><a href=\"https:\/\/www.tjes.jus.br\/corregedoria\/index.php\/2017\/02\/13\/resolucao-no-102009-publ-em-29042009\/\">010 &#8211; 29\/04\/2009 Disp\u00f5e acerca da distribui\u00e7\u00e3o dos processos vinculados aos Desembargadores<\/a><\/p>\n<p style=\"text-align: justify;\"><a href=\"https:\/\/www.tjes.jus.br\/corregedoria\/index.php\/2017\/02\/13\/resolucao-no-092009-publ-em-23032009\/\">009 &#8211; 23\/03\/2009 Referenda a Resolu\u00e7\u00e3o n\u00ba 08\/09 pub. dia 20\/02\/09<\/a><\/p>\n<p style=\"text-align: justify;\"><a href=\"https:\/\/www.tjes.jus.br\/corregedoria\/index.php\/2017\/02\/13\/resolucao-no-082009-publ-em-20022009-revogada\/\">008 &#8211; 20\/02\/2009 Referente ao plant\u00e3o noturno &#8211; <strong><span style=\"color: #ff0000;\">REVOGADA<\/span><\/strong><\/a><\/p>\n<p style=\"text-align: justify;\"><a href=\"https:\/\/www.tjes.jus.br\/corregedoria\/index.php\/2017\/02\/13\/resolucao-no-072009-publ-em-16022009\/\">007 &#8211; 16\/02\/2009 Reajuste Vale-alimenta\u00e7\u00e3o<\/a>\u00a0&#8211; <span style=\"color: #ff0000;\"><strong>REVOGADA<\/strong><\/span><\/p>\n<p style=\"text-align: justify;\"><a href=\"https:\/\/www.tjes.jus.br\/corregedoria\/index.php\/2017\/02\/13\/resolucao-no-062009-publ-em-16022009-revogada\/\">006 &#8211; 16\/02\/2009 Resolu\u00e7\u00e3o 06\/09 &#8211; Plantao Noturno do TJ &#8211; <strong><span style=\"color: #ff0000;\">REVOGADA<\/span><\/strong><\/a><\/p>\n<p style=\"text-align: justify;\"><a href=\"https:\/\/www.tjes.jus.br\/corregedoria\/index.php\/2017\/02\/13\/resolucao-no-052009-publ-em-16022009\/\">005 &#8211; 16\/02\/2009 Resolu\u00e7\u00e3o 05\/09 &#8211; acrescenta par\u00e1grafos na Resolu\u00e7\u00e3o 22\/08. &#8211; <strong><span style=\"color: #ff0000;\">REVOGADA<\/span><\/strong><\/a><\/p>\n<p style=\"text-align: justify;\"><a href=\"https:\/\/www.tjes.jus.br\/corregedoria\/index.php\/2017\/02\/13\/resolucao-no-042009-publ-em-23012009\/\">004 &#8211; 23\/01\/20009 Altera\u00e7\u00e3o do regimento interno, inciso I do art. 27<\/a><\/p>\n<p style=\"text-align: justify;\"><a href=\"https:\/\/www.tjes.jus.br\/corregedoria\/index.php\/2017\/02\/13\/resolucao-no-032009-publ-em-23012009\/\">003 &#8211; 23\/01\/2009 Redistribui\u00e7\u00e3o processos vinculados ao Des. Frederico G. Pimentel<\/a><\/p>\n<p style=\"text-align: justify;\"><a href=\"https:\/\/www.tjes.jus.br\/corregedoria\/index.php\/2017\/02\/13\/resolucao-no-022009-publ-em-16012009-revogada\/\">002 &#8211; 16\/01\/2009 Convoca\u00e7\u00e3o Ju\u00edzes para Presid\u00eancia, Vice-Presid\u00eancia e Corregedoria &#8211; <span style=\"color: #ff0000;\"><strong>REVOGADA<\/strong><\/span><\/a><\/p>\n<p style=\"text-align: justify;\"><a href=\"https:\/\/www.tjes.jus.br\/corregedoria\/index.php\/2017\/02\/13\/resolucao-no-012009-publ-em-12012009\/\">001 &#8211; 12\/01\/2009 Altera os termos da resolu\u00e7\u00e3o 60\/07 &#8211; Reforma Judici\u00e1ria<\/a><\/p>\n<p style=\"text-align: justify;\"><a href=\"https:\/\/www.tjes.jus.br\/corregedoria\/index.php\/2017\/02\/21\/resolucao-no-012009-conselho-publ-em-07012009\/\">001 (CONSELHO) &#8211; 07\/01\/2009\u00a0Torna sem efeito a Resolu\u00e7\u00e3o n\u00ba 008\/2008, publicada no DJ de 19\/06\/2008<\/a><\/p>\n","protected":false},"excerpt":{"rendered":"<p>ANO DE 2009 049 &#8211; 22\/02\/2010 Aprova o Planejamento Estrat\u00e9gico do PJES, per\u00edodo 2010\/2015 048 &#8211; 21\/12\/2009 Designa Dr. Paulo Roberto Luppi como Coordenador dos Juiz. Inf. e Juventude do ES 047 &#8211; 16\/12\/2009 Institui e regulamenta a assessoria de desenv. institucional como N\u00facleo de Controle Interno do PJ. 046 &#8211; 10\/12\/2009 Remove Des Carlos [&hellip;]<\/p>\n","protected":false},"author":1,"featured_media":0,"parent":4580,"menu_order":0,"comment_status":"closed","ping_status":"closed","template":"","meta":{"footnotes":""},"_links":{"self":[{"href":"https:\/\/www.tjes.jus.br\/corregedoria\/wp-json\/wp\/v2\/pages\/4616"}],"collection":[{"href":"https:\/\/www.tjes.jus.br\/corregedoria\/wp-json\/wp\/v2\/pages"}],"about":[{"href":"https:\/\/www.tjes.jus.br\/corregedoria\/wp-json\/wp\/v2\/types\/page"}],"author":[{"embeddable":true,"href":"https:\/\/www.tjes.jus.br\/corregedoria\/wp-json\/wp\/v2\/users\/1"}],"replies":[{"embeddable":true,"href":"https:\/\/www.tjes.jus.br\/corregedoria\/wp-json\/wp\/v2\/comments?post=4616"}],"version-history":[{"count":13,"href":"https:\/\/www.tjes.jus.br\/corregedoria\/wp-json\/wp\/v2\/pages\/4616\/revisions"}],"predecessor-version":[{"id":14462,"href":"https:\/\/www.tjes.jus.br\/corregedoria\/wp-json\/wp\/v2\/pages\/4616\/revisions\/14462"}],"up":[{"embeddable":true,"href":"https:\/\/www.tjes.jus.br\/corregedoria\/wp-json\/wp\/v2\/pages\/4580"}],"wp:attachment":[{"href":"https:\/\/www.tjes.jus.br\/corregedoria\/wp-json\/wp\/v2\/media?parent=4616"}],"curies":[{"name":"wp","href":"https:\/\/api.w.org\/{rel}","templated":true}]}}