{"id":4618,"date":"2016-08-10T16:58:04","date_gmt":"2016-08-10T19:58:04","guid":{"rendered":"https:\/\/www.tjes.jus.br\/corregedoria\/?page_id=4618"},"modified":"2017-02-21T18:42:19","modified_gmt":"2017-02-21T21:42:19","slug":"resolucoes-tjes-2008","status":"publish","type":"page","link":"https:\/\/www.tjes.jus.br\/corregedoria\/legislacao\/resolucoes-tjes\/resolucoes-tjes-2008\/","title":{"rendered":"Resolu\u00e7\u00f5es TJES &#8211; 2008"},"content":{"rendered":"<h1 style=\"text-align: center;\">ANO DE 2008<\/h1>\n<p style=\"text-align: justify;\"><a href=\"https:\/\/www.tjes.jus.br\/corregedoria\/index.php\/2017\/01\/30\/resolucao-no-342008-publ-em-30122008\/\">034 &#8211; 30\/12\/2008 Afastamento desembargadores<\/a><\/p>\n<p style=\"text-align: justify;\"><a href=\"https:\/\/www.tjes.jus.br\/corregedoria\/index.php\/2017\/01\/30\/resolucao-no-332008-publ-em-22122008\/\">033 &#8211; 22\/12\/2008 Crit\u00e9rios de ocupa\u00e7\u00e3o cargo comissionado ou fun\u00e7\u00e3o gratificada<\/a><\/p>\n<p style=\"text-align: justify;\"><a href=\"https:\/\/www.tjes.jus.br\/corregedoria\/index.php\/2017\/01\/30\/resolucao-no-322008-publ-em-22122008\/\">032 &#8211; 22\/12\/2008 Fica vedada pr\u00e1tica atos por servidores.<\/a><\/p>\n<p style=\"text-align: justify;\"><a href=\"https:\/\/www.tjes.jus.br\/corregedoria\/index.php\/2017\/01\/30\/resolucao-no-312008-publ-em-19122008\/\">031 &#8211; 19\/12\/2008 Terceiriza\u00e7\u00e3o Concursos p\u00fablicos<\/a><\/p>\n<p style=\"text-align: justify;\"><a href=\"https:\/\/www.tjes.jus.br\/corregedoria\/index.php\/2017\/01\/30\/resolucao-no-302008-publ-em-12122008\/\">030 &#8211; 12\/12\/2008 Afastamento desembargadores<\/a><\/p>\n<p style=\"text-align: justify;\"><a href=\"https:\/\/www.tjes.jus.br\/corregedoria\/index.php\/2017\/01\/30\/resolucao-no-292008-publ-em-09122008\/\">029 &#8211; 09\/12\/2008 Regulamenta a atua\u00e7\u00e3o dos Ju\u00edzes de Paz perante as Varas de Fam\u00edlia<\/a><\/p>\n<p style=\"text-align: justify;\"><a href=\"https:\/\/www.tjes.jus.br\/corregedoria\/index.php\/2017\/01\/30\/resolucao-no-282008-publ-em-09122008-republicacao\/\">028 &#8211; 09\/12\/2008 Republica\u00e7ao licen\u00e7a-maternidade<\/a>\u00a0&#8211; <strong><span style=\"color: #ff0000;\">REPUBLICA\u00c7\u00c3O<\/span><\/strong><\/p>\n<p style=\"text-align: justify;\"><a href=\"https:\/\/www.tjes.jus.br\/corregedoria\/index.php\/2017\/01\/30\/resolucao-no-282008-publ-em-04122008\/\">028 &#8211; 04\/12\/2008 Disp\u00f5e sobre licen\u00e7a-maternidade<\/a>\u00a0&#8211; <strong><span style=\"color: #ff0000;\">REPUBLICADO<\/span><\/strong><\/p>\n<p style=\"text-align: justify;\"><a href=\"https:\/\/www.tjes.jus.br\/corregedoria\/index.php\/2017\/01\/30\/resolucao-no-272008-publ-em-06112008\/\">027 &#8211; 06\/11\/2008 Instala\u00e7\u00e3o 2\u00ba Juizado Especial C\u00edvel Guarapari<\/a><\/p>\n<p style=\"text-align: justify;\"><a href=\"https:\/\/www.tjes.jus.br\/corregedoria\/index.php\/2017\/01\/30\/resolucao-no-262008-publ-em-06112008\/\">026 &#8211; 06\/11\/2008 Instala\u00e7\u00e3o Vara da fazenda P\u00fablica Estadual, Municipal Registro P\u00fablico<\/a><\/p>\n<p style=\"text-align: justify;\"><a href=\"https:\/\/www.tjes.jus.br\/corregedoria\/index.php\/2017\/01\/30\/resolucao-no-252008-publ-em-14112008-republicacao\/\">025 &#8211; 30\/10\/2008 Institui o recesso forense 20\/12\/08 \u00e0 06\/01\/09<\/a>\u00a0&#8211; <strong><span style=\"color: #ff0000;\">REPUBLICA\u00c7\u00c3O<\/span><\/strong><\/p>\n<p style=\"text-align: justify;\"><a href=\"https:\/\/www.tjes.jus.br\/corregedoria\/index.php\/2017\/01\/30\/resolucao-no-0252008-publ-em-30102008\/\">025 &#8211; 14\/11\/2008 Institui o recesso forense 20\/12 \u00e0 06\/01<\/a>\u00a0&#8211; <strong><span style=\"color: #ff0000;\">REPUBLICADO<\/span><\/strong><\/p>\n<p style=\"text-align: justify;\"><a href=\"https:\/\/www.tjes.jus.br\/corregedoria\/index.php\/2017\/01\/30\/resolucao-no-242008-publ-em-15102008\/\">024 -15\/10\/2008 Altera dispositivos da Resolu\u00e7\u00e3o n\u00ba 24\/99 &#8211; Atribui\u00e7\u00e3o b\u00e1sica da Ouvidoria Judici\u00e1ria<\/a><\/p>\n<p style=\"text-align: justify;\"><a href=\"https:\/\/www.tjes.jus.br\/corregedoria\/index.php\/2017\/01\/30\/resolucao-no-232008-publ-em-06102008\/\">023 &#8211; 06\/10\/2008 Compet\u00eancia da 11\u00aa Vara Criminal (Juiz.Viol\u00eancia Dom\u00e9stica e familiar contra a mulher)<\/a><\/p>\n<p style=\"text-align: justify;\"><a href=\"https:\/\/www.tjes.jus.br\/corregedoria\/index.php\/2017\/01\/27\/resolucao-no-222008-publ-em-06102008-revogada\/\">022 &#8211; 06\/10\/2008 Disp\u00f5e sobre o plant\u00e3o judici\u00e1rio &#8211; <strong><span style=\"color: #ff0000;\">REVOGADA<\/span><\/strong><\/a><\/p>\n<p style=\"text-align: justify;\"><a href=\"https:\/\/www.tjes.jus.br\/corregedoria\/index.php\/2017\/01\/27\/resolucao-no-212008-publ-em-06102008\/\">021 &#8211; 06\/10\/2008 Suspender prazos e publica\u00e7\u00f5es no per\u00edodo de 11 a 15\/11\/08<\/a><\/p>\n<p style=\"text-align: justify;\"><a href=\"https:\/\/www.tjes.jus.br\/corregedoria\/index.php\/2017\/01\/27\/resolucao-no-202008-publ-em-06102008\/\">020 &#8211; 06\/10\/2008 Institui Projeto Justi\u00e7a Comunit\u00e1ria no Poder Judici\u00e1rio<\/a><\/p>\n<p style=\"text-align: justify;\"><a href=\"https:\/\/www.tjes.jus.br\/corregedoria\/index.php\/2017\/01\/27\/resolucao-no-192008-publ-em-17102008-alterada\/\">019 &#8211; 17\/10\/2008 Institui o Di\u00e1rio Eletr\u00f4nico da Justi\u00e7a do ES &#8211; <span style=\"color: #ff0000;\"><strong>REPUBLICA\u00c7\u00c3O<\/strong> <\/span>&#8211; <strong><span style=\"color: #ff0000;\">ALTERADA<\/span><\/strong><\/a><\/p>\n<p style=\"text-align: justify;\"><a href=\"https:\/\/www.tjes.jus.br\/corregedoria\/index.php\/2017\/01\/27\/resolucao-no-192008-publ-em-06102008-republicada\/\">019 &#8211; 06\/10\/2008 Institui o Di\u00e1rio Eletr\u00f4nico da Justi\u00e7a do ES &#8211;\u00a0<strong><span style=\"color: #ff0000;\">R<\/span><\/strong><\/a><strong><span style=\"color: #ff0000;\">EPUBLICADA<\/span><\/strong><\/p>\n<p style=\"text-align: justify;\"><a href=\"https:\/\/www.tjes.jus.br\/corregedoria\/index.php\/2017\/01\/27\/resolucao-no-182008-publ-em-29092008-alterada\/\">018 &#8211; 29\/09\/2008 Designa\u00e7\u00e3o\/destitui\u00e7\u00e3o de chefe de secretaria, contadoria, col\u00e9gio recursal &#8211; <strong><span style=\"color: #ff0000;\">ALTERADA<\/span><\/strong><\/a><\/p>\n<p style=\"text-align: justify;\"><a href=\"https:\/\/www.tjes.jus.br\/corregedoria\/index.php\/2017\/01\/27\/resolucao-no-172008-publ-em-29092008\/\">017 &#8211; 29\/09\/2008 Altera o valor da di\u00e1ria da indeniza\u00e7\u00e3o de transportes dos Oficiais de Justi\u00e7a.<\/a><\/p>\n<p style=\"text-align: justify;\"><a href=\"https:\/\/www.tjes.jus.br\/corregedoria\/index.php\/2017\/01\/27\/resolucao-no-152008-publ-em-17092008\/\">015 &#8211; 17\/09\/2008 Constitui Comiss\u00e3o para estudos Plano de Cargos e Sal\u00e1rios &#8211; <strong><span style=\"color: #ff0000;\">REVOGADA<\/span><\/strong><\/a><\/p>\n<p style=\"text-align: justify;\"><a href=\"https:\/\/www.tjes.jus.br\/corregedoria\/index.php\/2017\/01\/27\/resolucao-no-142008-publ-em-15092008\/\">014 &#8211; 15\/09\/2008 Disp\u00f5e sobre a desanexa\u00e7\u00e3o serventias extrajudicais do ES<\/a><\/p>\n<p style=\"text-align: justify;\"><a href=\"https:\/\/www.tjes.jus.br\/corregedoria\/index.php\/2017\/01\/27\/resolucao-no-132008-publ-em-29082008-republicacao\/\">013 &#8211; 29\/08\/2008 Institui Colegiado Especial de magistrados de Execu\u00e7\u00e3o Penal &#8211; CEMEP &#8211;\u00a0<\/a><strong><span style=\"color: #ff0000;\">REPUBLICA\u00c7\u00c3O<\/span><\/strong><\/p>\n<p style=\"text-align: justify;\"><a href=\"https:\/\/www.tjes.jus.br\/corregedoria\/index.php\/2017\/01\/27\/resolucao-no-132008-publ-em-26082008\/\">013 &#8211; 26\/08\/2008 Institui Colegiado Especial de magistrados de Execu\u00e7\u00e3o Penal &#8211; CEMEP<\/a>\u00a0&#8211; <strong><span style=\"color: #ff0000;\">REPUBLICADA<\/span><\/strong><\/p>\n<p style=\"text-align: justify;\"><a href=\"https:\/\/www.tjes.jus.br\/corregedoria\/index.php\/2017\/01\/27\/resolucao-no-122008-publ-em-14082008\/\">012 &#8211; 14\/08\/2008 Institui contracheque on line<\/a><\/p>\n<p style=\"text-align: justify;\"><a href=\"https:\/\/www.tjes.jus.br\/corregedoria\/index.php\/2017\/01\/27\/resolucao-no-112008-publ-em-08082008\/\">011 &#8211; 08\/08\/2008 Suspende prazos e publica\u00e7\u00f5es no \u00e2mbito do Poder Judici\u00e1rio do ES de 11 a 16\/08\/08.<\/a><\/p>\n<p style=\"text-align: justify;\"><a href=\"https:\/\/www.tjes.jus.br\/corregedoria\/index.php\/2017\/01\/27\/resolucao-no-102008-publ-em-11072008\/\">010 &#8211; 11\/07\/2008 Altera resolu\u00e7\u00e3o 46\/06, compensa\u00e7\u00e3o em dobro p\/ os dias trabalhados na Justi\u00e7a Comunit\u00e1ria<\/a>\u00a0&#8211; <span style=\"color: #ff0000;\"><strong>ALTERADA<\/strong><\/span><\/p>\n<p style=\"text-align: justify;\"><a href=\"https:\/\/www.tjes.jus.br\/corregedoria\/index.php\/2017\/01\/27\/resolucao-no-092008-publ-em-23062008\/\">009 &#8211; 23\/06\/2008 Instala\u00e7\u00e3o 11\u00aa criminal de Vit\u00f3ria (Juiz. Viol\u00eancia Dom\u00e9stica e familiar contra a Mulher)<\/a><\/p>\n<p style=\"text-align: justify;\"><a href=\"https:\/\/www.tjes.jus.br\/corregedoria\/index.php\/2017\/01\/27\/resolucao-no-082008-publ-em-19062008\/\">008 &#8211; 19\/06\/2008 Instala\u00e7\u00e3o de mais 01 (um) Cart\u00f3rio 1\u00ba Of\u00edcio em Cariacica<\/a>\u00a0&#8211; <span style=\"color: #ff0000;\"><strong>SEM EFEITO<\/strong><\/span><\/p>\n<p style=\"text-align: justify;\"><a href=\"https:\/\/www.tjes.jus.br\/corregedoria\/index.php\/2017\/01\/27\/resolucao-no-072008-publ-em-15052008\/\">007 &#8211; 15\/05\/2008 Constitui Comiss\u00e3o provis\u00f3ria Concurso Juiz Substituto<\/a><\/p>\n<p style=\"text-align: justify;\"><a href=\"https:\/\/www.tjes.jus.br\/corregedoria\/index.php\/2017\/01\/27\/resolucao-no-062008-publ-em-07042008\/\">006 &#8211; 07\/04\/2008 Revoga a resolu\u00e7\u00e3o 52\/06 referente licen\u00e7a m\u00e9dica<\/a><\/p>\n<p style=\"text-align: justify;\"><a href=\"https:\/\/www.tjes.jus.br\/corregedoria\/index.php\/2017\/01\/27\/resolucao-no-052008-publ-em-29022008\/\">005 &#8211; 29\/02\/2008 Valor vale alimenta\u00e7ao R$ 23,63.<\/a>\u00a0&#8211; <span style=\"color: #ff0000;\"><strong>REVOGADA<\/strong><\/span><\/p>\n<p style=\"text-align: justify;\"><a href=\"https:\/\/www.tjes.jus.br\/corregedoria\/index.php\/2017\/01\/27\/resolucao-no-042008-publ-em-29012008\/\">004 &#8211; 29\/01\/2008 Instaura Proc. Administrativo n\u00ba 100060035803<\/a><\/p>\n<p style=\"text-align: justify;\"><a href=\"https:\/\/www.tjes.jus.br\/corregedoria\/index.php\/2017\/01\/27\/resolucao-no-032008-publ-em-28012008\/\">003 &#8211; 28\/01\/2008 Suspende efeitos da Resolu\u00e7\u00e3o 62\/07 pub. dia26,27 e 28\/12\/07 e 02 e 03\/01\/08<\/a><\/p>\n<p style=\"text-align: justify;\"><a href=\"https:\/\/www.tjes.jus.br\/corregedoria\/index.php\/2017\/01\/27\/resolucao-no-022008-publ-em-28012008\/\">002 &#8211; 28\/01\/2008 Suspende os efeitos da resolu\u00e7\u00e3o 44\/06 pub. dia 15\/08\/06<\/a><\/p>\n<p style=\"text-align: justify;\"><a href=\"https:\/\/www.tjes.jus.br\/corregedoria\/index.php\/2017\/01\/27\/resolucao-no-012008-publ-em-25012008\/\">001 &#8211; 25\/01\/2008 Concess\u00e3o di\u00e1rias aos Servidores e Magistrados do Poder Judici\u00e1rio<\/a>\u00a0&#8211; <span style=\"color: #ff0000;\"><strong>REVOGADA<\/strong><\/span><\/p>\n","protected":false},"excerpt":{"rendered":"<p>ANO DE 2008 034 &#8211; 30\/12\/2008 Afastamento desembargadores 033 &#8211; 22\/12\/2008 Crit\u00e9rios de ocupa\u00e7\u00e3o cargo comissionado ou fun\u00e7\u00e3o gratificada 032 &#8211; 22\/12\/2008 Fica vedada pr\u00e1tica atos por servidores. 031 &#8211; 19\/12\/2008 Terceiriza\u00e7\u00e3o Concursos p\u00fablicos 030 &#8211; 12\/12\/2008 Afastamento desembargadores 029 &#8211; 09\/12\/2008 Regulamenta a atua\u00e7\u00e3o dos Ju\u00edzes de Paz perante as Varas de Fam\u00edlia 028 [&hellip;]<\/p>\n","protected":false},"author":1,"featured_media":0,"parent":4580,"menu_order":0,"comment_status":"closed","ping_status":"closed","template":"","meta":{"footnotes":""},"_links":{"self":[{"href":"https:\/\/www.tjes.jus.br\/corregedoria\/wp-json\/wp\/v2\/pages\/4618"}],"collection":[{"href":"https:\/\/www.tjes.jus.br\/corregedoria\/wp-json\/wp\/v2\/pages"}],"about":[{"href":"https:\/\/www.tjes.jus.br\/corregedoria\/wp-json\/wp\/v2\/types\/page"}],"author":[{"embeddable":true,"href":"https:\/\/www.tjes.jus.br\/corregedoria\/wp-json\/wp\/v2\/users\/1"}],"replies":[{"embeddable":true,"href":"https:\/\/www.tjes.jus.br\/corregedoria\/wp-json\/wp\/v2\/comments?post=4618"}],"version-history":[{"count":10,"href":"https:\/\/www.tjes.jus.br\/corregedoria\/wp-json\/wp\/v2\/pages\/4618\/revisions"}],"predecessor-version":[{"id":11864,"href":"https:\/\/www.tjes.jus.br\/corregedoria\/wp-json\/wp\/v2\/pages\/4618\/revisions\/11864"}],"up":[{"embeddable":true,"href":"https:\/\/www.tjes.jus.br\/corregedoria\/wp-json\/wp\/v2\/pages\/4580"}],"wp:attachment":[{"href":"https:\/\/www.tjes.jus.br\/corregedoria\/wp-json\/wp\/v2\/media?parent=4618"}],"curies":[{"name":"wp","href":"https:\/\/api.w.org\/{rel}","templated":true}]}}