{"id":4620,"date":"2016-08-10T16:59:07","date_gmt":"2016-08-10T19:59:07","guid":{"rendered":"https:\/\/www.tjes.jus.br\/corregedoria\/?page_id=4620"},"modified":"2018-02-05T10:37:40","modified_gmt":"2018-02-05T12:37:40","slug":"resolucoes-tjes-2007","status":"publish","type":"page","link":"https:\/\/www.tjes.jus.br\/corregedoria\/legislacao\/resolucoes-tjes\/resolucoes-tjes-2007\/","title":{"rendered":"Resolu\u00e7\u00f5es TJES &#8211; 2007"},"content":{"rendered":"<h1 style=\"text-align: center;\">ANO DE 2007<\/h1>\n<p style=\"text-align: justify;\"><a href=\"https:\/\/www.tjes.jus.br\/corregedoria\/index.php\/2017\/01\/27\/resolucao-no-622007-publ-em-26122007-alterada\/\">062 &#8211; 26\/12\/2007 Plant\u00e3o ininterrupto do Poder Judici\u00e1rio. &#8211; <strong><span style=\"color: #ff0000;\">ALTERADA<\/span><\/strong><\/a><\/p>\n<p style=\"text-align: justify;\"><a href=\"https:\/\/www.tjes.jus.br\/corregedoria\/index.php\/2017\/01\/27\/resolucao-no-612007-publ-em-19122007\/\">061 &#8211; 19\/12\/2007 Autoriza instala\u00e7\u00e3o Vara Inf\u00e2ncia e Juventude e 2\u00ba Juiz Esp C\u00edvel S\u00e3o Mateus<\/a><\/p>\n<p style=\"text-align: justify;\"><a href=\"https:\/\/www.tjes.jus.br\/corregedoria\/index.php\/2017\/01\/27\/resolucao-no-602007-publ-em-11122007-alterada\/\">060 &#8211; 11\/12\/2007 Constitui Comiss\u00f5es de REFORMA JUDICI\u00c1RIA e de REGIMENTO INTERNO 2008\/09 &#8211; <strong><span style=\"color: #ff0000;\">ALTERADA<\/span><\/strong><\/a><\/p>\n<p style=\"text-align: justify;\"><a href=\"https:\/\/www.tjes.jus.br\/corregedoria\/index.php\/2017\/01\/27\/resolucao-no-592007-publ-em-11122007\/\">059 &#8211; 11\/12\/2007 Remove Desembargador para a 3\u00aa C\u00e2mara C\u00edvel<\/a><\/p>\n<p style=\"text-align: justify;\"><a href=\"https:\/\/www.tjes.jus.br\/corregedoria\/index.php\/2017\/01\/27\/resolucao-no-582007-publ-em-11122007\/\">058 &#8211; 11\/12\/2007 Remove Desembargador para a 1\u00aa C\u00e2mara C\u00edvel<\/a><\/p>\n<p style=\"text-align: justify;\"><a href=\"https:\/\/www.tjes.jus.br\/corregedoria\/index.php\/2017\/01\/27\/resolucao-no-572007-publ-em-11122007\/\">057 &#8211; 11\/12\/2007 Remove Desembargador para a 2\u00aa C\u00e2mara C\u00edvel<\/a><\/p>\n<p style=\"text-align: justify;\"><a href=\"https:\/\/www.tjes.jus.br\/corregedoria\/index.php\/2017\/01\/27\/resolucao-no-562007-publ-em-11122007\/\">056 &#8211; 11\/12\/2007 Declara Vice-Corregedor Geral de Justi\u00e7a para Bi\u00eanio 2008\/2009<\/a><\/p>\n<p style=\"text-align: justify;\"><a href=\"https:\/\/www.tjes.jus.br\/corregedoria\/index.php\/2017\/01\/27\/resolucao-no-552007-publ-em-11122007\/\">055 &#8211; 11\/12\/2007 Declara os eleitos para compor o Conselho da Magistratura Bi\u00eanio 2008\/2009<\/a><\/p>\n<p style=\"text-align: justify;\"><a href=\"https:\/\/www.tjes.jus.br\/corregedoria\/index.php\/2017\/01\/27\/resolucao-no-542007-publ-em-11122007\/\">054 &#8211; 11\/12\/2007 Declara os eleitos para compor a Mesa Diretora Bi\u00eanio 2008\/2009<\/a><\/p>\n<p style=\"text-align: justify;\"><a href=\"https:\/\/www.tjes.jus.br\/corregedoria\/index.php\/2017\/01\/27\/resolucao-no-532007-publ-em-03122007\/\">053 &#8211; 03\/12\/2007 Disciplina Concess\u00e3o de Licen\u00e7a Maternidade \u00e0s gestantes<\/a><\/p>\n<p style=\"text-align: justify;\"><a href=\"https:\/\/www.tjes.jus.br\/corregedoria\/index.php\/2017\/01\/27\/resolucao-no-522007-publ-em-26112007\/\">052 &#8211; 26\/11\/2007 Referenda a Resolu\u00e7\u00e3o 49\/07 pub. 21\/11\/07<\/a><\/p>\n<p style=\"text-align: justify;\"><a href=\"https:\/\/www.tjes.jus.br\/corregedoria\/index.php\/2017\/01\/27\/resolucao-no-512007-publ-em-26112007\/\">051 &#8211; 26\/11\/2007 Estabelece compet\u00eancia a 4\u00aa criminal de Cachoeiro de Itapemirim<\/a><\/p>\n<p style=\"text-align: justify;\"><a href=\"https:\/\/www.tjes.jus.br\/corregedoria\/index.php\/2017\/01\/27\/resolucao-no-502007-publ-em-26112007\/\">050 &#8211; 26\/11\/2007 Revoga a Resolu\u00e7\u00e3o 77\/05 (Cartas Precat\u00f3rias Aracruz)<\/a><\/p>\n<p style=\"text-align: justify;\"><a href=\"https:\/\/www.tjes.jus.br\/corregedoria\/index.php\/2017\/01\/27\/resolucao-no-492007-publ-em-21112007\/\">049 &#8211; 21\/11\/2007 Atribui ao 3\u00ba Juiz Esp Criminal de Vit\u00f3ria compet\u00eancia p\/ julgar feitos sobre drogas.<\/a>\u00a0&#8211; <span style=\"color: #ff0000;\"><strong>REVOGADA<\/strong><\/span><\/p>\n<p style=\"text-align: justify;\"><a href=\"https:\/\/www.tjes.jus.br\/corregedoria\/index.php\/2017\/01\/27\/resolucao-no-482007-publ-em-29102007\/\">048 &#8211; 29\/10\/2007 Institui recesso forense 20\/12\/07 \u00e0 05\/01\/08.<\/a><\/p>\n<p style=\"text-align: justify;\"><a href=\"https:\/\/www.tjes.jus.br\/corregedoria\/index.php\/2017\/01\/27\/resolucao-no-472007-publ-em-29102007\/\">047 &#8211; 29\/10\/2007 Referenda a Resolu\u00e7\u00e3o 45\/07<\/a><\/p>\n<p style=\"text-align: justify;\"><a href=\"https:\/\/www.tjes.jus.br\/corregedoria\/index.php\/2017\/01\/27\/resolucao-no-462007-publ-em-29102007\/\">046 &#8211; 29\/10\/2007 Referenda a Emenda Regimental 03\/07<\/a><\/p>\n<p style=\"text-align: justify;\"><a href=\"https:\/\/www.tjes.jus.br\/corregedoria\/index.php\/2017\/01\/27\/resolucao-no-452007-publ-em-23102007\/\">045 &#8211; 23\/10\/2007 Define a lota\u00e7\u00e3o dos novos Desembargadores nas C\u00e2maras Isoladas e d\u00e1 outras provid\u00eancias<\/a><\/p>\n<p style=\"text-align: justify;\"><a href=\"https:\/\/www.tjes.jus.br\/corregedoria\/index.php\/2017\/01\/27\/resolucao-no-442007-publ-em-23102007\/\">044 &#8211; 23\/10\/2007 Modifica a compet\u00eancia do 5\u00ba Juiz. Esp. C\u00edvel de Vit\u00f3ria<\/a><\/p>\n<p style=\"text-align: justify;\"><a href=\"https:\/\/www.tjes.jus.br\/corregedoria\/index.php\/2017\/01\/27\/resolucao-no-432007-publ-em-17102007\/\">043 &#8211; 17\/10\/2007 Instala\u00e7\u00e3o do 4\u00ba Juiz. Esp. C\u00edvel de Vila Velha<\/a><\/p>\n<p style=\"text-align: justify;\"><a href=\"https:\/\/www.tjes.jus.br\/corregedoria\/index.php\/2017\/01\/27\/resolucao-no-422007-publ-em-01102007\/\">042 &#8211; 01\/10\/2007 Disciplina a utiliza\u00e7\u00e3o do N\u00facleo de Apoio localizado na entrada do Complexo Prisional de Viana<\/a><\/p>\n<p style=\"text-align: justify;\"><a href=\"https:\/\/www.tjes.jus.br\/corregedoria\/index.php\/2017\/01\/27\/resolucao-no-412007-publ-em-01102007-revogada\/\">041 &#8211; 01\/10\/2007 Declara inexistente d\u00e9bitos de contribui\u00e7\u00e3o previdenci\u00e1ria de magistrados &#8211; <span style=\"color: #ff0000;\"><strong>REVOGADA<\/strong><\/span><\/a><\/p>\n<p style=\"text-align: justify;\"><a href=\"https:\/\/www.tjes.jus.br\/corregedoria\/index.php\/2017\/01\/27\/resolucao-no-402007-publ-em-24092007\/\">040 &#8211; 24\/09\/2007 Referenda a Resolu\u00e7\u00e3o n\u00ba 32\/07<\/a><\/p>\n<p style=\"text-align: justify;\"><a href=\"https:\/\/www.tjes.jus.br\/corregedoria\/index.php\/2017\/01\/27\/resolucao-no-392007-publ-em-20092007\/\">039 &#8211; 20\/09\/2007 Suspende, temporariamente a autoriza\u00e7\u00e3o e pagamento servi\u00e7os ext (hora extra) a servidores<\/a><\/p>\n<p style=\"text-align: justify;\"><a href=\"https:\/\/www.tjes.jus.br\/corregedoria\/index.php\/2017\/01\/27\/resolucao-no-382007-publ-em-11092007\/\">038 &#8211; 11\/09\/2007 Denomina\u00a0de \u201cDes. L\u00daCIO VASCONCELLOS DE OLIVEIRA\u201d o pr\u00e9dio do N\u00facleo Administrativo do TJ<\/a><\/p>\n<p style=\"text-align: justify;\"><a href=\"https:\/\/www.tjes.jus.br\/corregedoria\/index.php\/2017\/01\/27\/resolucao-no-372007-publ-em-11092007\/\">037 &#8211; 11\/09\/2007 Institui Crit\u00e9rios Concess\u00e3o autoriza\u00e7\u00e3o aos Magistrados residirem fora da Comarca que jurisdicionam<\/a><\/p>\n<p style=\"text-align: justify;\"><a href=\"https:\/\/www.tjes.jus.br\/corregedoria\/index.php\/2017\/01\/27\/resolucao-no-362007-publ-em-11092007\/\">036 &#8211; 11\/09\/2007 Altera\u00e7\u00e3o do Valor do Vale Alimenta\u00e7\u00e3o p\/ R$ 20,50 por vale<\/a>\u00a0&#8211; <strong><span style=\"color: #ff0000;\">REVOGADA<\/span><\/strong><\/p>\n<p style=\"text-align: justify;\"><a href=\"https:\/\/www.tjes.jus.br\/corregedoria\/index.php\/2017\/01\/27\/resolucao-no-352007-publ-em-11092007\/\">035 &#8211; 11\/09\/2007 Autoriza instala\u00e7\u00e3o Vara da Inf\u00e2ncia e Juventude de Aracruz.<\/a><\/p>\n<p style=\"text-align: justify;\"><a href=\"https:\/\/www.tjes.jus.br\/corregedoria\/index.php\/2017\/01\/27\/resolucao-no-342007-publ-em-11092007\/\">034 &#8211; 11\/09\/2007 Autoriza a Instala\u00e7\u00e3o 2\u00aa Vara da fazenda P\u00fablica Estadual Privativa das Execu\u00e7\u00f5es Fiscais Vit\u00f3ria<\/a><\/p>\n<p style=\"text-align: justify;\"><a href=\"https:\/\/www.tjes.jus.br\/corregedoria\/index.php\/2017\/01\/27\/resolucao-no-332007-publ-em-11092007\/\">033 &#8211; 11\/09\/2007 Autoriza Instala\u00e7\u00e3o 3\u00aa Turma recursal da Capital dos Juizados Especiais<\/a><\/p>\n<p style=\"text-align: justify;\"><a href=\"https:\/\/www.tjes.jus.br\/corregedoria\/index.php\/2017\/01\/27\/resolucao-no-322007-publ-em-10092007\/\">032- 10\/09\/2007 Revoga Resolu\u00e7\u00e3o n\u00ba 27\/2007<\/a><\/p>\n<p style=\"text-align: justify;\"><a href=\"https:\/\/www.tjes.jus.br\/corregedoria\/index.php\/2017\/01\/27\/resolucao-no-312007-publ-em-23082007\/\">031 &#8211; 23\/08\/2007 Instala\u00e7\u00e3o 2\u00aa Vara criminal de Barra de S\u00e3o Francisco.<\/a><\/p>\n<p style=\"text-align: justify;\"><a href=\"https:\/\/www.tjes.jus.br\/corregedoria\/index.php\/2017\/01\/27\/resolucao-no-302007-publ-em-14082007\/\">030 &#8211; 14\/08\/2007 Denomina de Des. Annibal de Athayde Lima O pr\u00e9dio do Centro Avan\u00e7ado dos Juiz Esp Vit\u00f3ria<\/a><\/p>\n<p style=\"text-align: justify;\"><a href=\"https:\/\/www.tjes.jus.br\/corregedoria\/index.php\/2017\/01\/27\/resolucao-no-292007-publ-em-30072007\/\">029 &#8211; 30\/07\/2007 Referenda a resol. 26\/07 pub. dia 26\/07\/07 &#8211; Indeniza\u00e7\u00e3o transposte Oficial Justi\u00e7a<\/a><\/p>\n<p style=\"text-align: justify;\"><a href=\"https:\/\/www.tjes.jus.br\/corregedoria\/index.php\/2017\/01\/27\/resolucao-no-282007-publ-em-30072007\/\">028 &#8211; 30\/07\/207 Suspende prazos e publica\u00e7\u00f5es no \u00e2mbito do Poder Judici\u00e1rio de 06 a 11\/08\/07<\/a><\/p>\n<p style=\"text-align: justify;\"><a href=\"https:\/\/www.tjes.jus.br\/corregedoria\/index.php\/2017\/01\/27\/resolucao-no-272007-publ-em-30072007\/\">027 &#8211; 30\/07\/2007 Determina que Cartas Precat\u00f3rias se efetivem \u00e0 1\u00aa Vara Criminal de Linhares &#8211;\u00a0<span style=\"color: #ff0000;\"><strong>REVOGADA<\/strong><\/span><\/a><\/p>\n<p style=\"text-align: justify;\"><a href=\"https:\/\/www.tjes.jus.br\/corregedoria\/index.php\/2017\/01\/27\/resolucao-no-262007-publ-em-26072007\/\">026 &#8211; 26\/07\/2007 D\u00e1 nova reda\u00e7\u00e3o ao artigo 3\u00ba da Resolu\u00e7\u00e3o n\u00ba 014\/2001, para corrigir o valor da indeniza\u00e7\u00e3o de transporte<\/a><\/p>\n<p style=\"text-align: justify;\"><a href=\"https:\/\/www.tjes.jus.br\/corregedoria\/index.php\/2017\/01\/27\/resolucao-no-252007-publ-em-26072007\/\">025 &#8211; 26\/07\/2007 Disp\u00f5e sobre a concess\u00e3o de di\u00e1rias aos servidores e magistrados do Poder Judici\u00e1rio e revoga as Resolu\u00e7\u00f5es n\u00ba 017\/2003, n\u00ba 048\/2006 e n\u00ba 051\/2006 &#8211; <strong><span style=\"color: #ff0000;\">ALTERADA<\/span><\/strong><\/a>\u00a0&#8211; <span style=\"color: #ff0000;\"><strong>REVOGADA<\/strong><\/span><\/p>\n<p style=\"text-align: justify;\"><a href=\"https:\/\/www.tjes.jus.br\/corregedoria\/index.php\/2017\/01\/27\/resolucao-no-242007-publ-em-09072007\/\">024 &#8211; 09\/07\/2007 Instala\u00e7\u00e3o 7\u00ba Juizado Especial C\u00edvel Vit\u00f3ria<\/a><\/p>\n<p style=\"text-align: justify;\"><a href=\"https:\/\/www.tjes.jus.br\/corregedoria\/index.php\/2017\/01\/27\/resolucao-no-232007-publ-em-04072007\/\">023 &#8211; 04\/07\/2007 Constitui Comiss\u00e3o p\/ estudos Plano de Carreira e Vencimentos Servidores.<\/a><\/p>\n<p style=\"text-align: justify;\"><a href=\"https:\/\/www.tjes.jus.br\/corregedoria\/index.php\/2017\/01\/27\/resolucao-no-222007-publ-em-04072007\/\">022 &#8211; 04\/07\/2007 Elege Des. Elp\u00eddio Jos\u00e9 Duque para o cargo de Ouvidor.<\/a><\/p>\n<p style=\"text-align: justify;\"><a href=\"https:\/\/www.tjes.jus.br\/corregedoria\/index.php\/2017\/01\/27\/resolucao-no-212007-publ-em-27062007\/\">021 &#8211; 27-06\/2007 Instala\u00e7\u00e3o da 2\u00aa Vara Criminal de Linhares<\/a><\/p>\n<p style=\"text-align: justify;\"><a href=\"https:\/\/www.tjes.jus.br\/corregedoria\/index.php\/2017\/01\/26\/resolucao-no-202007-publ-em-27062007\/\">020 &#8211; 27\/06\/2007 Instala\u00e7\u00e3o do 6\u00ba Juizado Especial C\u00edvel de Vit\u00f3ria<\/a><\/p>\n<p style=\"text-align: justify;\"><a href=\"https:\/\/www.tjes.jus.br\/corregedoria\/index.php\/2017\/01\/26\/resolucao-no-182007-publ-em-18062007\/\">018 &#8211; 18\/06\/2007 Autoriza a instala\u00e7\u00e3o da 6\u00aa Vara Criminal da Serra.<\/a><\/p>\n<p style=\"text-align: justify;\"><a href=\"https:\/\/www.tjes.jus.br\/corregedoria\/index.php\/2017\/01\/26\/resolucao-no-172007-publ-em-15062007\/\">017 &#8211; 15\/06\/2007 Autoriza a Instala\u00e7\u00e3o da 4\u00aa Vara Criminal de Cachoeiro de Itapemirim<\/a><\/p>\n<p style=\"text-align: justify;\"><a href=\"https:\/\/www.tjes.jus.br\/corregedoria\/index.php\/2017\/01\/26\/resolucao-no-162007-publ-em-06062007\/\">016 &#8211; 06\/06\/2007 Instala\u00e7\u00e3o 4\u00aa Vara Criminal de Colatina<\/a><\/p>\n<p style=\"text-align: justify;\"><a href=\"https:\/\/www.tjes.jus.br\/corregedoria\/index.php\/2017\/01\/26\/resolucao-no-152007-publ-em-24052007\/\">015 &#8211; 24\/05\/2007 Autoriza instala\u00e7\u00e3o 3\u00aa Vara Criminal Guarapari<\/a><\/p>\n<p style=\"text-align: justify;\"><a href=\"https:\/\/www.tjes.jus.br\/corregedoria\/index.php\/2017\/01\/26\/resolucao-no-142007-publ-em-18052007\/\">014 &#8211; 18\/05\/2007 Referenda a Resol. 13\/07.<\/a><\/p>\n<p style=\"text-align: justify;\"><a href=\"https:\/\/www.tjes.jus.br\/corregedoria\/index.php\/2017\/01\/26\/resolucao-no-0132007-publ-em-04052007\/\">013 &#8211; 04\/05\/2007 Compet\u00eancia provis\u00f3ria, territorial ao 1\u00ba Juiz. Esp. C\u00edvel de Vila Velha adjunto \u00e0 UVV<\/a><\/p>\n<p style=\"text-align: justify;\"><a href=\"https:\/\/www.tjes.jus.br\/corregedoria\/index.php\/2017\/01\/26\/resolucao-n-0122007-publ-em-18042007\/\" target=\"_blank\" rel=\"noopener\">012 &#8211; 18\/04\/2007 Utiliza\u00e7\u00e3o dos ativos de inform\u00e1tica, pol\u00edtica de acesso e Seguran\u00e7a \u00e2mbito Poder Judici\u00e1rio<\/a>\u00a0&#8211; <span style=\"color: #ff0000;\"><strong>REVOGADA<\/strong><\/span><\/p>\n<p style=\"text-align: justify;\"><a href=\"https:\/\/www.tjes.jus.br\/corregedoria\/index.php\/2017\/01\/26\/resolucao-no-112007-publ-em-18042007\/\">011 &#8211; 18\/04\/2007 Regulamenta a elimina\u00e7\u00e3o processos findos nos Juiz. Especiais. &#8211; <strong><span style=\"color: #ff0000;\">REVOGADA<\/span><\/strong><\/a><\/p>\n<p style=\"text-align: justify;\"><a href=\"https:\/\/www.tjes.jus.br\/corregedoria\/index.php\/2017\/01\/26\/resolucao-no-0102007-publ-em-19032007\/\">010 &#8211; 19\/03\/2007 Acrescenta curso Ci\u00eancias Sociais no rol art. 5\u00ba da Resol. 04\/02<\/a><\/p>\n<p style=\"text-align: justify;\"><a href=\"https:\/\/www.tjes.jus.br\/corregedoria\/index.php\/2017\/01\/26\/resolucao-no-092007-publ-em-19032007\/\">009 &#8211; 19\/03\/2007 Referenda a Resol. 08\/07 pub. DJ dia 08\/03\/07 &#8211; encerra atividades Juiz.Esp. Civ. Adj. Novo Mil\u00eanio<\/a><\/p>\n<p style=\"text-align: justify;\"><a href=\"https:\/\/www.tjes.jus.br\/corregedoria\/index.php\/2017\/01\/26\/resolucao-no-082007-publ-em-08032007\/\">008 &#8211; 08\/03\/2007 Encerra as atividades 2\u00ba Juiz. Esp. C\u00edvel Vila Velha Adjunto Novo Mil\u00eanio a partir 12\/03\/07<\/a><\/p>\n<p style=\"text-align: justify;\"><a href=\"https:\/\/www.tjes.jus.br\/corregedoria\/index.php\/2017\/01\/26\/resolucao-no-072007-publ-em-08032007\/\">007 &#8211; 08\/03\/2007 Disciplina oferta vagas (bolsa), Programa Aprendiz<\/a><\/p>\n<p style=\"text-align: justify;\"><a href=\"https:\/\/www.tjes.jus.br\/corregedoria\/index.php\/2017\/01\/26\/resolucao-no-062007-publ-em-28022007\/\">006 &#8211; 28\/02\/2007 Revoga e altera dispositivos da resolu\u00e7\u00e3o 65\/06<\/a><\/p>\n<p style=\"text-align: justify;\"><a href=\"https:\/\/www.tjes.jus.br\/corregedoria\/index.php\/2017\/01\/26\/resolucao-no-052007-publ-em-27022007\/\">005 &#8211; 27\/02\/2007 Referenda a Resol. 04\/07.<\/a><\/p>\n<p style=\"text-align: justify;\"><a href=\"https:\/\/www.tjes.jus.br\/corregedoria\/index.php\/2017\/01\/26\/resolucao-no-042007-publ-em-14022007\/\">004 &#8211; 14\/02\/2007 Instala\u00e7\u00e3o 8\u00aa vara Criminal de Vila Velha<\/a><\/p>\n<p style=\"text-align: justify;\"><a href=\"https:\/\/www.tjes.jus.br\/corregedoria\/index.php\/2017\/01\/26\/resolucao-no-032007-publ-em-13022007\/\">003 &#8211; 13\/02\/2007 Referenda a Resol. 01\/07<\/a><\/p>\n<p style=\"text-align: justify;\"><a href=\"https:\/\/www.tjes.jus.br\/corregedoria\/index.php\/2017\/01\/26\/resolucao-no-0022007-conselho-publ-em-02052007\/\">002 (CONSELHO) &#8211; 02\/05\/2007 Altera a Resolu\u00e7\u00e3o n\u00ba 11\/2004<\/a><\/p>\n<p style=\"text-align: justify;\"><a href=\"https:\/\/www.tjes.jus.br\/corregedoria\/index.php\/2017\/01\/26\/resolucao-no-022007-publ-em-13022007\/\">002 &#8211; 13\/02\/2007 Referenda a Resol. 71\/06<\/a><\/p>\n<p style=\"text-align: justify;\"><a href=\"https:\/\/www.tjes.jus.br\/corregedoria\/index.php\/2017\/01\/26\/resolucao-no-0012007-conselho-publ-em-02052007\/\">001 (CONSELHO) &#8211; 02\/05\/07 Regulamenta concess\u00e3o do aux\u00edlio sa\u00fade \u00e0 magistratura especial &#8211;<strong><span style=\"color: #ff0000;\">ALTERADA<\/span><\/strong><\/a><\/p>\n<p><a href=\"https:\/\/www.tjes.jus.br\/corregedoria\/index.php\/2017\/01\/26\/resolucao-no-012007-publ-em-06022007\/\">001 &#8211; 06\/02\/2007 ALTERA N\u00ba DIAS PARA PRESTA\u00c7\u00c3O SERVI\u00c7OS EXTRAORDIN\u00c1RIOS<\/a><\/p>\n","protected":false},"excerpt":{"rendered":"<p>ANO DE 2007 062 &#8211; 26\/12\/2007 Plant\u00e3o ininterrupto do Poder Judici\u00e1rio. &#8211; ALTERADA 061 &#8211; 19\/12\/2007 Autoriza instala\u00e7\u00e3o Vara Inf\u00e2ncia e Juventude e 2\u00ba Juiz Esp C\u00edvel S\u00e3o Mateus 060 &#8211; 11\/12\/2007 Constitui Comiss\u00f5es de REFORMA JUDICI\u00c1RIA e de REGIMENTO INTERNO 2008\/09 &#8211; ALTERADA 059 &#8211; 11\/12\/2007 Remove Desembargador para a 3\u00aa C\u00e2mara C\u00edvel 058 [&hellip;]<\/p>\n","protected":false},"author":1,"featured_media":0,"parent":4580,"menu_order":0,"comment_status":"closed","ping_status":"closed","template":"","meta":{"footnotes":""},"_links":{"self":[{"href":"https:\/\/www.tjes.jus.br\/corregedoria\/wp-json\/wp\/v2\/pages\/4620"}],"collection":[{"href":"https:\/\/www.tjes.jus.br\/corregedoria\/wp-json\/wp\/v2\/pages"}],"about":[{"href":"https:\/\/www.tjes.jus.br\/corregedoria\/wp-json\/wp\/v2\/types\/page"}],"author":[{"embeddable":true,"href":"https:\/\/www.tjes.jus.br\/corregedoria\/wp-json\/wp\/v2\/users\/1"}],"replies":[{"embeddable":true,"href":"https:\/\/www.tjes.jus.br\/corregedoria\/wp-json\/wp\/v2\/comments?post=4620"}],"version-history":[{"count":15,"href":"https:\/\/www.tjes.jus.br\/corregedoria\/wp-json\/wp\/v2\/pages\/4620\/revisions"}],"predecessor-version":[{"id":22156,"href":"https:\/\/www.tjes.jus.br\/corregedoria\/wp-json\/wp\/v2\/pages\/4620\/revisions\/22156"}],"up":[{"embeddable":true,"href":"https:\/\/www.tjes.jus.br\/corregedoria\/wp-json\/wp\/v2\/pages\/4580"}],"wp:attachment":[{"href":"https:\/\/www.tjes.jus.br\/corregedoria\/wp-json\/wp\/v2\/media?parent=4620"}],"curies":[{"name":"wp","href":"https:\/\/api.w.org\/{rel}","templated":true}]}}