{"id":4622,"date":"2016-08-10T17:00:34","date_gmt":"2016-08-10T20:00:34","guid":{"rendered":"https:\/\/www.tjes.jus.br\/corregedoria\/?page_id=4622"},"modified":"2017-04-04T09:14:20","modified_gmt":"2017-04-04T12:14:20","slug":"resolucoes-tjes-2006","status":"publish","type":"page","link":"https:\/\/www.tjes.jus.br\/corregedoria\/legislacao\/resolucoes-tjes\/resolucoes-tjes-2006\/","title":{"rendered":"Resolu\u00e7\u00f5es TJES &#8211; 2006"},"content":{"rendered":"<h1 style=\"text-align: center;\">ANO DE 2006<\/h1>\n<p style=\"text-align: justify;\"><a href=\"https:\/\/www.tjes.jus.br\/corregedoria\/index.php\/2017\/01\/26\/resolucao-no-722006-publ-em-18022006\/\">072 &#8211; 18\/02\/2006 Referenda a Resol. 70\/06<\/a><\/p>\n<p style=\"text-align: justify;\"><a href=\"https:\/\/www.tjes.jus.br\/corregedoria\/index.php\/2017\/01\/26\/resolucao-no-712006-publ-em-15122006\/\">071 &#8211; 15\/12\/2006 Regulamenta a Lei 8.398\/06 &#8211; Atribui\u00e7\u00f5es oficial Judici\u00e1rio<\/a><\/p>\n<p style=\"text-align: justify;\"><a href=\"https:\/\/www.tjes.jus.br\/corregedoria\/index.php\/2017\/01\/26\/resolucao-no-702006-publ-em-11122006\/\">070 &#8211; 11\/12\/2006 Referente F\u00e9rias coletivas (recesso)<\/a><\/p>\n<p style=\"text-align: justify;\"><a href=\"https:\/\/www.tjes.jus.br\/corregedoria\/index.php\/2017\/01\/26\/resolucao-no-692006-publ-em-05122006\/\">069 &#8211; 05\/12\/2006 Referenda a Resol. 64\/06, pub. dia 22\/11\/06.<\/a><\/p>\n<p style=\"text-align: justify;\"><a href=\"https:\/\/www.tjes.jus.br\/corregedoria\/index.php\/2017\/01\/26\/resolucao-no-682006-publ-em-05122006\/\">068 &#8211; 05\/12\/2006 Referenda a Resolu\u00e7\u00e3o 63\/06, pub. dia 20\/11\/06.<\/a><\/p>\n<p style=\"text-align: justify;\"><a href=\"https:\/\/www.tjes.jus.br\/corregedoria\/index.php\/2017\/01\/26\/resolucao-no-672006-publ-em-05122006\/\">067 &#8211; 05\/12\/2006 Referenda A Resol. 61\/06 pub. dia 06\/11\/06.<\/a><\/p>\n<p style=\"text-align: justify;\"><a href=\"https:\/\/www.tjes.jus.br\/corregedoria\/index.php\/2017\/01\/26\/resolucao-no-662006-publ-em-05122006\/\">066 &#8211; 05\/12\/2006 Referenda a resol. 60\/06 pub. dia 30\/10\/06<\/a><\/p>\n<p style=\"text-align: justify;\"><a href=\"https:\/\/www.tjes.jus.br\/corregedoria\/index.php\/2017\/01\/26\/resolucao-no-652006-publ-em-01122006\/\">065 &#8211; 01\/12\/2006 Regula merecimento promo\u00e7\u00e3o magistrados &#8211; <strong><span style=\"color: #ff0000;\">ALTERADA<\/span><\/strong><\/a><\/p>\n<p style=\"text-align: justify;\"><a href=\"https:\/\/www.tjes.jus.br\/corregedoria\/index.php\/2017\/01\/26\/resolucao-no-642006-publ-em-22112006\/\">064 &#8211; 22\/11\/2006 Revoga a Resol. 61\/06 (recesso forense)<\/a><\/p>\n<p style=\"text-align: justify;\"><a href=\"https:\/\/www.tjes.jus.br\/corregedoria\/index.php\/2017\/01\/26\/resolucao-no-632006-publ-em-20112006\/\" target=\"_blank\">063 &#8211; 20\/11\/2006 Revoga o recesso 20 \u00e0 29\/12\/06<\/a><\/p>\n<p style=\"text-align: justify;\"><a href=\"https:\/\/www.tjes.jus.br\/corregedoria\/index.php\/2017\/01\/26\/resolucao-no-622006-publ-em-07112006\/\">062 &#8211; 07\/11\/2006 Regulamenta inciso XII do art. 128 do C\u00f3digo Organiza\u00e7\u00e3o Judici\u00e1ria<\/a><\/p>\n<p style=\"text-align: justify;\"><a href=\"https:\/\/www.tjes.jus.br\/corregedoria\/index.php\/2017\/01\/26\/resolucao-no-612006-publ-em-06112006\/\">061 &#8211; 06\/11\/2006 Institui recesso forense 20 \u00e0 29\/12\/06.<\/a>\u00a0&#8211; <strong><span style=\"color: #ff0000;\">ALTERADA<\/span><\/strong><\/p>\n<p style=\"text-align: justify;\"><a href=\"https:\/\/www.tjes.jus.br\/corregedoria\/index.php\/2017\/01\/26\/resolucao-no-602006-publ-em-30102006\/\">060 &#8211; 30\/10\/2006 Revoga o art. 3\u00ba da Resol. 57\/06 pub. dia 20\/10\/06<\/a><\/p>\n<p style=\"text-align: justify;\"><a href=\"https:\/\/www.tjes.jus.br\/corregedoria\/index.php\/2017\/01\/26\/resolucao-no-592006-publ-em-20102006\/\">059 &#8211; 20\/10\/2006 Instala\u00e7\u00e3o Nova vara criminal Barra de S\u00e3o Francisco<\/a><\/p>\n<p style=\"text-align: justify;\"><a href=\"https:\/\/www.tjes.jus.br\/corregedoria\/index.php\/2017\/01\/26\/resolucao-no-582006-publ-em-20102006\/\">058 &#8211; 20\/10\/2006 Instala\u00e7\u00e3o Nova vara criminal Nova Ven\u00e9cia<\/a>\u00a0&#8211; <span style=\"color: #ff0000;\"><strong>REVOGADA<\/strong><\/span><\/p>\n<p style=\"text-align: justify;\"><a href=\"https:\/\/www.tjes.jus.br\/corregedoria\/index.php\/2017\/01\/26\/resolucao-no-572006-publ-em-20102006\/\">057 &#8211; 20\/10\/2006 Revoga resol. 54\/06; Restabelece func.1\u00ba Juiz.esp.crim Vila Velha &#8211; <span style=\"color: #ff0000;\"><strong>ALTERADA<\/strong><\/span><\/a><\/p>\n<p style=\"text-align: justify;\"><a href=\"https:\/\/www.tjes.jus.br\/corregedoria\/index.php\/2017\/01\/26\/resolucao-no-562006-publ-em-09102006\/\">056 &#8211; 09\/10\/2006 Referenda a resol. 50\/06, pub. dia 29\/09\/06<\/a><\/p>\n<p style=\"text-align: justify;\"><a href=\"https:\/\/www.tjes.jus.br\/corregedoria\/index.php\/2017\/01\/26\/resolucao-no-552006-publ-em-09102006\/\">055 &#8211; 09\/10\/2006 Esclarece d\u00favida acerca da denomina\u00e7\u00e3o da antiga 3\u00aa Vara de Linhares, com compet\u00eancia em mat\u00e9ria de Fazenda P\u00fablica.<\/a><\/p>\n<p style=\"text-align: justify;\"><a href=\"https:\/\/www.tjes.jus.br\/corregedoria\/index.php\/2017\/01\/26\/resolucao-no-542006-publ-em-06102006-revogada\/\">054 &#8211; 06\/10\/2006 Autoriza a instala\u00e7\u00e3o do 4\u00ba Juizado Especial C\u00edvel; encerra as atividades do 1\u00ba Juizado Especial Criminal e do 2\u00ba Juizado Especial C\u00edvel \u2013 Adjunto \u00e0 Novo Mil\u00eanio; modifica a nomenclatura do atual 2\u00ba Juizado Especial Criminal para 1\u00ba Juizado Especial Criminal, todos do Ju\u00edzo de Vila Velha, e d\u00e1 outras provid\u00eancias<\/a>\u00a0&#8211; <strong><span style=\"color: #ff0000;\">REVOGADA<\/span><\/strong><\/p>\n<p style=\"text-align: justify;\"><a href=\"https:\/\/www.tjes.jus.br\/corregedoria\/index.php\/2017\/01\/26\/resolucao-no-532006-publ-em-02102006\/\">053 &#8211; 02\/20\/2006 Instala\u00e7\u00e3o 2\u00aa Zona registro im\u00f3veis, t\u00edtulos e Doc. de Cachoeiro<\/a><\/p>\n<p style=\"text-align: justify;\"><a href=\"https:\/\/www.tjes.jus.br\/corregedoria\/index.php\/2017\/01\/26\/resolucao-no-522006-publ-em-02102006-revogada\/\">052 &#8211; 02\/10\/2006 Regula concess\u00e3o Licen\u00e7a M\u00e9dica no poder Judici\u00e1rio Es &#8211; <span style=\"color: #ff0000;\"><strong>REVOGADA<\/strong><\/span><\/a><\/p>\n<p style=\"text-align: justify;\"><a href=\"https:\/\/www.tjes.jus.br\/corregedoria\/index.php\/2017\/01\/26\/resolucao-no-512006-publ-em-02102006\/\">051 &#8211; 02\/10\/2006 Referenda a Resolu\u00e7\u00e3o 48\/06 &#8211; <strong><span style=\"color: #ff0000;\">REVOGADA<\/span><\/strong><\/a><\/p>\n<p style=\"text-align: justify;\"><a href=\"https:\/\/www.tjes.jus.br\/corregedoria\/index.php\/2017\/01\/26\/resolucao-no-502006-publ-em-29092006\/\">050 &#8211; 29\/09\/2006 Corrige o valor da indeniza\u00e7\u00e3o de transporte &#8211; <strong><span style=\"color: #ff0000;\">REVOGADA<\/span><\/strong><\/a><\/p>\n<p style=\"text-align: justify;\"><a href=\"https:\/\/www.tjes.jus.br\/corregedoria\/index.php\/2017\/01\/26\/resolucao-no-492006-publ-em-05092006\/\">049 &#8211; 05\/09\/2006 Instala\u00e7\u00e3o 2\u00aa Zona de Registro de Im\u00f3veis de Cachoeiro de Itapemirim<\/a><\/p>\n<p style=\"text-align: justify;\"><a href=\"https:\/\/www.tjes.jus.br\/corregedoria\/index.php\/2017\/01\/26\/resolucao-no-482006-publ-em-05092006\/\">048 &#8211; 05\/09\/2006 Acrescenta par\u00e1grafo \u00fanico ao art. 3\u00ba Resolu\u00e7\u00e3o n\u00ba 17\/03 &#8211; <span style=\"color: #ff0000;\"><strong>REVOGADA<\/strong><\/span><\/a><\/p>\n<p style=\"text-align: justify;\"><a href=\"https:\/\/www.tjes.jus.br\/corregedoria\/index.php\/2017\/01\/26\/resolucao-no-472006-publ-em-28082006\/\">047 &#8211; 28\/08\/2006 Referenda a resolu\u00e7\u00e3o 45\/06 &#8211; Cartas Precat\u00f3rias processadas pelo Juiz. Esp.Crim. Viana<\/a><\/p>\n<p style=\"text-align: justify;\"><a href=\"https:\/\/www.tjes.jus.br\/corregedoria\/index.php\/2017\/01\/26\/resolucao-no-462006-publ-em-28082006\/\">046 &#8211; 28\/08\/06 Institui compensa\u00e7\u00e3o em dobro p\/ dias trabalhados proj. Justi\u00e7a Comunit\u00e1ria &#8211;\u00a0<strong><span style=\"color: #ff0000;\">ALTERADA<\/span><\/strong><\/a><\/p>\n<p style=\"text-align: justify;\"><a href=\"https:\/\/www.tjes.jus.br\/corregedoria\/index.php\/2017\/01\/26\/resolucao-no-452006-publ-em-18082006\/\">045 &#8211; 18\/08\/2006 Revoga a Resolu\u00e7\u00e3o 52\/2005.<\/a><\/p>\n<p style=\"text-align: justify;\"><a href=\"https:\/\/www.tjes.jus.br\/corregedoria\/index.php\/2017\/01\/26\/resolucao-no-442006-publ-em-15082006\/\">044 -15\/08\/2006 Cria Comiss\u00e3o de \u00c8tica do Poder Judici\u00e1rio do ES &#8211; ALTERADA<\/a><\/p>\n<p style=\"text-align: justify;\"><a href=\"https:\/\/www.tjes.jus.br\/corregedoria\/index.php\/2017\/01\/26\/resolucao-no-432006-publ-em-04082006\/\">043 &#8211; 04\/08\/2006 Instaura Proc. Adm 100040014779<\/a><\/p>\n<p style=\"text-align: justify;\"><a href=\"https:\/\/www.tjes.jus.br\/corregedoria\/index.php\/2017\/01\/26\/resolucao-no-422006-publ-em-28072006\/\">042 &#8211; 28\/07\/2006 Referenda a Resol. 41\/06<\/a><\/p>\n<p style=\"text-align: justify;\"><a href=\"https:\/\/www.tjes.jus.br\/corregedoria\/index.php\/2017\/01\/26\/resolucao-no-412006-publ-em-26072006\/\">041 &#8211; 26\/07\/2006 Altera\u00e7\u00f5es Guia Recolhimento da uni\u00e3o GRU<\/a><\/p>\n<p style=\"text-align: justify;\"><a href=\"https:\/\/www.tjes.jus.br\/corregedoria\/index.php\/2017\/01\/26\/resolucao-no-402006-publ-em-17062006\/\">040 &#8211; 17\/07\/2006 Prorroga prazo Proc. Adm. 100040014597<\/a><\/p>\n<p style=\"text-align: justify;\"><a href=\"https:\/\/www.tjes.jus.br\/corregedoria\/index.php\/2017\/01\/26\/resolucao-no-392006-publ-em-17072006\/\">039 &#8211; 17\/07\/2006 Prorroga prazo Processo Administrativo 100040009142, 100030034258 e 100030031734<\/a><\/p>\n<p style=\"text-align: justify;\"><a href=\"https:\/\/www.tjes.jus.br\/corregedoria\/index.php\/2017\/01\/26\/resolucao-no-382006-publ-em-17072006\/\">038 &#8211; 17\/07\/2006 Referenda a Resol. 36\/06<\/a><\/p>\n<p style=\"text-align: justify;\"><a href=\"https:\/\/www.tjes.jus.br\/corregedoria\/index.php\/2017\/01\/26\/resolucao-no-372006-publ-em-17072006\/\">037 &#8211; 17\/07\/2006 Referenda a Resol. 35\/06<\/a><\/p>\n<p style=\"text-align: justify;\"><a href=\"https:\/\/www.tjes.jus.br\/corregedoria\/index.php\/2017\/01\/26\/resolucao-no-362006-publ-em-11072006\/\">036 &#8211; 11\/07\/2006 Suspende distribui\u00e7\u00e3o e recebimento feitos Juizado Esp. C\u00edvel Adjunto Teclamar<\/a><\/p>\n<p style=\"text-align: justify;\"><a href=\"https:\/\/www.tjes.jus.br\/corregedoria\/index.php\/2017\/01\/26\/resolucao-no-352006-publ-em-11072006\/\">035 &#8211; 11\/07\/2006 Prorroga o prazo 3\u00aa e 4\u00aa varas Criminais Cariacica<\/a><\/p>\n<p style=\"text-align: justify;\"><a href=\"https:\/\/www.tjes.jus.br\/corregedoria\/index.php\/2017\/01\/26\/resolucao-no-342006-publ-em-10072006\/\">034 &#8211; 10\/07\/2006 Disciplina percep\u00e3o subs\u00eddios membros ativos e inativos PJ<\/a><\/p>\n<p style=\"text-align: justify;\"><a href=\"https:\/\/www.tjes.jus.br\/corregedoria\/index.php\/2017\/01\/26\/resolucao-no-332006-publ-em-04072006\/\">033 &#8211; 04\/07\/2006 Designa Des. Arnaldo Santos Souza Presidente Comiss\u00e3o Judici\u00e1ria<\/a><\/p>\n<p style=\"text-align: justify;\"><a href=\"https:\/\/www.tjes.jus.br\/corregedoria\/index.php\/2017\/01\/26\/resolucao-no-322006-publ-em-22062006\/\">032 &#8211; 22\/06\/2006 Autoriza a instala\u00e7\u00e3o 8\u00aa Vara Criminal Vila velha<\/a>\u00a0&#8211; <span style=\"color: #ff0000;\"><strong>REVOGADA<\/strong><\/span><\/p>\n<p style=\"text-align: justify;\"><a href=\"https:\/\/www.tjes.jus.br\/corregedoria\/index.php\/2017\/01\/26\/resolucao-no-312006-publ-em-13062006\/\">031 &#8211; 13\/06\/2006 Representante Minist. P\u00fablico para compor CEJA\/ES<\/a><\/p>\n<p style=\"text-align: justify;\"><a href=\"https:\/\/www.tjes.jus.br\/corregedoria\/index.php\/2017\/01\/25\/resolucao-no-302006-publ-em-13062006\/\">030 &#8211; 13\/06\/2006 Equipe T\u00e9cnica da CEJA\/ES<\/a><\/p>\n<p style=\"text-align: justify;\"><a href=\"https:\/\/www.tjes.jus.br\/corregedoria\/index.php\/2017\/01\/25\/resolucao-no-292006-publ-em-16062006\/\">029 &#8211; 16\/06\/2006 Os julgamentos envolvendo Magistrados ser\u00e3o sess\u00e3o p\u00fablica<\/a><\/p>\n<p style=\"text-align: justify;\"><a href=\"https:\/\/www.tjes.jus.br\/corregedoria\/index.php\/2017\/01\/25\/resolucao-no-282006-publ-em-05062006\/\">028 &#8211; 05\/06\/2006 Autoriza Instala\u00e7\u00e3o 2\u00aa Vara Criminal Viana<\/a><\/p>\n<p style=\"text-align: justify;\"><a href=\"https:\/\/www.tjes.jus.br\/corregedoria\/index.php\/2017\/01\/25\/resolucao-no-272006-publ-em-26052006\/\">027 &#8211; 26\/05\/2006 Hor\u00e1rio atendimento integral Juizados Especiais<\/a><\/p>\n<p><a href=\"https:\/\/www.tjes.jus.br\/corregedoria\/index.php\/2017\/01\/25\/resolucao-no-262006-publ-em-26052006\/\">026 &#8211; 26\/05\/2006 Referendar a Resol. 22\/2006.<\/a><\/p>\n<p style=\"text-align: justify;\"><a href=\"https:\/\/www.tjes.jus.br\/corregedoria\/index.php\/2017\/01\/25\/resolucao-no-0252006-publ-em-26052006\/\">025 &#8211; 26\/05\/2006 Referendar a Resol. 21\/2006.<\/a><\/p>\n<p style=\"text-align: justify;\"><a href=\"https:\/\/www.tjes.jus.br\/corregedoria\/index.php\/2017\/01\/25\/resolucao-no-0242006-publ-em-26052006\/\">024 &#8211; 26\/05\/2006 Referendar a Resol. 17\/06<\/a><\/p>\n<p style=\"text-align: justify;\"><a href=\"https:\/\/www.tjes.jus.br\/corregedoria\/index.php\/2017\/01\/25\/resolucao-no-232006-publ-em-26052006\/\">023 &#8211; 26\/05\/2006 Referendar a Resol. 16\/2006<\/a><\/p>\n<p style=\"text-align: justify;\"><a href=\"https:\/\/www.tjes.jus.br\/corregedoria\/index.php\/2017\/01\/25\/resolucao-no-0222006-publ-em-24052006\/\">022 &#8211; 24\/05\/2006 Fixa prazo adequa\u00e7\u00e3o compet\u00eancia Varas Criminais Entr\u00e2ncia Especial<\/a><\/p>\n<p style=\"text-align: justify;\"><a href=\"https:\/\/www.tjes.jus.br\/corregedoria\/index.php\/2017\/01\/25\/resolucao-no-0212006-publ-em-17052006\/\">021 &#8211; 17\/05\/2006 Fixa prazo para adequa\u00e7\u00e3o compet\u00eancia para as Varas Criminais de 3\u00aa Entr\u00e2ncia<\/a><\/p>\n<p style=\"text-align: justify;\"><a href=\"https:\/\/www.tjes.jus.br\/corregedoria\/index.php\/2017\/01\/25\/resolucao-no-202006-publ-em-10052006\/\">020 &#8211; 10\/05\/2006 Instala\u00e7\u00e3o Vara \u00d2rf\u00e3os e Suc, e Inf\u00e2ncia e Juv., Ac. Trab. de Viana<\/a><\/p>\n<p style=\"text-align: justify;\"><a href=\"https:\/\/www.tjes.jus.br\/corregedoria\/index.php\/2017\/01\/25\/resolucao-no-0192006-publ-em-10052006\/\">019 &#8211; 10\/05\/2006 Constitui a Comiss\u00e3o de Concurso P\/ Juiz substituto<\/a><\/p>\n<p style=\"text-align: justify;\"><a href=\"https:\/\/www.tjes.jus.br\/corregedoria\/index.php\/2017\/01\/25\/resolucao-no-0182006-publ-em-28042006-revogada\/\">018 &#8211; 28\/04\/2006 Revoga art. 3\u00ba da Resolu\u00e7\u00e3o 27\/05. &#8211; <strong><span style=\"color: #ff0000;\">REVOGADA<\/span><\/strong><\/a><\/p>\n<p style=\"text-align: justify;\"><a href=\"https:\/\/www.tjes.jus.br\/corregedoria\/index.php\/2017\/01\/25\/resolucao-no-172006-publ-em-20042006\/\">017 &#8211; 20\/04\/2006 Determina ao Ju\u00edzes Criminais expedi\u00e7\u00e3o Guia Execu\u00e7\u00e3o Provis\u00f3ria<\/a><\/p>\n<p style=\"text-align: justify;\"><a href=\"https:\/\/www.tjes.jus.br\/corregedoria\/index.php\/2017\/01\/25\/resolucao-no-162006-publ-em-20042006\/\">016 &#8211; 20\/04\/2006 Determina in\u00edcio de Inspe\u00e7\u00e3o Extraordin\u00e1ria em todas as varas com compet\u00eancia em mat\u00e9ria criminal, nos processos relativos a r\u00e9us presos<\/a><\/p>\n<p style=\"text-align: justify;\"><a href=\"https:\/\/www.tjes.jus.br\/corregedoria\/index.php\/2017\/01\/25\/resolucao-no-0152006-publ-em-19042006\/\">015 &#8211; 19\/04\/2006 Cartas Percat\u00f3rias no ju\u00edzo Criminal<\/a><\/p>\n<p style=\"text-align: justify;\"><a href=\"https:\/\/www.tjes.jus.br\/corregedoria\/index.php\/2017\/01\/25\/resolucao-no-0142006-publ-em-05042006\/\">014 &#8211; 05\/04\/2006 Disciplina e institui regras e procedimentos pertinentes ao Juiz<\/a><\/p>\n<p style=\"text-align: justify;\"><a href=\"https:\/\/www.tjes.jus.br\/corregedoria\/index.php\/2017\/01\/25\/resolucao-n-132006-publ-em-17032006\/\">013 &#8211; 17\/03\/2006 Prorroga\u00e7\u00e3o Proc. Adm. 100040020966<\/a><\/p>\n<p style=\"text-align: justify;\"><a href=\"https:\/\/www.tjes.jus.br\/corregedoria\/index.php\/2017\/01\/25\/resolucao-n-0122006-publ-em-20022006\/\">012 &#8211; 20\/02\/2006 Regulamenta Diretoria Judici\u00e1ria Apoio Institucional PJ\/ES<\/a><\/p>\n<p style=\"text-align: justify;\"><a href=\"https:\/\/www.tjes.jus.br\/corregedoria\/index.php\/2017\/01\/25\/resolucao-no-0112006-publ-em-13022006\/\">011 &#8211; 13\/02\/2006 Designa\u00e7\u00e3o Comiss\u00e3o Reforma Judici\u00e1ria<\/a><\/p>\n<p style=\"text-align: justify;\"><a href=\"https:\/\/www.tjes.jus.br\/corregedoria\/index.php\/2017\/01\/25\/resolucao-no-102006-publ-em-13022006\/\">010 &#8211; 13\/02\/2006 Prorroga\u00e7\u00e3o prazo Proc. 100040020966<\/a><\/p>\n<p style=\"text-align: justify;\"><a href=\"https:\/\/www.tjes.jus.br\/corregedoria\/index.php\/2017\/01\/25\/resolucao-no-0092006-publ-em-03022006\/\">009 &#8211; 03\/02\/2006 Institui\u00e7\u00e3o Assessoria Especial Adminsitrativa e Judici\u00e1ria<\/a><\/p>\n<p style=\"text-align: justify;\"><a href=\"https:\/\/www.tjes.jus.br\/corregedoria\/index.php\/2017\/01\/25\/resolucao-no-0082006-publ-em-03022006\/\">008 &#8211; 03\/02\/2006 Envio e recebimento correspond\u00eancias<\/a><\/p>\n<p style=\"text-align: justify;\"><a href=\"https:\/\/www.tjes.jus.br\/corregedoria\/index.php\/2017\/01\/25\/resolucao-no-0072006-publ-em-03022006\/\">007 &#8211; 03\/02\/2006 Rela\u00e7\u00e3o armas de fogo<\/a>\u00a0&#8211; <span style=\"color: #ff0000;\"><strong>ALTERADA<\/strong><\/span><\/p>\n<p style=\"text-align: justify;\"><a href=\"https:\/\/www.tjes.jus.br\/corregedoria\/index.php\/2017\/01\/25\/resolucao-no-0062006-publ-em-24012006\/\">006 &#8211; 24\/01\/2006 Constitui\u00e7\u00e3o Comiss\u00e3o Concurso Juiz Substituto<\/a>\u00a0&#8211; <span style=\"color: #ff0000;\"><strong>REVOGADA<\/strong><\/span><\/p>\n<p style=\"text-align: justify;\"><a href=\"https:\/\/www.tjes.jus.br\/corregedoria\/index.php\/2017\/01\/25\/resolucao-no-0052006-publ-em-30012006-republicacao\/\">005 &#8211; 30\/01\/2006 Republica\u00e7\u00e3o Resolu\u00e7\u00e3o 05\/06<\/a><\/p>\n<p style=\"text-align: justify;\"><a href=\"https:\/\/www.tjes.jus.br\/corregedoria\/index.php\/2017\/01\/25\/resolucao-no-0052006-publ-em-20012006-republicado\/\">005 &#8211; 20\/01\/2006 Despesas recursos para o Supremo Tribunal de Justi\u00e7a<\/a><\/p>\n<p style=\"text-align: justify;\"><a href=\"https:\/\/www.tjes.jus.br\/corregedoria\/index.php\/2017\/01\/25\/resolucao-no-0042006-publ-em-20012006\/\">004 &#8211; 20\/01\/2006 Conv\u00eanio entre TJ x ECT (Correios) &#8211; <strong><span style=\"color: #ff0000;\">ALTERADA<\/span><\/strong><\/a><\/p>\n<p style=\"text-align: justify;\"><a href=\"https:\/\/www.tjes.jus.br\/corregedoria\/index.php\/2017\/01\/25\/resolucao-no-0032006-publ-em-16012006\/\">003 &#8211; 16\/01\/2006 Hor\u00e1rio das Sess\u00f5es do Pleno<\/a><\/p>\n<p><a href=\"https:\/\/www.tjes.jus.br\/corregedoria\/index.php\/2017\/01\/25\/resolucao-no-0022006-publ-em-16012006\/\">002 &#8211; 16\/01\/2006 Prorroga\u00e7\u00e3o Processo Administrativo 100040020966<\/a><\/p>\n<p style=\"text-align: justify;\"><a href=\"https:\/\/www.tjes.jus.br\/corregedoria\/index.php\/2017\/01\/25\/resolucao-no-012006-publ-em-16012006\/\">001 &#8211; 16\/01\/2006 Referendar a Resolu\u00e7\u00e3o 01\/06 pub. dia 05\/01\/06<\/a><\/p>\n<p style=\"text-align: justify;\"><a href=\"https:\/\/www.tjes.jus.br\/corregedoria\/index.php\/2017\/01\/25\/resolucao-no-012006-publ-em-05012006\/\">001 &#8211; 05\/01\/2006 Implanta\u00e7\u00e3o de dois turnos no Tribunal de Justi\u00e7a<\/a><\/p>\n","protected":false},"excerpt":{"rendered":"<p>ANO DE 2006 072 &#8211; 18\/02\/2006 Referenda a Resol. 70\/06 071 &#8211; 15\/12\/2006 Regulamenta a Lei 8.398\/06 &#8211; Atribui\u00e7\u00f5es oficial Judici\u00e1rio 070 &#8211; 11\/12\/2006 Referente F\u00e9rias coletivas (recesso) 069 &#8211; 05\/12\/2006 Referenda a Resol. 64\/06, pub. dia 22\/11\/06. 068 &#8211; 05\/12\/2006 Referenda a Resolu\u00e7\u00e3o 63\/06, pub. dia 20\/11\/06. 067 &#8211; 05\/12\/2006 Referenda A Resol. 61\/06 [&hellip;]<\/p>\n","protected":false},"author":1,"featured_media":0,"parent":4580,"menu_order":0,"comment_status":"closed","ping_status":"closed","template":"","meta":{"footnotes":""},"_links":{"self":[{"href":"https:\/\/www.tjes.jus.br\/corregedoria\/wp-json\/wp\/v2\/pages\/4622"}],"collection":[{"href":"https:\/\/www.tjes.jus.br\/corregedoria\/wp-json\/wp\/v2\/pages"}],"about":[{"href":"https:\/\/www.tjes.jus.br\/corregedoria\/wp-json\/wp\/v2\/types\/page"}],"author":[{"embeddable":true,"href":"https:\/\/www.tjes.jus.br\/corregedoria\/wp-json\/wp\/v2\/users\/1"}],"replies":[{"embeddable":true,"href":"https:\/\/www.tjes.jus.br\/corregedoria\/wp-json\/wp\/v2\/comments?post=4622"}],"version-history":[{"count":15,"href":"https:\/\/www.tjes.jus.br\/corregedoria\/wp-json\/wp\/v2\/pages\/4622\/revisions"}],"predecessor-version":[{"id":13550,"href":"https:\/\/www.tjes.jus.br\/corregedoria\/wp-json\/wp\/v2\/pages\/4622\/revisions\/13550"}],"up":[{"embeddable":true,"href":"https:\/\/www.tjes.jus.br\/corregedoria\/wp-json\/wp\/v2\/pages\/4580"}],"wp:attachment":[{"href":"https:\/\/www.tjes.jus.br\/corregedoria\/wp-json\/wp\/v2\/media?parent=4622"}],"curies":[{"name":"wp","href":"https:\/\/api.w.org\/{rel}","templated":true}]}}