{"id":4626,"date":"2016-08-10T17:19:04","date_gmt":"2016-08-10T20:19:04","guid":{"rendered":"https:\/\/www.tjes.jus.br\/corregedoria\/?page_id=4626"},"modified":"2017-02-22T17:43:57","modified_gmt":"2017-02-22T20:43:57","slug":"resolucoes-tjes-2005","status":"publish","type":"page","link":"https:\/\/www.tjes.jus.br\/corregedoria\/legislacao\/resolucoes-tjes\/resolucoes-tjes-2005\/","title":{"rendered":"Resolu\u00e7\u00f5es TJES &#8211; 2005"},"content":{"rendered":"<h1 style=\"text-align: center;\">ANO DE 2005<\/h1>\n<p style=\"text-align: justify;\"><a href=\"https:\/\/www.tjes.jus.br\/corregedoria\/index.php\/2017\/01\/25\/resolucao-no-782005-publ-em-16122005\/\">078 &#8211; 16\/12\/2005 Instala\u00e7\u00e3o 2\u00aa Vara Esp. Inf\u00e2ncia e Juventude na Serra<\/a><\/p>\n<p style=\"text-align: justify;\"><a href=\"https:\/\/www.tjes.jus.br\/corregedoria\/index.php\/2017\/01\/25\/resolucao-no-772005-publ-em-16122005\/\">077 &#8211; 16\/12\/2005 Determina Cartas Precat\u00f3rias sejam processadas pelo Juizado Esp. Criminal &#8211;<strong><span style=\"color: #ff0000;\">REVOGADA<\/span><\/strong><\/a><\/p>\n<p style=\"text-align: justify;\"><a href=\"https:\/\/www.tjes.jus.br\/corregedoria\/index.php\/2017\/01\/25\/resolucao-no-762005-publ-em-16122005\/\">076 &#8211; 16\/12\/2005 Localizar des. Adalto Dias Trist\u00e3o na 2\u00aa C\u00e2mara Criminal<\/a><\/p>\n<p style=\"text-align: justify;\"><a href=\"https:\/\/www.tjes.jus.br\/corregedoria\/index.php\/2017\/01\/25\/resolucao-no-752005-publ-em-16122005\/\">075 &#8211; 16\/12\/2005 Localizar Des. Frederico Guilherme Pimentel na 1\u00aa C\u00e2mara C\u00edvel<\/a><\/p>\n<p style=\"text-align: justify;\"><a href=\"https:\/\/www.tjes.jus.br\/corregedoria\/index.php\/2017\/01\/25\/resolucao-no-742005-publ-em-16122005\/\">074 &#8211; 16\/12\/2005 Designa Des. Alemer Ferraz Moulin &#8211; Corregedor Geral da Justi\u00e7a<\/a><\/p>\n<p style=\"text-align: justify;\"><a href=\"https:\/\/www.tjes.jus.br\/corregedoria\/index.php\/2017\/01\/25\/resolucao-no-732005-publ-em-13122005\/\">073 &#8211; 13\/12\/2005 Estabelece compet\u00eancia crimes t\u00f3xicos p\/ 7\u00aa Criminal Vila Velha<\/a><\/p>\n<p style=\"text-align: justify;\"><a href=\"https:\/\/www.tjes.jus.br\/corregedoria\/index.php\/2017\/01\/25\/resolucao-no-722005-publ-em-13122005\/\">072 &#8211; 13\/12\/2005 Prorroga\u00e7\u00e3o Processo Administrativo 100040020966<\/a><\/p>\n<p style=\"text-align: justify;\"><a href=\"https:\/\/www.tjes.jus.br\/corregedoria\/index.php\/2016\/12\/19\/resolucao-no-712005-publ-em-12122005-revogada\/\">071 &#8211; 12\/12\/2005 Regimento Interno CEJA\/ES &#8211; <span style=\"color: #ff0000;\"><strong>REVOGADA<\/strong><\/span><\/a><\/p>\n<p style=\"text-align: justify;\"><a href=\"https:\/\/www.tjes.jus.br\/corregedoria\/index.php\/2016\/12\/19\/resolucao-no-702005-publ-em-06122005\/\">070 &#8211; 06\/12\/2005 Instala\u00e7\u00e3o 2\u00aa Vara Pancas<\/a><\/p>\n<p style=\"text-align: justify;\"><a href=\"https:\/\/www.tjes.jus.br\/corregedoria\/index.php\/2016\/12\/19\/resolucao-no-692005-publ-em-06122005\/\">069 &#8211; 06\/12\/2005 Recesso Poder Judici\u00e1rio<\/a><\/p>\n<p style=\"text-align: justify;\"><a href=\"https:\/\/www.tjes.jus.br\/corregedoria\/index.php\/2016\/12\/19\/resolucao-no-682005-publ-em-06122005\/\">068 &#8211; 06\/12\/2005 Prorroga\u00e7\u00e3o Processo Administrativo 100050014123<\/a><\/p>\n<p style=\"text-align: justify;\"><a href=\"https:\/\/www.tjes.jus.br\/corregedoria\/index.php\/2016\/12\/19\/resolucao-no-672005-publ-em-06122005\/\">067 &#8211; 06\/12\/2005 Processo Administrativo 100050014735<\/a><\/p>\n<p style=\"text-align: justify;\"><a href=\"https:\/\/www.tjes.jus.br\/corregedoria\/index.php\/2016\/12\/19\/resolucao-no-662005-publ-em-06122005\/\">066 &#8211; 06\/12\/2005 Processo Administrativo 100040014779<\/a><\/p>\n<p style=\"text-align: justify;\"><a href=\"https:\/\/www.tjes.jus.br\/corregedoria\/index.php\/2016\/12\/19\/resolucao-no-652005-publ-em-06122005\/\">065 &#8211; 06\/12\/2005 Processo Administrativo 47049000087<\/a><\/p>\n<p style=\"text-align: justify;\"><a href=\"https:\/\/www.tjes.jus.br\/corregedoria\/index.php\/2016\/12\/19\/resolucao-no-642005-publ-em-02122005\/\">064 &#8211; 02\/12\/2005 Comiss\u00e3o Reforma Judici\u00e1ria e Regimento Interno<\/a><\/p>\n<p style=\"text-align: justify;\"><a href=\"https:\/\/www.tjes.jus.br\/corregedoria\/index.php\/2016\/12\/19\/resolucao-no-632005-publ-em-02122005\/\">063 &#8211; 02\/12\/2005 Membros Conselho da Magistratura 2006\/2007<\/a><\/p>\n<p style=\"text-align: justify;\"><a href=\"https:\/\/www.tjes.jus.br\/corregedoria\/index.php\/2016\/12\/19\/resolucao-no-622005-publ-em-02122005\/\">062 &#8211; 02\/12\/2005 Vice- Corregedor Geral da Justi\u00e7a 2006\/2007<\/a><\/p>\n<p style=\"text-align: justify;\"><a href=\"https:\/\/www.tjes.jus.br\/corregedoria\/index.php\/2016\/12\/19\/resolucao-no-612005-publ-em-02122005\/\">061 &#8211; 02\/12\/2005 Mesa Diretora Bi\u00eanio 2006\/2007<\/a><\/p>\n<p style=\"text-align: justify;\"><a href=\"https:\/\/www.tjes.jus.br\/corregedoria\/index.php\/2016\/12\/19\/resolucao-no-602005-publ-em-02122005\/\">060 &#8211; 02\/12\/2005 Nova reda\u00e7\u00e3o Art. 1\u00ba Resolu\u00e7\u00e3o 06\/03 (Cons.Magistratura)<\/a><\/p>\n<p style=\"text-align: justify;\"><a href=\"https:\/\/www.tjes.jus.br\/corregedoria\/index.php\/2016\/12\/19\/resolucao-no-592005-publ-em-19122005\/\">059 &#8211; 02\/12\/2005 Regula o processo para a promo\u00e7\u00e3o de Magistrados<\/a>\u00a0&#8211; <span style=\"color: #ff0000;\"><strong>REVOGADA<\/strong><\/span><\/p>\n<p style=\"text-align: justify;\"><a href=\"https:\/\/www.tjes.jus.br\/corregedoria\/index.php\/2016\/12\/19\/resolucao-no-582005-publicada-em-25112005-republicacao\/\">058 &#8211; 25\/11\/2005 Altera\u00e7\u00e3o da Resolu\u00e7\u00e3o 10\/04 &#8211; Republica\u00e7\u00e3o<\/a><\/p>\n<p style=\"text-align: justify;\"><a href=\"https:\/\/www.tjes.jus.br\/corregedoria\/index.php\/2016\/12\/19\/resolucao-no-582005-publ-em-23112005\/\">058 &#8211; 23\/11\/2005 Altera\u00e7\u00e3o na Resolu\u00e7\u00e3o 10\/04<\/a><\/p>\n<p style=\"text-align: justify;\"><a href=\"https:\/\/www.tjes.jus.br\/corregedoria\/index.php\/2016\/12\/19\/resolucao-no-572005-publ-em-14112005\/\">057 &#8211; 14\/11\/2005 Prorrogar prazo Processo Administrativo 100040020966<\/a><\/p>\n<p style=\"text-align: justify;\"><a href=\"https:\/\/www.tjes.jus.br\/corregedoria\/index.php\/2016\/12\/19\/resolucao-no-562005-publ-em-07112005\/\">056 &#8211; 07\/11\/2005 Prorroga\u00e7\u00e3o Processo Adm. 100020005649<\/a><\/p>\n<p style=\"text-align: justify;\"><a href=\"https:\/\/www.tjes.jus.br\/corregedoria\/index.php\/2016\/12\/19\/resolucao-no-552005-publ-em-10102005\/\">055 &#8211; 10\/10\/2005 Prorroga\u00e7\u00e3o do prazo de concl. proc. adm. 100040020966<\/a><\/p>\n<p style=\"text-align: justify;\"><a href=\"https:\/\/www.tjes.jus.br\/corregedoria\/index.php\/2016\/12\/13\/resolucao-no-0542012-publ-em-06122012\/\">054 &#8211; 05\/10\/2005 Fixa a gratifica\u00e7\u00e3o por encargo de professor e de auxiliar do servi\u00e7o de treinamento e aperfei\u00e7oamento pessoal da justi\u00e7a<\/a><\/p>\n<p style=\"text-align: justify;\"><a href=\"https:\/\/www.tjes.jus.br\/corregedoria\/index.php\/2016\/12\/19\/resolucao-no-532005-publ-em-04102005\/\">053 &#8211; 04\/10\/2005 Prorroga\u00e7\u00e3o do prazo de concl. do proc. adm. 100020005649<\/a><\/p>\n<p style=\"text-align: justify;\"><a href=\"https:\/\/www.tjes.jus.br\/corregedoria\/index.php\/2016\/12\/19\/resolucao-no-522005-publ-em-04102005\/\">052 &#8211; 04\/10\/2005 Determina que se processe pelo Juizado Especial Criminal do Ju\u00edzo de Viana, Comarca da Capital, de Entr\u00e2ncia Especial, todos as cartas precat\u00f3rias criminais<\/a>\u00a0&#8211; <span style=\"color: #ff0000;\"><strong>REVOGADA<\/strong><\/span><\/p>\n<p style=\"text-align: justify;\"><a href=\"https:\/\/www.tjes.jus.br\/corregedoria\/index.php\/2016\/12\/19\/resolucao-no-512005-publ-em-04102005\/\">051 &#8211; 04\/10\/2005 Determina que se processe pelo Juizado Especial Criminal da Comarca de S\u00e3o Mateus, todos os procedimentos em mat\u00e9ria de inf\u00e2ncia juventude, at\u00e9 que sobrevenha a instala\u00e7\u00e3o da Vara Especializada na referida Comarca<\/a><\/p>\n<p style=\"text-align: justify;\"><a href=\"https:\/\/www.tjes.jus.br\/corregedoria\/index.php\/2016\/12\/19\/resolucao-no-502005-publ-em-04102005\/\">050 &#8211; 04\/10\/2005 Instala\u00e7\u00e3o da Vara Especializada da Inf\u00e2ncia e Juventude em Guarapari<\/a><\/p>\n<p style=\"text-align: justify;\"><a href=\"https:\/\/www.tjes.jus.br\/corregedoria\/index.php\/2016\/12\/19\/resolucao-no-492005-publ-em-09092005\/\">049 &#8211; 09\/09\/2005 Instala\u00e7\u00e3o da 2\u00aa Vara em Mimoso do Sul<\/a><\/p>\n<p style=\"text-align: justify;\"><a href=\"https:\/\/www.tjes.jus.br\/corregedoria\/index.php\/2016\/12\/19\/resolucao-no-482005-publ-em-09092005\/\">048 &#8211; 09\/09\/2005 Instala\u00e7\u00e3o do 2\u00ba Juizado Especial C\u00edvel em Colatina<\/a><\/p>\n<p style=\"text-align: justify;\"><a href=\"https:\/\/www.tjes.jus.br\/corregedoria\/index.php\/2016\/12\/19\/resolucao-no-472005-publ-em-31082005\/\">047 &#8211; 31\/08\/2005 Inclus. dos cargos de Ass. N\u00edvel Sup. Ass. Jur. e Ass. N\u00edvel Sup. Gab. na DJA<\/a><\/p>\n<p style=\"text-align: justify;\"><a href=\"https:\/\/www.tjes.jus.br\/corregedoria\/index.php\/2016\/12\/19\/resolucao-no-462005-publ-em-31082005\/\">046 &#8211; 31\/08\/2005 Prorroga\u00e7\u00e3o do prazo de conclus\u00e3o do proc. adm. 100040020966<\/a><\/p>\n<p style=\"text-align: justify;\"><a href=\"https:\/\/www.tjes.jus.br\/corregedoria\/index.php\/2016\/12\/19\/resolucao-no-452005-publ-em-31082005\/\">045 &#8211; 31\/08\/2005 Prorroga\u00e7\u00e3o do prazo de conclus\u00e3o do proc. adm. 100000028140<\/a><\/p>\n<p style=\"text-align: justify;\"><a href=\"https:\/\/www.tjes.jus.br\/corregedoria\/index.php\/2016\/12\/19\/resolucao-no-442005-publ-em-31082005\/\">044 &#8211; 31\/08\/2005 Prorroga\u00e7\u00e3o do prazo de conclus\u00e3o do proc. adm. 100020005649<\/a><\/p>\n<p style=\"text-align: justify;\"><a href=\"https:\/\/www.tjes.jus.br\/corregedoria\/index.php\/2016\/12\/19\/resolucao-no-432005-publ-em-31082005\/\">043 &#8211; 31\/08\/2005 Altera\u00e7\u00e3o do caput do art. 1\u00ba e do Par. \u00fanico do art. 10 da Resolu\u00e7\u00e3o 37\/2004<\/a><\/p>\n<p style=\"text-align: justify;\"><a href=\"https:\/\/www.tjes.jus.br\/corregedoria\/index.php\/2016\/12\/19\/resolucao-no-422005-publ-em-17082005\/\">042 &#8211; 17\/08\/2005 Exclus\u00e3o de Corregedoria Geral da Justi\u00e7a dos Anexos I e II da Resol. 17\/03<\/a><\/p>\n<p style=\"text-align: justify;\"><a href=\"https:\/\/www.tjes.jus.br\/corregedoria\/index.php\/2016\/12\/19\/resolucao-no-412005-publ-em-17082005\/\">041 &#8211; 17\/08\/2005 Prioridade nos julgamentos de processos de Portadores de Defici\u00eancia<\/a><\/p>\n<p style=\"text-align: justify;\"><a href=\"https:\/\/www.tjes.jus.br\/corregedoria\/index.php\/2016\/12\/19\/resolucao-no-402005-publ-em-17082005\/\">040 &#8211; 17\/08\/2005 Instala\u00e7\u00e3o do 3\u00ba e 4\u00ba Juizado Especial C\u00edvel em Serra<\/a><\/p>\n<p style=\"text-align: justify;\"><a href=\"https:\/\/www.tjes.jus.br\/corregedoria\/index.php\/2016\/12\/19\/resolucao-no-392005-publ-em-17082005\/\">039 &#8211; 17\/08\/2005 Instala\u00e7\u00e3o da Vara de Fam\u00edlia em Viana<\/a><\/p>\n<p style=\"text-align: justify;\"><a href=\"https:\/\/www.tjes.jus.br\/corregedoria\/index.php\/2016\/12\/19\/resolucao-no-382005-publ-em-25072005\/\">038 &#8211; 25\/07\/2005 Restabelecimento dos termos da Resolu\u00e7\u00e3o n\u00ba 44\/2002<\/a><\/p>\n<p style=\"text-align: justify;\"><a href=\"https:\/\/www.tjes.jus.br\/corregedoria\/index.php\/2016\/12\/19\/resolucao-no-372005-publ-em-25072005\/\">037 &#8211; 25\/07\/2005 Prorroga\u00e7\u00e3o do prazo para a conclus\u00e3o do proc. n\u00ba 100020005649<\/a><\/p>\n<p style=\"text-align: justify;\"><a href=\"https:\/\/www.tjes.jus.br\/corregedoria\/index.php\/2016\/12\/19\/resolucao-no-362005-publ-em-11072005\/\">036 &#8211; 11\/07\/2005 Instaurar Proc. Adm. no Proc. n\u00ba 100050014123<\/a><\/p>\n<p style=\"text-align: justify;\"><a href=\"https:\/\/www.tjes.jus.br\/corregedoria\/index.php\/2016\/12\/19\/resolucao-no-352005-publ-em-06072005\/\">035 &#8211; 06\/07\/2005 Autoriza\u00e7\u00e3o do Prov. dos cargos em comis. de Oficial Jud. (Dir. Jud. Ass.)<\/a><\/p>\n<p style=\"text-align: justify;\"><a href=\"https:\/\/www.tjes.jus.br\/corregedoria\/index.php\/2016\/12\/19\/resolucao-no-342005-publ-em-06072005\/\">034 &#8211; 06\/07\/2005 Autoriza\u00e7\u00e3o de pagamentos por Servi\u00e7os Extraordin\u00e1rios &#8211; <span style=\"color: #ff0000;\"><strong>ALTERADA<\/strong><\/span><\/a><\/p>\n<p style=\"text-align: justify;\"><a href=\"https:\/\/www.tjes.jus.br\/corregedoria\/index.php\/2016\/12\/16\/resolucao-no-332005-publ-em-06072005\/\">033 &#8211; 06\/07\/2005 Regulamenta\u00e7\u00e3o de a\u00e7\u00f5es que efetivar\u00e3o a nova compet. da Aud. Mil. Est.<\/a><\/p>\n<p style=\"text-align: justify;\"><a href=\"https:\/\/www.tjes.jus.br\/corregedoria\/index.php\/2016\/12\/16\/resolucao-no-322005-publ-em-06072005\/\">032 &#8211; 06\/07\/2005 Instaurar Varas na Comarca de Vila Velha<\/a><\/p>\n<p style=\"text-align: justify;\"><a href=\"https:\/\/www.tjes.jus.br\/corregedoria\/index.php\/2016\/12\/16\/resolucao-no-312005-publ-em-06072005\/\">031 &#8211; 06\/07\/2005 Elei\u00e7\u00e3o do Des. Alinaldo Faria de Souza como Ouvidor Judici\u00e1rio<\/a><\/p>\n<p style=\"text-align: justify;\"><a href=\"https:\/\/www.tjes.jus.br\/corregedoria\/index.php\/2016\/12\/16\/resolucao-no-302005-publ-em-27062005\/\">030 &#8211; 27\/06\/2005 Instaurar Proc. Adm. no Proc. n\u00ba 100030037251<\/a><\/p>\n<p style=\"text-align: justify;\"><a href=\"https:\/\/www.tjes.jus.br\/corregedoria\/index.php\/2016\/12\/16\/resolucao-no-292005-publ-em-27062005\/\">029 &#8211; 27\/06\/2005 Instaurar Processo Adm. no Proc. n\u00ba 100030031551<\/a><\/p>\n<p style=\"text-align: justify;\"><a href=\"https:\/\/www.tjes.jus.br\/corregedoria\/index.php\/2016\/12\/16\/resolucao-no-282005-publ-em-24062005-republicacao\/\">028 &#8211; 24\/06\/2005 Provimento dos cargos em comiss\u00e3o de Ass. Judici\u00e1rio e Adjunto Judici\u00e1rio<\/a> &#8211; <span style=\"color: #ff0000;\"><strong>REPUBLICA\u00c7\u00c3O<\/strong><\/span><\/p>\n<p style=\"text-align: justify;\"><a href=\"https:\/\/www.tjes.jus.br\/corregedoria\/index.php\/2016\/12\/16\/resolucao-no-282005-publ-em-22062005\/\">028 &#8211; 22\/06\/2005 Provimento dos cargos em comiss\u00e3o de Ass. Judici\u00e1rio e Adjunto Judici\u00e1rio<\/a><\/p>\n<p style=\"text-align: justify;\"><a href=\"https:\/\/www.tjes.jus.br\/corregedoria\/index.php\/2016\/12\/16\/resolucao-no-272005-publ-em-16062005-revogada\/\">027 &#8211; 16\/06\/2005 Designa\u00e7\u00e3o, Destitui\u00e7\u00e3o e Atribui\u00e7\u00f5es do Chefe de Secretaria &#8211; <strong><span style=\"color: #ff0000;\">REVOGADA<\/span><\/strong><\/a><\/p>\n<p style=\"text-align: justify;\"><a href=\"https:\/\/www.tjes.jus.br\/corregedoria\/index.php\/2016\/12\/16\/resolucao-no-262005-publ-em-08062005\/\">026 &#8211; 08\/06\/2005 Subordina\u00e7\u00e3o dos cargos de Ass. N\u00edvel Sup. p\/ Ass. Jur. e Ass. de Gab. \u00e0 DJA<\/a><\/p>\n<p style=\"text-align: justify;\"><a href=\"https:\/\/www.tjes.jus.br\/corregedoria\/index.php\/2016\/12\/16\/resolucao-no-252005-publ-em-08062005\/\">025 &#8211; 08\/06\/2005 Estabelece o m\u00eas de julho para pag. abono-f\u00e9rias dos Magistrados<\/a><\/p>\n<p><a href=\"https:\/\/www.tjes.jus.br\/corregedoria\/index.php\/2016\/12\/16\/resolucao-no-242005-publ-em-01062005\/\">024 &#8211; 01\/06\/2005 Reestrutura\u00e7\u00e3o do quadro Administrativo do Poder Judici\u00e1rio<\/a> &#8211;\u00a0<strong><span style=\"color: #ff0000;\">REPUBLICA\u00c7\u00c3O<\/span><\/strong><\/p>\n<p style=\"text-align: justify;\"><a href=\"https:\/\/www.tjes.jus.br\/corregedoria\/index.php\/2016\/12\/16\/resolucao-no-242005-publ-em-27052005\/\">024 &#8211; 27\/05\/2005 Reestrutura\u00e7\u00e3o do quadro Administrativo do Poder Judici\u00e1rio<\/a><\/p>\n<p style=\"text-align: justify;\"><a href=\"https:\/\/www.tjes.jus.br\/corregedoria\/index.php\/2016\/12\/16\/resolucao-no-232005-publ-em-27052005\/\">023 &#8211; 27\/05\/2005 Otimiza\u00e7\u00e3o de c\u00e1lcs. e pag.da DRPD e celeridade dos procs. nas Secr. de C\u00e2m &#8211;\u00a0<strong><span style=\"color: #ff0000;\">REVOGADA<\/span><\/strong><\/a><\/p>\n<p style=\"text-align: justify;\"><a href=\"https:\/\/www.tjes.jus.br\/corregedoria\/index.php\/2016\/12\/16\/resolucao-no-222005-publ-em-24052005\/\">022 &#8211; 24\/05\/2005 F\u00e9rias de Magistrados no Novo Estautuo da Magistratura<\/a><\/p>\n<p style=\"text-align: justify;\"><a href=\"https:\/\/www.tjes.jus.br\/corregedoria\/index.php\/2016\/12\/16\/resolucao-no-212005-publ-em-20052005\/\">021 &#8211; 20\/05\/2005 Instaurar Processo Administrativo nos Proc. n\u00bas 100000028140 e 100020026744<\/a><\/p>\n<p style=\"text-align: justify;\"><a href=\"https:\/\/www.tjes.jus.br\/corregedoria\/index.php\/2016\/12\/16\/resolucao-no-0202005-publ-em-17052005\/\">020 &#8211; 17\/05\/2005 Remo\u00e7\u00e3o do Des. Alinaldo Faria de Souza para 3\u00aa C\u00e2mara C\u00edvel<\/a><\/p>\n<p style=\"text-align: justify;\"><a href=\"https:\/\/www.tjes.jus.br\/corregedoria\/index.php\/2016\/12\/16\/resolucao-no-192005-publ-em-09052005\/\">019 &#8211; 09\/05\/2005 Instala\u00e7\u00e3o da Vara da Faz. P\u00fabl. Est., Mun. e de Reg. P\u00fabl. de Guarapari<\/a><\/p>\n<p style=\"text-align: justify;\"><a href=\"https:\/\/www.tjes.jus.br\/corregedoria\/index.php\/2016\/12\/16\/resolucao-no-182005-publ-em-03052005\/\">018 &#8211; 03\/05\/2005 Institui\u00e7\u00e3o do F\u00f3rum dos Assistentes Sociais do Poder Judici\u00e1rio do ES<\/a><\/p>\n<p style=\"text-align: justify;\"><a href=\"https:\/\/www.tjes.jus.br\/corregedoria\/index.php\/2016\/12\/16\/resolucao-no-172005-publ-em-02052005\/\">017 &#8211; 02\/05\/2005 Nova Reda\u00e7\u00e3o do art. 5\u00ba da Resolu\u00e7\u00e3o n\u00ba 37\/02<\/a><\/p>\n<p style=\"text-align: justify;\"><a href=\"https:\/\/www.tjes.jus.br\/corregedoria\/index.php\/2016\/12\/16\/resolucao-no-162005-publ-em-28042005\/\">016 &#8211; 28\/04\/2005 Revoga\u00e7\u00e3o da Resolu\u00e7\u00e3o n\u00ba 044\/2002<\/a><\/p>\n<p style=\"text-align: justify;\"><a href=\"https:\/\/www.tjes.jus.br\/corregedoria\/index.php\/2016\/12\/16\/resolucao-no-152005-publ-em-28042005\/\">015 &#8211; 28\/04\/2005 Instaurar Processo n\u00ba 100040014910<\/a><\/p>\n<p><a href=\"https:\/\/www.tjes.jus.br\/corregedoria\/index.php\/2016\/12\/16\/resolucao-no-142005-publ-em-09062005\/\">014 &#8211; 09\/06\/2005 Instaurar Processo n\u00ba 100040020966<\/a>\u00a0&#8211;\u00a0<span style=\"color: #ff0000;\"><strong>REPUBLICA\u00c7\u00c3O<\/strong><\/span><\/p>\n<p style=\"text-align: justify;\"><a href=\"https:\/\/www.tjes.jus.br\/corregedoria\/index.php\/2016\/12\/16\/resolucao-no-142005-publ-em-28042005\/\" target=\"_blank\">014 &#8211; 28\/04\/2005 Instaurar Processo n\u00ba 100040020966<\/a><\/p>\n<p style=\"text-align: justify;\"><a href=\"https:\/\/www.tjes.jus.br\/corregedoria\/index.php\/2016\/12\/16\/resolucao-no-132005-publ-em-28042005\/\">013 &#8211; 28\/04\/2005 Instaurar Processo n\u00ba 100020005649<\/a><\/p>\n<p style=\"text-align: justify;\"><a href=\"https:\/\/www.tjes.jus.br\/corregedoria\/index.php\/2016\/12\/16\/resolucao-no-122005-publ-em-19042005\/\">012 &#8211; 19\/04\/2005 Instala\u00e7\u00e3o da 2\u00aa Vara de Concei\u00e7\u00e3o da Barra<\/a><\/p>\n<p style=\"text-align: justify;\"><a href=\"https:\/\/www.tjes.jus.br\/corregedoria\/index.php\/2016\/12\/16\/resolucao-no-112005-publ-em-01042005\/\">011 &#8211; 01\/04\/2005 Equipe T\u00e9cnica Cejai<\/a>\u00a0&#8211; <span style=\"color: #ff0000;\"><strong>REVOGADA<\/strong><\/span><\/p>\n<p style=\"text-align: justify;\"><a href=\"https:\/\/www.tjes.jus.br\/corregedoria\/index.php\/2016\/12\/16\/resolucao-no-102005-publ-em-01042005\/\">010 &#8211; 01\/04\/2005 Inclus\u00e3o Patr\u00edcia Calmon Rangel no CEJAI<\/a><\/p>\n<p style=\"text-align: justify;\"><a href=\"https:\/\/www.tjes.jus.br\/corregedoria\/index.php\/2016\/12\/16\/resolucao-no-092005-publ-em-22032005\/\">009 &#8211; 22\/03\/2005 Substitui\u00e7\u00e3o Ju\u00edzes em caso de Impedimento, suspei\u00e7\u00e3o ou aus\u00eancia &#8211; <span style=\"color: #ff0000;\"><strong>ALTERADA<\/strong><\/span><\/a><\/p>\n<p style=\"text-align: justify;\"><a href=\"https:\/\/www.tjes.jus.br\/corregedoria\/index.php\/2016\/12\/16\/resolucao-no-082005-publ-em-10032005\/\">008 &#8211; 10\/03\/2005 Instala\u00e7\u00e3o Juiz. Esp. Crim. Aracruz<\/a><\/p>\n<p style=\"text-align: justify;\"><a href=\"https:\/\/www.tjes.jus.br\/corregedoria\/index.php\/2016\/12\/16\/resolucao-no-072005-publ-em-08032005\/\">007 &#8211; 08\/03\/2005 Regulamenta\u00e7\u00e3o da Gratifica\u00e7\u00e3o de Plant\u00e3o Judici\u00e1rio &#8211; <strong><span style=\"color: #ff0000;\">REVOGADA<\/span><\/strong><\/a><\/p>\n<p style=\"text-align: justify;\"><a href=\"https:\/\/www.tjes.jus.br\/corregedoria\/index.php\/2016\/12\/16\/resolucao-no-062005-publ-em-01032005-republicacao\/\">006 &#8211; 01\/03\/2005 Define os membros para compor a CEJAI-ES &#8211;\u00a0<\/a><span style=\"color: #ff0000;\"><b>REPUBLICA\u00c7\u00c3O &#8211; ALTERADA<\/b><\/span><\/p>\n<p style=\"text-align: justify;\"><a href=\"https:\/\/www.tjes.jus.br\/corregedoria\/index.php\/2016\/12\/16\/resolucao-no-062005-publ-em-24022005\/\">006 &#8211; 24\/02\/2005 Define os membros para compor a CEJAI-ES<\/a><\/p>\n<p style=\"text-align: justify;\"><a href=\"https:\/\/www.tjes.jus.br\/corregedoria\/index.php\/2016\/12\/16\/resolucao-no-052005-publ-em-10022005\/\">005 &#8211; 10\/02\/2005 Normatiza e estipula regras em caso de pris\u00e3o, investiga\u00e7\u00e3o criminal e tramita\u00e7\u00e3o de procedimentos Criminais contra Magistrado<\/a><\/p>\n<p style=\"text-align: justify;\"><a href=\"https:\/\/www.tjes.jus.br\/corregedoria\/index.php\/2016\/12\/16\/resolucao-no-042005-publ-em-10022005\/\">004 &#8211; 10\/02\/2005 Institui o Projeto Concilia\u00e7\u00e3o<\/a><\/p>\n<p style=\"text-align: justify;\"><a href=\"https:\/\/www.tjes.jus.br\/corregedoria\/index.php\/2016\/12\/16\/resolucao-no-032005-publ-em-10022005\/\">003 &#8211; 10\/02\/2005 Sistema de Coopera\u00e7\u00e3o Regional (mutir\u00e3o)<\/a><\/p>\n<p style=\"text-align: justify;\"><a href=\"https:\/\/www.tjes.jus.br\/corregedoria\/index.php\/2016\/12\/16\/resolucao-no-022005-publ-em-10022005\/\">002 &#8211; 10\/02\/2005 Referendar Resolu\u00e7\u00e3o n\u00ba 01\/2005<\/a><\/p>\n<p style=\"text-align: justify;\"><a href=\"https:\/\/www.tjes.jus.br\/corregedoria\/index.php\/2016\/12\/16\/resolucao-no-012005-conselho-publ-em-19012005\/\">001 (CONSELHO) &#8211; 19\/01\/2005 Altera denomina\u00e7\u00e3o da 5\u00aa Vara de Linhares para 1\u00aa Vara de Fam\u00edlia e autoriza\u00a0\u201cad referendum\u201d do Egr\u00e9gio Tribunal Pleno, a instala\u00e7\u00e3o da 2\u00aa Vara de Fam\u00edlia, da Vara de \u00d3rfa\u00f5s e Sucess\u00f5es e da Vara Especializada da Inf\u00e2ncia e da Juventude da Comarca de Linhares<\/a><\/p>\n<p style=\"text-align: justify;\"><a href=\"https:\/\/www.tjes.jus.br\/corregedoria\/index.php\/2016\/12\/16\/resolucao-no-012005-publ-em-10022005\/\">001 &#8211; 10\/02\/2005 Referendar a Resolu\u00e7\u00e3o n\u00ba 12\/2004<\/a><\/p>\n","protected":false},"excerpt":{"rendered":"<p>ANO DE 2005 078 &#8211; 16\/12\/2005 Instala\u00e7\u00e3o 2\u00aa Vara Esp. Inf\u00e2ncia e Juventude na Serra 077 &#8211; 16\/12\/2005 Determina Cartas Precat\u00f3rias sejam processadas pelo Juizado Esp. Criminal &#8211;REVOGADA 076 &#8211; 16\/12\/2005 Localizar des. Adalto Dias Trist\u00e3o na 2\u00aa C\u00e2mara Criminal 075 &#8211; 16\/12\/2005 Localizar Des. Frederico Guilherme Pimentel na 1\u00aa C\u00e2mara C\u00edvel 074 &#8211; 16\/12\/2005 [&hellip;]<\/p>\n","protected":false},"author":1,"featured_media":0,"parent":4580,"menu_order":0,"comment_status":"closed","ping_status":"closed","template":"","meta":{"footnotes":""},"_links":{"self":[{"href":"https:\/\/www.tjes.jus.br\/corregedoria\/wp-json\/wp\/v2\/pages\/4626"}],"collection":[{"href":"https:\/\/www.tjes.jus.br\/corregedoria\/wp-json\/wp\/v2\/pages"}],"about":[{"href":"https:\/\/www.tjes.jus.br\/corregedoria\/wp-json\/wp\/v2\/types\/page"}],"author":[{"embeddable":true,"href":"https:\/\/www.tjes.jus.br\/corregedoria\/wp-json\/wp\/v2\/users\/1"}],"replies":[{"embeddable":true,"href":"https:\/\/www.tjes.jus.br\/corregedoria\/wp-json\/wp\/v2\/comments?post=4626"}],"version-history":[{"count":20,"href":"https:\/\/www.tjes.jus.br\/corregedoria\/wp-json\/wp\/v2\/pages\/4626\/revisions"}],"predecessor-version":[{"id":12019,"href":"https:\/\/www.tjes.jus.br\/corregedoria\/wp-json\/wp\/v2\/pages\/4626\/revisions\/12019"}],"up":[{"embeddable":true,"href":"https:\/\/www.tjes.jus.br\/corregedoria\/wp-json\/wp\/v2\/pages\/4580"}],"wp:attachment":[{"href":"https:\/\/www.tjes.jus.br\/corregedoria\/wp-json\/wp\/v2\/media?parent=4626"}],"curies":[{"name":"wp","href":"https:\/\/api.w.org\/{rel}","templated":true}]}}