{"id":4628,"date":"2016-08-10T17:20:07","date_gmt":"2016-08-10T20:20:07","guid":{"rendered":"https:\/\/www.tjes.jus.br\/corregedoria\/?page_id=4628"},"modified":"2017-02-16T15:53:45","modified_gmt":"2017-02-16T17:53:45","slug":"resolucoes-tjes-2004","status":"publish","type":"page","link":"https:\/\/www.tjes.jus.br\/corregedoria\/legislacao\/resolucoes-tjes\/resolucoes-tjes-2004\/","title":{"rendered":"Resolu\u00e7\u00f5es TJES &#8211; 2004"},"content":{"rendered":"<h1 style=\"text-align: center;\">ANO DE 2004<\/h1>\n<p style=\"text-align: justify;\"><a href=\"https:\/\/www.tjes.jus.br\/corregedoria\/index.php\/2016\/12\/16\/resolucao-no-442004-publ-em-27122004\/\">044 &#8211; 27\/12\/2004 Altera\u00e7\u00e3o composi\u00e7\u00e3o e organiza\u00e7\u00e3o CEJAI<\/a><\/p>\n<p style=\"text-align: justify;\"><a href=\"https:\/\/www.tjes.jus.br\/corregedoria\/index.php\/2016\/12\/16\/resolucao-no-432004-publ-em-22122004\/\">043 &#8211; 22\/12\/2004 Suspens\u00e3o f\u00e9rias Des. Ann\u00edbal de Rezende Lima<\/a><\/p>\n<p style=\"text-align: justify;\"><a href=\"https:\/\/www.tjes.jus.br\/corregedoria\/index.php\/2016\/12\/16\/resolucao-no-422004-publ-em-20122004\/\">042 &#8211; 20\/12\/2004 Suspens\u00e3o f\u00e9rias Des. Paulo Nicola Copolillo<\/a><\/p>\n<p style=\"text-align: justify;\"><a href=\"https:\/\/www.tjes.jus.br\/corregedoria\/index.php\/2016\/12\/16\/resolucao-no-412004-publ-em-20122004\/\">041 &#8211; 20\/12\/2004 Suspens\u00e3o f\u00e9rias Des. Manoel Alves Rabello<\/a><\/p>\n<p style=\"text-align: justify;\"><a href=\"https:\/\/www.tjes.jus.br\/corregedoria\/index.php\/2016\/12\/16\/resolucao-no-402004-publ-em-20122004\/\">040 &#8211; 20\/12\/2004 Suspens\u00e3o f\u00e9rias Des. Maur\u00edlio Almeida de Abreu<\/a><\/p>\n<p style=\"text-align: justify;\"><a href=\"https:\/\/www.tjes.jus.br\/corregedoria\/index.php\/2016\/12\/16\/resolucao-no-392004-publ-em-20122004\/\">039 &#8211; 20\/12\/2004 Suspens\u00e3o f\u00e9rias Des. S\u00e9rgio Bizzoto Pessoa de Mendon\u00e7a<\/a><\/p>\n<p style=\"text-align: justify;\"><a href=\"https:\/\/www.tjes.jus.br\/corregedoria\/index.php\/2016\/12\/16\/resolucao-no-382004-publ-em-14122004\/\">038 &#8211; 14\/12\/2004 Instala\u00e7\u00e3o 2\u00aa Vara (Criminal, da Inf\u00e2ncia e da Juventude, de \u00d3rf\u00e3os e Sucess\u00f5es e de procedimentos criminais definidos na Lei 9.099\/95) S\u00e3o Gabriel Palha<\/a><\/p>\n<p style=\"text-align: justify;\"><a href=\"https:\/\/www.tjes.jus.br\/corregedoria\/index.php\/2016\/12\/16\/resolucao-no-372004-publ-em-30112004\/\">037 &#8211; 30\/11\/2004 Direito de defesa de Magistrados<\/a>\u00a0&#8211; <span style=\"color: #ff0000;\"><strong>ALTERADA<\/strong><\/span><\/p>\n<p style=\"text-align: justify;\"><a href=\"https:\/\/www.tjes.jus.br\/corregedoria\/index.php\/2016\/12\/16\/resolucao-no-362004-publ-em-18112004\/\">036 &#8211; 18\/11\/2004 AUTORIZAR a instala\u00e7\u00e3o da 4\u00aa Vara, com compet\u00eancia em mat\u00e9ria da Fazenda P\u00fablica Estadual, Municipal, de Registro P\u00fablico e Meio Ambiente na Comarca de S\u00e3o Mateus, de 3\u00aa Entr\u00e2ncia<\/a><\/p>\n<p style=\"text-align: justify;\"><a href=\"https:\/\/www.tjes.jus.br\/corregedoria\/index.php\/2016\/12\/16\/resolucao-no-352004-publ-em-18112004\/\">035 &#8211; 18\/11\/2004 Autoriza a instala\u00e7\u00e3o do 3\u00ba Juizado Especial C\u00edvel de Cariacica, Comarca da Capital, de Entr\u00e2ncia Especial<\/a><\/p>\n<p style=\"text-align: justify;\"><a href=\"https:\/\/www.tjes.jus.br\/corregedoria\/index.php\/2016\/12\/16\/resolucao-no-342004-publ-em-05102004\/\">034 &#8211; 05\/10\/2004 Instaura\u00e7\u00e3o Proc. Adm. 100010014122<\/a><\/p>\n<p style=\"text-align: justify;\"><a href=\"https:\/\/www.tjes.jus.br\/corregedoria\/index.php\/2016\/12\/16\/resolucao-no-0332004-publ-em-04102004\/\">033 &#8211; 04\/10\/2004 Fixa crit\u00e9rios gerais para o processamento de den\u00fancias an\u00f4nimas endere\u00e7adas ao Egr\u00e9gio Tribunal de Justi\u00e7a<\/a><\/p>\n<p style=\"text-align: justify;\"><a href=\"https:\/\/www.tjes.jus.br\/corregedoria\/index.php\/2016\/12\/16\/resolucao-no-322004-publ-em-04102004\/\">032 &#8211; 04\/10\/2004 Localiza\u00e7\u00e3o Provis\u00f3ria Magistrado 1\u00ba Grau, durante aleitamento materno.<\/a><\/p>\n<p style=\"text-align: justify;\"><a href=\"https:\/\/www.tjes.jus.br\/corregedoria\/index.php\/2016\/12\/16\/resolucao-no-312004-publ-em-24092004\/\">031 &#8211; 24\/09\/2004 Hor\u00e1rio expediente Tribunal de Justi\u00e7a.<\/a><\/p>\n<p style=\"text-align: justify;\"><a href=\"https:\/\/www.tjes.jus.br\/corregedoria\/index.php\/2016\/12\/16\/resolucao-no-302004-publ-em-31082004\/\">030 &#8211; 31\/08\/2004 Homologa\u00e7\u00e3o Concurso Juiz Substituto, referente edital 01\/2003.<\/a><\/p>\n<p style=\"text-align: justify;\"><a href=\"https:\/\/www.tjes.jus.br\/corregedoria\/index.php\/2016\/12\/16\/resolucao-no-292004-publ-em-31082004\/\">029 &#8211; 31\/08\/2004 Convoca\u00e7\u00e3o Ju\u00edzes e Servidores, pelo Corregedor, quando necess\u00e1rio.<\/a><\/p>\n<p style=\"text-align: justify;\"><a href=\"https:\/\/www.tjes.jus.br\/corregedoria\/index.php\/2016\/12\/16\/resolucao-no-282004-disp-em-31082004\/\">028 &#8211; 31\/08\/2004 Concess\u00e3o de prioridade na tramita\u00e7\u00e3o processos judiciais<\/a><\/p>\n<p style=\"text-align: justify;\"><a href=\"https:\/\/www.tjes.jus.br\/corregedoria\/index.php\/2016\/12\/16\/resolucao-no-272004-disp-em-12082004\/\">027 &#8211; 12\/08\/2004 Acrescentar curso Educa\u00e7\u00e3o F\u00edsica, Medicina e Fisioterapia, na Resolu\u00e7\u00e3o n\u00ba 04\/2004<\/a>\u00a0&#8211; <span style=\"color: #ff0000;\"><strong>REVOGADA<\/strong><\/span><\/p>\n<p style=\"text-align: justify;\"><a href=\"https:\/\/www.tjes.jus.br\/corregedoria\/index.php\/2016\/12\/16\/resolucao-no-262004-disp-em-10082004\/\">026 &#8211; 10\/08\/2004 Execu\u00e7\u00e3o medidas s\u00f3cio-educativas privativas de liberdade<\/a><\/p>\n<p style=\"text-align: justify;\"><a href=\"https:\/\/www.tjes.jus.br\/corregedoria\/index.php\/2016\/12\/16\/resolucao-no-252004-publ-em-10082004\/\">025 &#8211; 10\/08\/2004 Instala\u00e7\u00e3o Juiz. Esp. Crim. S\u00e3o Mateus<\/a><\/p>\n<p style=\"text-align: justify;\"><a href=\"https:\/\/www.tjes.jus.br\/corregedoria\/index.php\/2016\/12\/15\/resolucao-no-242004-publ-em-10082004\/\">024 &#8211; 10\/08\/2004 Instala\u00e7\u00e3o Juiz. Esp. Crim. Nova Ven\u00e9cia<\/a><\/p>\n<p style=\"text-align: justify;\"><a href=\"https:\/\/www.tjes.jus.br\/corregedoria\/index.php\/2016\/12\/15\/resolucao-no-232004-publ-em-10082004\/\">023 &#8211; 10\/08\/2004 Instala\u00e7\u00e3o 2Vara Faz. P\u00fab. Mun. e 5\u00aa Fam. Cariacica<\/a><\/p>\n<p style=\"text-align: justify;\"><a href=\"https:\/\/www.tjes.jus.br\/corregedoria\/index.php\/2016\/12\/15\/resolucao-no-222004-publ-em-10082004\/\">022 &#8211; 10\/08\/2004 Indeniza\u00e7\u00e3o transporte Oficial Justi\u00e7a<\/a><\/p>\n<p style=\"text-align: justify;\"><a href=\"https:\/\/www.tjes.jus.br\/corregedoria\/index.php\/2016\/12\/15\/resolucao-no-212004-publ-em-05072004\/\">021 &#8211; 05\/07\/2004 Suspens\u00e3o f\u00e9rias Des. S\u00e9rgio L.T. Gama e Jos\u00e9 Luiz B. Vivas<\/a><\/p>\n<p style=\"text-align: justify;\"><a href=\"https:\/\/www.tjes.jus.br\/corregedoria\/index.php\/2016\/12\/15\/resolucao-no-202004-publ-em-28062004\/\">020 &#8211; 28\/06\/2004 Suspens\u00e3o f\u00e9rias Des. Paulo Nicola Copolillo.<\/a><\/p>\n<p style=\"text-align: justify;\"><a href=\"https:\/\/www.tjes.jus.br\/corregedoria\/index.php\/2016\/12\/15\/resolucao-no-192004-publ-em-28062004\/\">019 &#8211; 28\/06\/2004 Suspens\u00e3o f\u00e9rias Presidente e Vice-Presidente do TRE<\/a><\/p>\n<p style=\"text-align: justify;\"><a href=\"https:\/\/www.tjes.jus.br\/corregedoria\/index.php\/2016\/12\/15\/resolucao-no-182004-publ-em-28062004\/\">018 &#8211; 28\/06\/2004 Suspens\u00e3o f\u00e9rias Comiss\u00e3o Inqu\u00e9rito 100000024446<\/a><\/p>\n<p style=\"text-align: justify;\"><a href=\"https:\/\/www.tjes.jus.br\/corregedoria\/index.php\/2016\/12\/15\/resolucao-no-172004-publ-em-28062004\/\">017 &#8211; 28\/06\/2004 Suspens\u00e3o f\u00e9rias Membros Comiss\u00e3o Concurso Juiz Substituto<\/a><\/p>\n<p style=\"text-align: justify;\"><a href=\"https:\/\/www.tjes.jus.br\/corregedoria\/index.php\/2016\/12\/15\/resolucao-no-162004-publ-em-24062004\/\">016 &#8211; 24\/06\/2004 Instituir a compet\u00eancia 3\u00ba Juizado Especial Criminal de Vit\u00f3ria<\/a><\/p>\n<p style=\"text-align: justify;\"><a href=\"https:\/\/www.tjes.jus.br\/corregedoria\/index.php\/2016\/12\/15\/resolucao-no-152004-publ-em-22062004\/\">015 &#8211; 22\/06\/2004 Afastamento Des. Manoel Alves Rabelo da Justi\u00e7a Comun.<\/a><\/p>\n<p style=\"text-align: justify;\"><a href=\"https:\/\/www.tjes.jus.br\/corregedoria\/index.php\/2016\/12\/15\/resolucao-no-142004-publ-em-22062004\/\">014 &#8211; 22\/06\/2004 Afastamento Des. Maur\u00edlio Almeida de Abreu, da Justi\u00e7a Comun<\/a><\/p>\n<p style=\"text-align: justify;\"><a href=\"https:\/\/www.tjes.jus.br\/corregedoria\/index.php\/2016\/12\/15\/resolucao-no-132004-publ-em-17062004\/\">013 &#8211; 17\/06\/2004 Comiss\u00e3o Inqu\u00e9rito &#8211; 100010014122<\/a><\/p>\n<p style=\"text-align: justify;\"><a href=\"https:\/\/www.tjes.jus.br\/corregedoria\/index.php\/2016\/12\/16\/resolucao-no-122004-publ-em-29122004\/\">012 (CONSELHO) &#8211; 29\/12\/2004 Autoriza, \u201cad referendum\u201d do Egr\u00e9gio Tribunal Pleno, a instala\u00e7\u00e3o da 5\u00aa Vara Criminal (com compet\u00eancia exclusiva em crimes de t\u00f3xicos), da 5\u00aa Vara C\u00edvel e do 3\u00ba Juizado Especial C\u00edvel da Serra, Comarca da Capital, Entr\u00e2ncia Especial.<\/a><\/p>\n<p style=\"text-align: justify;\"><a href=\"https:\/\/www.tjes.jus.br\/corregedoria\/index.php\/2016\/12\/15\/resolucao-no-122004-publ-em-16062004\/\">012 &#8211; 16\/06\/2004 Altera\u00e7\u00e3o Comiss\u00e3o de Concurso P\u00fablico para Juiz substituto<\/a><\/p>\n<p style=\"text-align: justify;\"><a href=\"https:\/\/www.tjes.jus.br\/corregedoria\/index.php\/2016\/12\/19\/resolucao-no-112004-conselho-publ-em-22092004\/\">011 (CONSELHO) &#8211; 22\/09\/2004\u00a0Regulamenta o art. 74 e par\u00e1grafo \u00fanico da Lei Complementar 46\/94 &#8211; Regime Jur\u00eddico \u00danico dos Servidores P\u00fablicos Civis do Estado do Esp\u00edrito Santo &#8211; que trata da consigna\u00e7\u00e3o em folha de pagamento dos servidores do Poder Judici\u00e1rio, extensivo \u00e0 magistratura<\/a>\u00a0&#8211; <strong><span style=\"color: #ff0000;\">ALTERADA<\/span><\/strong><\/p>\n<p style=\"text-align: justify;\"><a href=\"https:\/\/www.tjes.jus.br\/corregedoria\/index.php\/2016\/12\/15\/resolucao-no-112004-publ-em-19052004\/\">011 &#8211; 19\/05\/2004 Remo\u00e7\u00e3o des. Jos\u00e9 Luiz Barreto Vivas, da 4\u00aa para 3\u00aa C\u00e2mara C\u00edvel.<\/a><\/p>\n<p style=\"text-align: justify;\"><a href=\"https:\/\/www.tjes.jus.br\/corregedoria\/index.php\/2016\/12\/19\/resolucao-no-102004-conselho-publ-em-22092004\/\">010 (CONSELHO) &#8211; 22\/09\/2004 &#8211;\u00a0Fixa crit\u00e9rios gerais para realiza\u00e7\u00e3o de conv\u00eanios entre o Poder Judici\u00e1rio do Estado do Esp\u00edrito Santo e institui\u00e7\u00f5es ou \u00f3rg\u00e3os p\u00fablicos, ou privados, da Uni\u00e3o, Estados e Munic\u00edpios, bem como organismos n\u00e3o governamentais<\/a>\u00a0&#8211; <span style=\"color: #ff0000;\"><strong>ALTERADA<\/strong><\/span><\/p>\n<p style=\"text-align: justify;\"><a href=\"https:\/\/www.tjes.jus.br\/corregedoria\/index.php\/2016\/12\/15\/resolucao-no-102004-publ-em-30042004\/\">010 &#8211; 30\/04\/2004 Reconduzir ao cargo de Ouvidor o Des. Paulo Nicola Copolillo<\/a><\/p>\n<p style=\"text-align: justify;\"><a href=\"https:\/\/www.tjes.jus.br\/corregedoria\/index.php\/2016\/12\/19\/resolucao-no-102004-conselho-publ-em-05032004\/\">010 (CONSELHO) &#8211; 05\/03\/2004 &#8211; Convoca membros para composi\u00e7\u00e3o dos Colegiados Recursais<\/a><\/p>\n<p style=\"text-align: justify;\"><a href=\"https:\/\/www.tjes.jus.br\/corregedoria\/index.php\/2016\/12\/15\/resolucao-no-092004-publ-em-05042004\/\">009 &#8211; 05\/04\/2004 Referendar a Resolu\u00e7\u00e3o N\u00ba 05\/04.<\/a><\/p>\n<p style=\"text-align: justify;\"><a href=\"https:\/\/www.tjes.jus.br\/corregedoria\/index.php\/2016\/12\/15\/resolucao-no-082004-publ-em-26072004\/\">008 (CONSELHO) &#8211;\u00a026\/07\/2004 D\u00e1 nova reda\u00e7\u00e3o ao artigo 3\u00ba da Resolu\u00e7\u00e3o n\u00ba 014\/2001<\/a>\u00a0&#8211; <span style=\"color: #ff0000;\"><strong>REVOGADA<\/strong><\/span><\/p>\n<p style=\"text-align: justify;\"><a href=\"https:\/\/www.tjes.jus.br\/corregedoria\/index.php\/2016\/12\/15\/resolucao-no-082004-publ-em-05042004\/\">008 &#8211; 05\/04\/2004 Em caso de impedimento ocasional ou suspei\u00e7\u00e3o juiz.<\/a><\/p>\n<p style=\"text-align: justify;\"><a href=\"https:\/\/www.tjes.jus.br\/corregedoria\/index.php\/2016\/12\/15\/resolucao-no-072004-publ-em-30032004\/\">007 &#8211; 30\/03\/2004 Designa\u00e7\u00e3o Des. Annibal, Jorge G\u00f3es e Carlos Henrique, inqu\u00e9rito 100000024446<\/a><\/p>\n<p style=\"text-align: justify;\"><a href=\"https:\/\/www.tjes.jus.br\/corregedoria\/index.php\/2016\/12\/15\/resolucao-no-062004-publ-em-05032004\/\">006 &#8211; 05\/03\/2004 Referendar a Resolu\u00e7\u00e3o N\u00ba 04\/2004<\/a><\/p>\n<p style=\"text-align: justify;\"><a href=\"https:\/\/www.tjes.jus.br\/corregedoria\/index.php\/2016\/12\/15\/resolucao-no-052004-publ-em-02032004\/\">005 &#8211; 02\/03\/2004 Valor vale alimenta\u00e7\u00e3o para R$ 15,00<\/a>\u00a0&#8211; <span style=\"color: #ff0000;\"><strong>REVOGADA<\/strong><\/span><\/p>\n<p style=\"text-align: justify;\"><a href=\"https:\/\/www.tjes.jus.br\/corregedoria\/index.php\/2016\/12\/15\/resolucao-no-052004-publ-em-27012004\/\">005 (CONSELHO) &#8211; 27\/01\/2004\u00a0Fixa crit\u00e9rios para concess\u00e3o do benef\u00edcio previsto no art. 155, II da LC n\u00ba 234\/02.<\/a><\/p>\n<p style=\"text-align: justify;\"><a href=\"https:\/\/www.tjes.jus.br\/corregedoria\/index.php\/2016\/12\/15\/resolucao-no-042004-publ-em-02032004\/\">004 &#8211; 02\/03\/2004 Designa\u00e7\u00e3o Des. Nivaldo, Amim e Arnaldo, com. inqu\u00e9rito 100010014122<\/a>\u00a0&#8211; <span style=\"color: #ff0000;\"><strong>EFEITOS CESSADOS<\/strong><\/span><\/p>\n<p style=\"text-align: justify;\"><a href=\"https:\/\/www.tjes.jus.br\/corregedoria\/index.php\/2016\/12\/15\/resolucao-no-042004-publ-em-14012004\/\">004 (CONSELHO) &#8211; 14\/01\/2004 Designar o Exm\u00ba Sr. Desembargador Pedro Valls Feu Rosa como membro substituto &#8211; Classe dos Desembargadores no TRE do Esp\u00edrito Santo<\/a><\/p>\n<p style=\"text-align: justify;\"><a href=\"https:\/\/www.tjes.jus.br\/corregedoria\/index.php\/2016\/12\/15\/resolucao-no-032004-publ-em-20022004\/\">003 &#8211; 20\/02\/2004 Permuta Des. Manoel Alves Rabello x Des. Welington da C. Citty<\/a><\/p>\n<p style=\"text-align: justify;\"><a href=\"https:\/\/www.tjes.jus.br\/corregedoria\/index.php\/2016\/12\/19\/resolucao-no-032004-publ-em-14012004\/\">003 (CONSELHO) &#8211; 14\/01\/2004\u00a0Suspende as f\u00e9rias dos Exm\u00bas Srs. Desembargadores \u00c1lvaro Manoel Rosindo Bourguignon, Alinaldo Faria de Souza e S\u00e9rgio Luiz Teixeira Gama referente ao m\u00eas de janeiro de 2004<\/a><\/p>\n<p style=\"text-align: justify;\"><a href=\"https:\/\/www.tjes.jus.br\/corregedoria\/index.php\/2016\/12\/15\/resolucao-no-022004-publ-em-06022004\/\">002 &#8211; 06\/02\/2004 Remo\u00e7\u00e3o Des. Amim Abiguenem<\/a><\/p>\n<p style=\"text-align: justify;\"><a href=\"https:\/\/www.tjes.jus.br\/corregedoria\/index.php\/2016\/12\/19\/resolucao-no-022004-conselho-publ-em-14012004\/\">002 (CONSELHO) &#8211; 14\/01\/2004 Define dias e hor\u00e1rios para as sess\u00f5es do Egr\u00e9gio Conselho Superior da Magistratura<\/a><\/p>\n<p style=\"text-align: justify;\"><a href=\"https:\/\/www.tjes.jus.br\/corregedoria\/index.php\/2016\/12\/15\/resolucao-no-012004-publ-em-06022004-revogada\/\">001 &#8211; 06\/02\/2004 Procedimento de concess\u00e3o de afastamento para magistrados &#8211; <strong><span style=\"color: #ff0000;\">REVOGADA<\/span><\/strong><\/a><\/p>\n<p style=\"text-align: justify;\"><a href=\"https:\/\/www.tjes.jus.br\/corregedoria\/index.php\/2016\/12\/19\/resolucao-no-00104-conselho-publ-em-09012004\/\">001 (CONSELHO) &#8211; Concede a servidor designado substituto legal retribui\u00e7\u00e3o integral da substitui\u00e7\u00e3o, nos casos dos afastamentos ou impedimento legais do titular, igual ou superiores a 30 (trinta) dias<\/a><\/p>\n","protected":false},"excerpt":{"rendered":"<p>ANO DE 2004 044 &#8211; 27\/12\/2004 Altera\u00e7\u00e3o composi\u00e7\u00e3o e organiza\u00e7\u00e3o CEJAI 043 &#8211; 22\/12\/2004 Suspens\u00e3o f\u00e9rias Des. Ann\u00edbal de Rezende Lima 042 &#8211; 20\/12\/2004 Suspens\u00e3o f\u00e9rias Des. Paulo Nicola Copolillo 041 &#8211; 20\/12\/2004 Suspens\u00e3o f\u00e9rias Des. Manoel Alves Rabello 040 &#8211; 20\/12\/2004 Suspens\u00e3o f\u00e9rias Des. Maur\u00edlio Almeida de Abreu 039 &#8211; 20\/12\/2004 Suspens\u00e3o f\u00e9rias Des. [&hellip;]<\/p>\n","protected":false},"author":1,"featured_media":0,"parent":4580,"menu_order":0,"comment_status":"closed","ping_status":"closed","template":"","meta":{"footnotes":""},"_links":{"self":[{"href":"https:\/\/www.tjes.jus.br\/corregedoria\/wp-json\/wp\/v2\/pages\/4628"}],"collection":[{"href":"https:\/\/www.tjes.jus.br\/corregedoria\/wp-json\/wp\/v2\/pages"}],"about":[{"href":"https:\/\/www.tjes.jus.br\/corregedoria\/wp-json\/wp\/v2\/types\/page"}],"author":[{"embeddable":true,"href":"https:\/\/www.tjes.jus.br\/corregedoria\/wp-json\/wp\/v2\/users\/1"}],"replies":[{"embeddable":true,"href":"https:\/\/www.tjes.jus.br\/corregedoria\/wp-json\/wp\/v2\/comments?post=4628"}],"version-history":[{"count":16,"href":"https:\/\/www.tjes.jus.br\/corregedoria\/wp-json\/wp\/v2\/pages\/4628\/revisions"}],"predecessor-version":[{"id":11546,"href":"https:\/\/www.tjes.jus.br\/corregedoria\/wp-json\/wp\/v2\/pages\/4628\/revisions\/11546"}],"up":[{"embeddable":true,"href":"https:\/\/www.tjes.jus.br\/corregedoria\/wp-json\/wp\/v2\/pages\/4580"}],"wp:attachment":[{"href":"https:\/\/www.tjes.jus.br\/corregedoria\/wp-json\/wp\/v2\/media?parent=4628"}],"curies":[{"name":"wp","href":"https:\/\/api.w.org\/{rel}","templated":true}]}}