{"id":4630,"date":"2016-08-10T17:21:43","date_gmt":"2016-08-10T20:21:43","guid":{"rendered":"https:\/\/www.tjes.jus.br\/corregedoria\/?page_id=4630"},"modified":"2017-01-27T13:08:31","modified_gmt":"2017-01-27T15:08:31","slug":"resolucoes-tjes-2003","status":"publish","type":"page","link":"https:\/\/www.tjes.jus.br\/corregedoria\/legislacao\/resolucoes-tjes\/resolucoes-tjes-2003\/","title":{"rendered":"Resolu\u00e7\u00f5es TJES &#8211; 2003"},"content":{"rendered":"<h1 style=\"text-align: center;\">ANO DE 2003<\/h1>\n<p style=\"text-align: justify;\"><a href=\"https:\/\/www.tjes.jus.br\/corregedoria\/index.php\/2016\/12\/15\/resolucao-no-0392003-publ-em-29122003\/\">039 &#8211; 29\/12\/2003 Disciplina a substitui\u00e7\u00e3o autom\u00e1tica entre ju\u00edzes nos casos de impedimento ocasional ou suspei\u00e7\u00e3o de Juiz<\/a>\u00a0&#8211; <span style=\"color: #ff0000;\"><strong>REVOGADA<\/strong><\/span><\/p>\n<p style=\"text-align: justify;\"><a href=\"https:\/\/www.tjes.jus.br\/corregedoria\/index.php\/2016\/12\/15\/resolucao-no-0382003-publ-em-29122003\/\">038 &#8211; 29\/12\/2003 Permuta Desembargadores<\/a><\/p>\n<p style=\"text-align: justify;\"><a href=\"https:\/\/www.tjes.jus.br\/corregedoria\/index.php\/2016\/12\/15\/resolucao-no-0372003-publ-em-19122003\/\">037 &#8211; 19\/12\/2003 Designa\u00e7\u00e3o Des. Ant\u00f4nio Jos\u00e9 Miguel Feu Rosa P\/ Corregedor geral Justi\u00e7a<\/a><\/p>\n<p style=\"text-align: justify;\"><a href=\"https:\/\/www.tjes.jus.br\/corregedoria\/index.php\/2016\/12\/15\/resolucao-no-0362003-publ-em-09122003\/\">036 &#8211; 09\/12\/2003 Constitui Comiss\u00f5es de Regimento Interno e de Reforma Judici\u00e1ria<\/a><\/p>\n<p style=\"text-align: justify;\"><a href=\"https:\/\/www.tjes.jus.br\/corregedoria\/index.php\/2016\/12\/15\/resolucao-no-0352003-publ-em-09122003\/\">035- 09\/12\/2003 Vice-Corregedor Geral da Justi\u00e7a Bi\u00eanio 2004\/2005<\/a><\/p>\n<p style=\"text-align: justify;\"><a href=\"https:\/\/www.tjes.jus.br\/corregedoria\/index.php\/2016\/12\/15\/resolucao-no-0342003-publ-em-09122003\/\">034 &#8211; 09\/12\/2003 Composi\u00e7\u00e3o Conselho da Magistratura Bi\u00eanio 2004\/2005<\/a><\/p>\n<p style=\"text-align: justify;\"><a href=\"https:\/\/www.tjes.jus.br\/corregedoria\/index.php\/2016\/12\/15\/resolucao-no-0332003-publ-em-09122003\/\">033- 09\/12\/2003 Mesa Diretora Tribunal de Justi\u00e7a Bi\u00eanio 2004\/2005<\/a><\/p>\n<p style=\"text-align: justify;\"><a href=\"https:\/\/www.tjes.jus.br\/corregedoria\/index.php\/2016\/12\/15\/resolucao-no-0322003-publ-em-27112003\/\">032 &#8211; 27\/11\/2003 Comiss\u00e3o Inqu\u00e9rito 100010010674<\/a><\/p>\n<p style=\"text-align: justify;\"><a href=\"https:\/\/www.tjes.jus.br\/corregedoria\/index.php\/2016\/12\/15\/resolucao-no-0312003-publ-em-28112003-republicacao\/\">031 &#8211; 28\/11\/2003 Instituir Compet\u00eancia exclusiva 3\u00ba Juiz. Esp. Criminal &#8211; <span style=\"color: #ff0000;\"><strong>Republica\u00e7\u00e3o<\/strong><\/span><\/a>\u00a0&#8211; <span style=\"color: #ff0000;\"><strong>REVOGADA<\/strong><\/span><\/p>\n<p><a href=\"https:\/\/www.tjes.jus.br\/corregedoria\/index.php\/2016\/12\/15\/resolucao-no-0312003-publ-em-26112003\/\">031- 26\/11\/2003 Instituir Compet\u00eancia exclusiva 3\u00ba Juiz. Esp. Criminal<\/a>\u00a0&#8211; <span style=\"color: #ff0000;\"><strong>REVOGADA<\/strong><\/span><\/p>\n<p style=\"text-align: justify;\"><a href=\"https:\/\/www.tjes.jus.br\/corregedoria\/index.php\/2016\/12\/15\/resolucao-no-0302003-publ-em-27112003-republicacao\/\">030 &#8211; 27\/11\/2003 Altera o \u00a7 4\u00ba, do Artigo 1\u00ba, da Resolu\u00e7\u00e3o 018\/02 &#8211; <span style=\"color: #ff0000;\"><strong>Republica\u00e7\u00e3o<\/strong><\/span><\/a><\/p>\n<p style=\"text-align: justify;\"><a href=\"https:\/\/www.tjes.jus.br\/corregedoria\/index.php\/2016\/12\/15\/resolucao-no-0302003-publ-em-21112003\/\">030 &#8211; 21\/11\/2003 Altera o \u00a7 4\u00ba, do Artigo 1\u00ba, da Resolu\u00e7\u00e3o 018\/02<\/a><\/p>\n<p style=\"text-align: justify;\"><a href=\"https:\/\/www.tjes.jus.br\/corregedoria\/index.php\/2016\/12\/15\/resolucao-no-0292003-publ-em-11112003\/\">029 &#8211; 11\/11\/2003 Tonar insubsistente a Resolu\u00e7\u00e3o N\u00ba 22\/03<\/a><\/p>\n<p style=\"text-align: justify;\"><a href=\"https:\/\/www.tjes.jus.br\/corregedoria\/index.php\/2016\/12\/15\/resolucao-no-0282003-publ-em-10112003\/\">028 &#8211; 10\/11\/2003 Instala\u00e7\u00e3o 2\u00aa Vara Baixo Guandu<\/a><\/p>\n<p style=\"text-align: justify;\"><a href=\"https:\/\/www.tjes.jus.br\/corregedoria\/index.php\/2016\/12\/15\/resolucao-no-0272003-publ-em-10112003\/\">027 &#8211; 10\/11\/2003 Instala\u00e7\u00e3o 2\u00aa Vara C\u00edvel Juiz. Esp. C\u00edvel Aracruz<\/a><\/p>\n<p style=\"text-align: justify;\"><a href=\"https:\/\/www.tjes.jus.br\/corregedoria\/index.php\/2016\/12\/15\/resolucao-no-0262003-publ-em-04112003\/\">026 &#8211; 04\/11\/2003 Comenda Gr\u00e3-Cruz Dr. Paulo C\u00e9sar Hartung Gomes<\/a><\/p>\n<p style=\"text-align: justify;\"><a href=\"https:\/\/www.tjes.jus.br\/corregedoria\/index.php\/2016\/12\/15\/resolucao-no-0252003-publ-em-04112003\/\">025 &#8211; 04\/11\/2003 Comenda Gr\u00e3-Cruz Ministro Nilson Vital Naves<\/a><\/p>\n<p style=\"text-align: justify;\"><a href=\"https:\/\/www.tjes.jus.br\/corregedoria\/index.php\/2016\/12\/15\/resolucao-no-0242003-publ-em-04112003\/\">024 &#8211; 04\/11\/2003 Comenda Gr\u00e3-Cruz Ministro Maur\u00edcio Jos\u00e9 Corr\u00eaa<\/a><\/p>\n<p style=\"text-align: justify;\"><a href=\"https:\/\/www.tjes.jus.br\/corregedoria\/index.php\/2016\/12\/15\/resolucao-no-0232003-publ-em-03112003\/\">023 &#8211; 03\/11\/2003 Instala\u00e7\u00e3o 3\u00aa Vara Fam e Feitos Faz. P\u00fab. Mun. Serra<\/a><\/p>\n<p style=\"text-align: justify;\"><a href=\"https:\/\/www.tjes.jus.br\/corregedoria\/index.php\/2016\/12\/15\/resolucao-no-0222003-publ-em-10092003\/\">022 &#8211; 10\/09\/2003 Instala\u00e7\u00e3o 11\u00aa Vara Criminal Vit\u00f3ria<\/a>\u00a0&#8211; <span style=\"color: #ff0000;\"><strong>TORNADA INSUBSISTENTE PELA RESOLU\u00c7\u00c3O 29\/2003<\/strong><\/span><\/p>\n<p style=\"text-align: justify;\"><a href=\"https:\/\/www.tjes.jus.br\/corregedoria\/index.php\/2016\/12\/14\/resolucao-no-212003-publ-em-08082003\/\">021- 08\/08\/2003 Estabelece gratifica\u00e7\u00e3o presta\u00e7\u00e3o servi\u00e7os ext. Projeto Just. Comunit\u00e1ria<\/a><\/p>\n<p style=\"text-align: justify;\"><a href=\"https:\/\/www.tjes.jus.br\/corregedoria\/index.php\/2016\/12\/14\/resolucao-no-0202003-publ-em-06082003\/\">020 &#8211; 06\/08\/2003 Regulamenta\u00e7\u00e3o Art. 2\u00ba, \u00a7 1\u00ba da Lei Federal N\u00ba 10.520 de 17\/07\/2002<\/a><\/p>\n<p style=\"text-align: justify;\"><a href=\"https:\/\/www.tjes.jus.br\/corregedoria\/index.php\/2016\/12\/14\/resolucao-no-0192003-publ-em-02072003\/\">019 &#8211; 02\/07\/2003 F\u00e9rias Des. Welington da Costa Citty<\/a><\/p>\n<p style=\"text-align: justify;\"><a href=\"https:\/\/www.tjes.jus.br\/corregedoria\/index.php\/2016\/12\/14\/resolucao-no-0182003-publ-em-30062003\/\">018 &#8211; 30\/06\/2003 Instala\u00e7\u00e3o 2\u00aa Fam, 2\u00aa Crim, Guarapari<\/a><\/p>\n<p style=\"text-align: justify;\"><a href=\"https:\/\/www.tjes.jus.br\/corregedoria\/index.php\/2016\/12\/14\/resolucao-no-0172003-publ-em-30062003\/\">017 &#8211; 30\/06\/2003 Disp\u00f5e sobre a concess\u00e3o di\u00e1rias aos servidores e magistrados do PJES &#8211; <strong><span style=\"color: #ff0000;\">REVOGADA<\/span><\/strong><\/a><\/p>\n<p style=\"text-align: justify;\"><a href=\"https:\/\/www.tjes.jus.br\/corregedoria\/index.php\/2016\/12\/14\/resolucao-no-0162003-publ-em-30062003\/\">016 &#8211; 30\/06\/2003 Suspens\u00e3o f\u00e9rias Ant\u00f4nio Carlos Antolini<\/a><\/p>\n<p style=\"text-align: justify;\"><a href=\"https:\/\/www.tjes.jus.br\/corregedoria\/index.php\/2016\/12\/14\/resolucao-no-0152003-publ-em-30062003\/\">015 &#8211; 30\/06\/2003 Suspens\u00e3o f\u00e9rias Des. Nivaldo Xavier Valinho<\/a><\/p>\n<p style=\"text-align: justify;\"><a href=\"https:\/\/www.tjes.jus.br\/corregedoria\/index.php\/2016\/12\/14\/resolucao-no-0142003-publ-em-30062003\/\">014 &#8211; 30\/06\/2003 Suspens\u00e3o f\u00e9rias Des. Pedro Valls Feu Rosa<\/a><\/p>\n<p style=\"text-align: justify;\"><a href=\"https:\/\/www.tjes.jus.br\/corregedoria\/index.php\/2016\/12\/14\/resolucao-no-0132003-publ-em-30062003\/\">013 &#8211; 30\/06\/2003 Suspens\u00e3o f\u00e9rias des. Adalto Dias Trist\u00e3o<\/a><\/p>\n<p style=\"text-align: justify;\"><a href=\"https:\/\/www.tjes.jus.br\/corregedoria\/index.php\/2016\/12\/14\/resolucao-no-122003-publ-em-25062003\/\">012 &#8211; 25\/06\/2003 Constituir Comiss\u00e3o Concurso P\u00fablico Juiz Substituto<\/a><\/p>\n<p style=\"text-align: justify;\"><a href=\"https:\/\/www.tjes.jus.br\/corregedoria\/index.php\/2016\/12\/14\/resolucao-no-112003-publ-em-23062003\/\">011 &#8211; 23\/06\/2003 Comenda Gr\u00e3-Cruz Des. Arione V. Ribeiro<\/a><\/p>\n<p style=\"text-align: justify;\"><a href=\"https:\/\/www.tjes.jus.br\/corregedoria\/index.php\/2016\/12\/14\/resolucao-no-102003-publ-em-17062003\/\">010 &#8211; 17\/06\/2003 Instala\u00e7\u00e3o 1\u00aa Vara Inf. e Juventude Colatina<\/a><\/p>\n<p style=\"text-align: justify;\"><a href=\"https:\/\/www.tjes.jus.br\/corregedoria\/index.php\/2016\/12\/14\/resolucao-no-092003-publ-em-17062003\/\">009 &#8211; 17\/06\/2003 Estabelece Compet\u00eancia 2\u00aa Criminal, para Execu\u00e7\u00f5es Criminais S\u00e3o Mateus<\/a><\/p>\n<p style=\"text-align: justify;\"><a href=\"https:\/\/www.tjes.jus.br\/corregedoria\/index.php\/2016\/12\/14\/resolucao-no-082003-publ-em-30052003\/\">008 &#8211; 30\/05\/2003 Instala\u00e7\u00e3o 1\u00aa Fam. Marata\u00edzes<\/a><\/p>\n<p style=\"text-align: justify;\"><a href=\"https:\/\/www.tjes.jus.br\/corregedoria\/index.php\/2016\/12\/14\/resolucao-no-072003-publ-em-19052003\/\">007 &#8211; 19\/05\/2003 Instala\u00e7\u00e3o 4\u00aa Vara Fam\u00edlia, Vila Velha<\/a><\/p>\n<p style=\"text-align: justify;\"><a href=\"https:\/\/www.tjes.jus.br\/corregedoria\/index.php\/2016\/12\/19\/resolucao-no-0062003-conselho-publ-em-19112003\/\">006 (CONSELHO) &#8211; 19\/11\/2003\u00a0Disp\u00f5e sobre o ac\u00famulo do exerc\u00edcio da magistratura de primeiro grau com o exerc\u00edcio do magist\u00e9rio no \u00e2mbito da Justi\u00e7a Estadual de primeiro grau<\/a>\u00a0&#8211; <span style=\"color: #ff0000;\"><strong>ALTERADA<\/strong><\/span><\/p>\n<p style=\"text-align: justify;\"><a href=\"https:\/\/www.tjes.jus.br\/corregedoria\/index.php\/2016\/12\/14\/resolucao-no-062003-publ-em-12052003\/\">006 &#8211; 12\/ 05\/2003 Instala\u00e7\u00e3o 3\u00aa Vara faz. P\u00fab. Est. Vit\u00f3ria<\/a><\/p>\n<p style=\"text-align: justify;\"><a href=\"https:\/\/www.tjes.jus.br\/corregedoria\/index.php\/2016\/12\/19\/resolucao-no-052003-conselho-publ-em-19082003\/\">005 (CONSELHO) &#8211; 19\/08\/2003\u00a0Disp\u00f5e sobre a cria\u00e7\u00e3o e as atribui\u00e7\u00f5es da Coordenadoria dos Juizados Especiais<\/a><\/p>\n<p style=\"text-align: justify;\"><a href=\"https:\/\/www.tjes.jus.br\/corregedoria\/index.php\/2016\/12\/14\/resolucao-no-052003-publ-em-24032003\/\">005 &#8211; 24\/03\/2003 Constitui\u00e7\u00e3o Comiss\u00e3o Concurso P\u00fablico<\/a>\u00a0&#8211; <strong><span style=\"color: #ff0000;\">EFEITOS CESSADOS<\/span><\/strong><\/p>\n<p style=\"text-align: justify;\"><a href=\"https:\/\/www.tjes.jus.br\/corregedoria\/index.php\/2016\/12\/19\/resolucao-no-042003-conselho-publ-em-13052003\/\">004 (CONSELHO) &#8211; 13\/05\/2003 Delega \u00e0 CGJ, a compet\u00eancia para a designa\u00e7\u00e3o e baixa dos atos referidos no inciso IX, do art. 48, da Lei Complementar n.\u00ba 234\/02<\/a><\/p>\n<p style=\"text-align: justify;\"><a href=\"https:\/\/www.tjes.jus.br\/corregedoria\/index.php\/2016\/12\/14\/resolucao-no-042003-publ-em-06032003\/\">004 &#8211; 06\/03\/2003 Instala\u00e7\u00e3o Varas Criminais Colatina<\/a><\/p>\n<p style=\"text-align: justify;\"><a href=\"https:\/\/www.tjes.jus.br\/corregedoria\/index.php\/2016\/12\/19\/resolucao-no-032003-conselho-publ-em-28012003\/\">003 (CONSELHO) &#8211; 28\/01\/2003\u00a0Homologa o Concurso para o Cargo de Juiz Substituto do Poder Judici\u00e1rio do Estado do Esp\u00edrito Santo, em conformidade com o Edital 001\/2002, publicado no Di\u00e1rio da Justi\u00e7a de 17\/04\/2002<\/a><\/p>\n<p style=\"text-align: justify;\"><a href=\"https:\/\/www.tjes.jus.br\/corregedoria\/index.php\/2016\/12\/14\/resolucao-no-032003-publ-em-06032003\/\">003 &#8211; 06\/03\/2003 Instala\u00e7\u00e3o Varas Cachoeiro de Itapemirim<\/a><\/p>\n<p style=\"text-align: justify;\"><a href=\"https:\/\/www.tjes.jus.br\/corregedoria\/index.php\/2016\/12\/14\/resolucao-no-022003-publ-em-10022003\/\">002 &#8211; 10\/02\/2003 Referendar a Resolu\u00e7\u00e3o n\u00ba 02\/2003 do Conselho da Magistratura<\/a><\/p>\n<p style=\"text-align: justify;\"><a href=\"https:\/\/www.tjes.jus.br\/corregedoria\/index.php\/2016\/12\/19\/resolucao-no-022003-publ-em-24012003\/\">002 (CONSELHO) &#8211; 24\/01\/2003\u00a0Convoca o Exm\u00ba Sr. Dr. F\u00c1BIO CLEM DE OLIVEIRA, MM. Juiz de Direito de Entr\u00e2ncia Especial, \u201cAD REFERENDUM\u201d do Egr\u00e9gio Tribunal Pleno, para substituir o Exm\u00ba Sr. Desembargador MANOEL ALVES RABELO, pelo per\u00edodo de 31 (trinta e um) dias, a partir de 03\/02\/03<\/a><\/p>\n<p style=\"text-align: justify;\"><a href=\"https:\/\/www.tjes.jus.br\/corregedoria\/index.php\/2016\/12\/14\/resolucao-no-012003-publ-em-10022003\/\">001 &#8211; 10\/02\/2003 Referendar a Resol. 01\/03 do Conselho da Magistratura<\/a><\/p>\n<p style=\"text-align: justify;\"><a href=\"https:\/\/www.tjes.jus.br\/corregedoria\/index.php\/2016\/12\/19\/resolucao-no-012003-conselho-publ-em-24012003\/\">001 (CONSELHO) &#8211; 24\/01\/2003 Concede f\u00e9rias ao\u00a0Exm\u00ba Sr. Desembargador MANOEL ALVES RABELO, \u201cAD REFERENDUM\u201d do Egr\u00e9gio Tribunal Pleno, 31 (trinta e um) dias de f\u00e9rias, sendo 03 (tr\u00eas) dias de JULHO\/98, 10 (dez) dias de JANEIRO\/00 e 18 (dezoito) dias de JULHO\/02, a partir de 03\/02\/03<\/a><\/p>\n","protected":false},"excerpt":{"rendered":"<p>ANO DE 2003 039 &#8211; 29\/12\/2003 Disciplina a substitui\u00e7\u00e3o autom\u00e1tica entre ju\u00edzes nos casos de impedimento ocasional ou suspei\u00e7\u00e3o de Juiz\u00a0&#8211; REVOGADA 038 &#8211; 29\/12\/2003 Permuta Desembargadores 037 &#8211; 19\/12\/2003 Designa\u00e7\u00e3o Des. Ant\u00f4nio Jos\u00e9 Miguel Feu Rosa P\/ Corregedor geral Justi\u00e7a 036 &#8211; 09\/12\/2003 Constitui Comiss\u00f5es de Regimento Interno e de Reforma Judici\u00e1ria 035- 09\/12\/2003 [&hellip;]<\/p>\n","protected":false},"author":1,"featured_media":0,"parent":4580,"menu_order":0,"comment_status":"closed","ping_status":"closed","template":"","meta":{"footnotes":""},"_links":{"self":[{"href":"https:\/\/www.tjes.jus.br\/corregedoria\/wp-json\/wp\/v2\/pages\/4630"}],"collection":[{"href":"https:\/\/www.tjes.jus.br\/corregedoria\/wp-json\/wp\/v2\/pages"}],"about":[{"href":"https:\/\/www.tjes.jus.br\/corregedoria\/wp-json\/wp\/v2\/types\/page"}],"author":[{"embeddable":true,"href":"https:\/\/www.tjes.jus.br\/corregedoria\/wp-json\/wp\/v2\/users\/1"}],"replies":[{"embeddable":true,"href":"https:\/\/www.tjes.jus.br\/corregedoria\/wp-json\/wp\/v2\/comments?post=4630"}],"version-history":[{"count":15,"href":"https:\/\/www.tjes.jus.br\/corregedoria\/wp-json\/wp\/v2\/pages\/4630\/revisions"}],"predecessor-version":[{"id":10793,"href":"https:\/\/www.tjes.jus.br\/corregedoria\/wp-json\/wp\/v2\/pages\/4630\/revisions\/10793"}],"up":[{"embeddable":true,"href":"https:\/\/www.tjes.jus.br\/corregedoria\/wp-json\/wp\/v2\/pages\/4580"}],"wp:attachment":[{"href":"https:\/\/www.tjes.jus.br\/corregedoria\/wp-json\/wp\/v2\/media?parent=4630"}],"curies":[{"name":"wp","href":"https:\/\/api.w.org\/{rel}","templated":true}]}}