{"id":4632,"date":"2016-08-10T17:23:50","date_gmt":"2016-08-10T20:23:50","guid":{"rendered":"https:\/\/www.tjes.jus.br\/corregedoria\/?page_id=4632"},"modified":"2017-12-11T16:34:19","modified_gmt":"2017-12-11T18:34:19","slug":"resolucoes-tjes-2002","status":"publish","type":"page","link":"https:\/\/www.tjes.jus.br\/corregedoria\/legislacao\/resolucoes-tjes\/resolucoes-tjes-2002\/","title":{"rendered":"Resolu\u00e7\u00f5es TJES &#8211; 2002"},"content":{"rendered":"<h1 style=\"text-align: center;\">ANO DE 2002<\/h1>\n<p style=\"text-align: justify;\"><a href=\"https:\/\/www.tjes.jus.br\/corregedoria\/index.php\/2016\/12\/15\/resolucao-no-0482002-publ-em-23122002\/\">048 &#8211;\u00a023\/12\/2003 Instala\u00e7\u00e3o Juiz. Esp. C\u00edveis Vit\u00f3ria<\/a><\/p>\n<p style=\"text-align: justify;\"><a href=\"https:\/\/www.tjes.jus.br\/corregedoria\/index.php\/2016\/12\/15\/resolucao-no-0472002-publ-em-23122002\/\">047 &#8211;\u00a023\/12\/2002 &#8211; Suspende f\u00e9rias dos Desembargadores ALVARO MANOEL ROSINDO BOURGUIGNON, JORGE G\u00d3ES COUTINHO e AMIM ABIGUENEM<\/a><\/p>\n<p style=\"text-align: justify;\"><a href=\"https:\/\/www.tjes.jus.br\/corregedoria\/index.php\/2016\/12\/15\/resolucao-no-0462002-publ-em-23122002\/\">046 &#8211;\u00a023\/12\/2002 &#8211; Suspende f\u00e9rias do Desembargador ADALTO DIAS TRIST\u00c3O<\/a><\/p>\n<p style=\"text-align: justify;\"><a href=\"https:\/\/www.tjes.jus.br\/corregedoria\/index.php\/2016\/12\/15\/resolucao-no-0452002-publ-em-23122002\/\">045 &#8211; 23\/12\/2002 &#8211; Suspende f\u00e9rias dos Desembargadores Arione Vasconcelos Ribeiro e Manoel Alves Rabelo<\/a><\/p>\n<p style=\"text-align: justify;\"><a href=\"https:\/\/www.tjes.jus.br\/corregedoria\/index.php\/2016\/12\/14\/resolucao-no-0442002-publ-em-20122002\/\">044 &#8211; 20\/12\/2002 &#8211; Estabelece Vale-Alimenta\u00e7\u00e3o, concedido em pec\u00fania<\/a><\/p>\n<p style=\"text-align: justify;\"><a href=\"https:\/\/www.tjes.jus.br\/corregedoria\/index.php\/2016\/12\/14\/resolucao-no-0432002-publ-em-16122002\/\">043 &#8211; 16\/12\/2002 &#8211; Autoriza instala\u00e7\u00e3o da 12\u00aa V.C\u00edvel de Vit\u00f3ria<\/a><\/p>\n<p style=\"text-align: justify;\"><a href=\"https:\/\/www.tjes.jus.br\/corregedoria\/index.php\/2016\/12\/14\/resolucao-no-0422002-publ-em-03122002\/\">042 &#8211; 03\/12\/2002 &#8211; Inclui disposi\u00e7\u00f5es no Regimento Interno da CEJAI &#8211; ES<\/a><\/p>\n<p style=\"text-align: justify;\"><a href=\"https:\/\/www.tjes.jus.br\/corregedoria\/index.php\/2016\/12\/14\/resolucao-no-0412002-publ-em-08112002\/\">041 &#8211; 08\/11\/2002 &#8211; Trata da retribui\u00e7\u00e3o pelo exerc\u00edcio do cargo em caso de substitui\u00e7\u00e3o<\/a>\u00a0&#8211; <span style=\"color: #ff0000;\"><strong>REVOGADA<\/strong><\/span><\/p>\n<p style=\"text-align: justify;\"><a href=\"https:\/\/www.tjes.jus.br\/corregedoria\/index.php\/2016\/12\/14\/resolucao-no-0402002-publ-em-26122002-republicacao\/\">040 &#8211; 26\/12\/2002 Escala de Plant\u00e3o Judici\u00e1rio<\/a>\u00a0&#8211; <span style=\"color: #ff0000;\"><strong>REPUBLICA\u00c7\u00c3O<\/strong><\/span><\/p>\n<p style=\"text-align: justify;\"><a href=\"https:\/\/www.tjes.jus.br\/corregedoria\/index.php\/2016\/12\/14\/resolucao-no-0392002-publ-em-14102002\/\">039 &#8211; 14\/10\/2002 Regimento Interno do CEJAI<\/a>\u00a0&#8211; <span style=\"color: #ff0000;\"><strong>ALTERADA<\/strong><\/span><\/p>\n<p style=\"text-align: justify;\"><a href=\"https:\/\/www.tjes.jus.br\/corregedoria\/index.php\/2016\/12\/14\/resolucao-no-0382002-publ-em-07102002\/\">038 &#8211; 07\/10\/2002 Cadastramento Previdenci\u00e1rio<\/a><\/p>\n<p style=\"text-align: justify;\"><a href=\"https:\/\/www.tjes.jus.br\/corregedoria\/index.php\/2016\/07\/13\/resolucao-no-0372002-publ-25092002\/\">037 &#8211; 25\/09\/2002 Regulamento Projeto Justi\u00e7a Comunit\u00e1ria &#8211; <span style=\"color: #ff0000;\"><strong>ALTERADA &#8211; REVOGADA<\/strong><\/span><\/a><\/p>\n<p style=\"text-align: justify;\"><a href=\"https:\/\/www.tjes.jus.br\/corregedoria\/index.php\/2016\/07\/13\/resolucao-no-0362002-disp-29042002\/\">036 &#8211; 24\/09\/2002 Institui O Projeto Justi\u00e7a Comunit\u00e1ria &#8211; <strong><span style=\"color: #ff0000;\">ALTERADA<\/span> <\/strong>&#8211; <strong><span style=\"color: #ff0000;\">REVOGADA<\/span><\/strong><\/a><\/p>\n<p style=\"text-align: justify;\"><a href=\"https:\/\/www.tjes.jus.br\/corregedoria\/index.php\/2016\/12\/14\/resolucao-no-0352002-publ-em-10092002\/\">035 &#8211; 10\/09\/2002 Cria\u00e7\u00e3o, procedimento e compet\u00eancia Juizados Adjuntos de Fam\u00edlia<\/a><\/p>\n<p style=\"text-align: justify;\"><a href=\"https:\/\/www.tjes.jus.br\/corregedoria\/index.php\/2016\/12\/14\/resolucao-no-0342002-publ-em-09092002\/\">034 &#8211; 09\/09\/ 2002 Altera art. 1\u00ba da Resol. 01\/00, Plant\u00e3o Judici\u00e1rio.<\/a><\/p>\n<p style=\"text-align: justify;\"><a href=\"https:\/\/www.tjes.jus.br\/corregedoria\/index.php\/2016\/12\/14\/resolucao-no-0332002-publ-em-29082002\/\">033 &#8211; 29\/08\/2002 Cria\u00e7\u00e3o Central de Mandados do TJ\/ES<\/a><\/p>\n<p style=\"text-align: justify;\"><a href=\"https:\/\/www.tjes.jus.br\/corregedoria\/index.php\/2016\/12\/14\/resolucao-no-0322002-publ-em-13082002\/\">032 &#8211; 13\/08\/2002 Compet\u00eancia do 3\u00ba Juiz. Esp. C\u00edvel &#8211; Justi\u00e7a Volante<\/a>\u00a0&#8211; <span style=\"color: #ff0000;\"><strong>REVOGADA<\/strong><\/span><\/p>\n<p style=\"text-align: justify;\"><a href=\"https:\/\/www.tjes.jus.br\/corregedoria\/index.php\/2016\/12\/14\/resolucao-no-0312002-publ-em-06082002\/\">031 &#8211; 06\/08\/2002 Pagamento de ajuda de custo aos Magistrados<\/a><\/p>\n<p style=\"text-align: justify;\"><a href=\"https:\/\/www.tjes.jus.br\/corregedoria\/index.php\/2016\/12\/14\/resolucao-no-0302002-publ-em-16082002-republicacao\/\">030 &#8211; 16\/08\/2002 Cumprimento das cartas precat\u00f3rias Criminais pelo 1\u00ba JUiz. Esp. Criminal &#8211; Republica\u00e7\u00e3o<\/a><\/p>\n<p style=\"text-align: justify;\"><a href=\"https:\/\/www.tjes.jus.br\/corregedoria\/index.php\/2016\/12\/14\/resolucao-no-0292002-publ-em-17072002\/\">029 &#8211; 17\/07\/2002 Suspens\u00e3o f\u00e9rias Des. Arione Vasconcelos Ribeiro<\/a><\/p>\n<p style=\"text-align: justify;\"><a href=\"https:\/\/www.tjes.jus.br\/corregedoria\/index.php\/2016\/12\/14\/resolucao-no-0282002-publ-em-15072002\/\">028 &#8211; 15\/07\/2002 Comenda Gr\u00e3-Cruz Des Geraldo Corr\u00eaa da Silva<\/a><\/p>\n<p style=\"text-align: justify;\"><a href=\"https:\/\/www.tjes.jus.br\/corregedoria\/index.php\/2016\/12\/14\/resolucao-no-0272002-publ-em-04072002\/\">027- 04\/07\/2002 Comiss\u00e3o Inqu\u00e9rito 100000029213<\/a><\/p>\n<p style=\"text-align: justify;\"><a href=\"https:\/\/www.tjes.jus.br\/corregedoria\/index.php\/2016\/12\/14\/resolucao-no-0262002-publ-em-04072002\/\">026 &#8211; 04\/07\/2002 Regulamenta CEPAES<\/a><\/p>\n<p style=\"text-align: justify;\"><a href=\"https:\/\/www.tjes.jus.br\/corregedoria\/index.php\/2016\/12\/14\/resolucao-no-0252002-publ-em-04072002\/\">025 &#8211; 04\/07\/2002 Suspens\u00e3o f\u00e9rias des. Pedro Valls Feu Rosa<\/a><\/p>\n<p style=\"text-align: justify;\"><a href=\"https:\/\/www.tjes.jus.br\/corregedoria\/index.php\/2016\/12\/14\/resolucao-no-0242002-publ-em-24062002\/\">024 &#8211; 24\/06\/2002 Suspens\u00e3o f\u00e9rias Des. Adalto, Frederico e Manoel<\/a><\/p>\n<p style=\"text-align: justify;\"><a href=\"https:\/\/www.tjes.jus.br\/corregedoria\/index.php\/2016\/12\/14\/resolucao-no-0232002-publ-em-21062002\/\">023 &#8211; 21\/06\/2002 Suspens\u00e3o f\u00e9rias Des. Nivaldo, S\u00e9rgio e Arnaldo<\/a><\/p>\n<p style=\"text-align: justify;\"><a href=\"https:\/\/www.tjes.jus.br\/corregedoria\/index.php\/2016\/12\/14\/resolucao-no-0222002-publ-em-21062002\/\">022 &#8211; 21\/06\/2002 Suspens\u00e3o f\u00e9rias Des. \u00c0lvaro E Jorge<\/a><\/p>\n<p style=\"text-align: justify;\"><a href=\"https:\/\/www.tjes.jus.br\/corregedoria\/index.php\/2016\/12\/14\/resolucao-no-0212002-publ-em-17062002\/\">021 &#8211; 17\/06\/2002 Remover Des. Jorge G\u00f3es da 2\u00aa para a 3\u00aa C\u00e2mara C\u00edvel<\/a><\/p>\n<p style=\"text-align: justify;\"><a href=\"https:\/\/www.tjes.jus.br\/corregedoria\/index.php\/2016\/12\/14\/resolucao-no-2098-publ-em-11072002\/\">020 &#8211; 11\/07\/2002 Regulamenta e estabelece atribui\u00e7\u00f5es e compet\u00eancias Diretor F\u00f3rum<\/a><\/p>\n<p style=\"text-align: justify;\"><a href=\"https:\/\/www.tjes.jus.br\/corregedoria\/index.php\/2016\/12\/14\/resolucao-no-0202002-publ-em-11062002\/\">020 &#8211; 11\/06\/2002 Comenda Gr\u00e3-Cruz Des. Jos\u00e9 Eduardo Grandi Ribeiro<\/a><\/p>\n<p style=\"text-align: justify;\"><a href=\"https:\/\/www.tjes.jus.br\/corregedoria\/index.php\/2016\/12\/13\/resolucao-no-0192002-publ-em-10062002\/\">019 &#8211; 10\/06\/2002 Regimento Interno das Turmas Recursais C\u00edveis e Criminais<\/a><\/p>\n<p style=\"text-align: justify;\"><a href=\"https:\/\/www.tjes.jus.br\/corregedoria\/index.php\/2016\/12\/13\/resolucao-no-0182002-publ-em-13052002\/\">018 &#8211; 13\/05\/2002 Transforma Vara Defesa Consumidor e Meio Ambiente em Varas C\u00edveis<\/a><\/p>\n<p style=\"text-align: justify;\"><a href=\"https:\/\/www.tjes.jus.br\/corregedoria\/index.php\/2016\/12\/13\/resolucao-no-0172002-publ-em-10052002\/\">017 &#8211; 10\/05\/2002 Comiss\u00e3o Implanta\u00e7\u00e3o Plano Cargos e Sal\u00e1rios P.J.<\/a><\/p>\n<p style=\"text-align: justify;\"><a href=\"https:\/\/www.tjes.jus.br\/corregedoria\/index.php\/2016\/12\/13\/resolucao-no-162002-publ-em-29042002\/\">016 &#8211; 29\/04\/2002 Elei\u00e7\u00e3o Cargo Vi-Corregedor e Ouvidor Judici\u00e1rio<\/a><\/p>\n<p style=\"text-align: justify;\"><a href=\"https:\/\/www.tjes.jus.br\/corregedoria\/index.php\/2016\/12\/13\/resolucao-no-152002-publ-em-29042002\/\">015 &#8211; 29\/04\/2002 Afastamento Des.Frederico G. Pimentel da Justi\u00e7a Comum<\/a><\/p>\n<p style=\"text-align: justify;\"><a href=\"https:\/\/www.tjes.jus.br\/corregedoria\/index.php\/2016\/12\/13\/resolucao-no-142002-publ-em-29042002\/\">014 &#8211; 29\/04\/2002 Afastamento Des. Adalto D.Trist\u00e3o Da Justi\u00e7a Comum<\/a><\/p>\n<p style=\"text-align: justify;\"><a href=\"https:\/\/www.tjes.jus.br\/corregedoria\/index.php\/2016\/12\/13\/resolucao-no-132002-publ-em-17042002\/\">013 &#8211; 17\/04\/2002 Constituir Comiss\u00e3o Concurso P\u00fablico<\/a><\/p>\n<p style=\"text-align: justify;\"><a href=\"https:\/\/www.tjes.jus.br\/corregedoria\/index.php\/2016\/12\/13\/resolucao-no-122002-publ-em-17042002\/\">012 &#8211; 17\/04\/2002 Altera 4.7 Res. 20\/98<\/a><\/p>\n<p style=\"text-align: justify;\"><a href=\"https:\/\/www.tjes.jus.br\/corregedoria\/index.php\/2016\/12\/13\/resolucao-no-112002-publ-em-25032002-revogada\/\">011 &#8211; 25\/03\/2002 Sorteio de Distribui\u00e7\u00e3o de Processos &#8211; <span style=\"color: #ff0000;\"><strong>REVOGADA<\/strong><\/span><\/a><\/p>\n<p style=\"text-align: justify;\"><a href=\"https:\/\/www.tjes.jus.br\/corregedoria\/index.php\/2016\/12\/13\/resolucao-no-102002-publ-em-25032002\/\">010 &#8211; 25\/03\/2002 Comiss\u00e3o Inqu\u00e9rito 100000029213<\/a><\/p>\n<p style=\"text-align: justify;\"><a href=\"https:\/\/www.tjes.jus.br\/corregedoria\/index.php\/2016\/12\/13\/resolucao-no-092002-publ-em-20032002\/\">009 &#8211; 20\/03\/2002 Nova reda\u00e7\u00e3o Res. 14\/2001 Oficial Justi\u00e7a<\/a><\/p>\n<p style=\"text-align: justify;\"><a href=\"https:\/\/www.tjes.jus.br\/corregedoria\/index.php\/2016\/12\/13\/resolucao-no-0082002-publ-em-12032002\/\">008 &#8211; 12\/03\/2002 Prorrogar Res. n\u00ba 13\/2001<\/a><\/p>\n<p style=\"text-align: justify;\"><a href=\"https:\/\/www.tjes.jus.br\/corregedoria\/index.php\/2016\/12\/13\/resolucao-no-0072002-publ-em-12032002\/\">007 &#8211; 12\/03\/2002 Comiss\u00e3o Inqu\u00e9rito 100000023422<\/a><\/p>\n<p style=\"text-align: justify;\"><a href=\"https:\/\/www.tjes.jus.br\/corregedoria\/index.php\/2016\/12\/13\/resolucao-no-0062002-publ-em-11032002\/\">006 &#8211; 11\/03\/2002 Implanta\u00e7\u00e3o Sistema Protocolo Integrado<\/a><\/p>\n<p style=\"text-align: justify;\"><a href=\"https:\/\/www.tjes.jus.br\/corregedoria\/index.php\/2016\/12\/13\/resolucao-no-0042002-publ-em-06032002\/\">004 &#8211; 06\/03\/2002 Implanta\u00e7\u00e3o Est\u00e1gio Complementa\u00e7\u00e3o Educacional &#8211; <strong><span style=\"color: #ff0000;\">ALTERADA<\/span><\/strong><\/a>\u00a0&#8211; <span style=\"color: #ff0000;\"><strong>REVOGADA<\/strong><\/span><\/p>\n<p style=\"text-align: justify;\"><a href=\"https:\/\/www.tjes.jus.br\/corregedoria\/index.php\/2016\/12\/13\/resolucao-no-0042002-publ-em-05032002\/\">004 &#8211; 05\/03\/2002 Reconduzir Des. Annibal \u00e0 Vice-Presid\u00eancia CEJAI<\/a><\/p>\n<p style=\"text-align: justify;\"><a href=\"https:\/\/www.tjes.jus.br\/corregedoria\/index.php\/2016\/12\/13\/resolucao-no-0032002-publ-em-28022002\/\">003 &#8211; 28\/02\/2002 Data sess\u00e3o Pleno e 3\u00aa C\u00e2mara C\u00edvel<\/a><\/p>\n<p style=\"text-align: justify;\"><a href=\"https:\/\/www.tjes.jus.br\/corregedoria\/index.php\/2016\/12\/13\/resolucao-no-0022002-publ-em-14022002\/\">002 &#8211; 14\/02\/2002 Valor Unit\u00e1rio Vale Alimenta\u00e7\u00e3o<\/a><\/p>\n<p style=\"text-align: justify;\"><a href=\"https:\/\/www.tjes.jus.br\/corregedoria\/index.php\/2016\/12\/13\/resolucao-no-0012002-publ-em-14022002\/\">001 &#8211; 14\/02\/2002 Substitui\u00e7\u00e3o aos Des. C\u00e2maras Isoladas.<\/a><\/p>\n","protected":false},"excerpt":{"rendered":"<p>ANO DE 2002 048 &#8211;\u00a023\/12\/2003 Instala\u00e7\u00e3o Juiz. Esp. C\u00edveis Vit\u00f3ria 047 &#8211;\u00a023\/12\/2002 &#8211; Suspende f\u00e9rias dos Desembargadores ALVARO MANOEL ROSINDO BOURGUIGNON, JORGE G\u00d3ES COUTINHO e AMIM ABIGUENEM 046 &#8211;\u00a023\/12\/2002 &#8211; Suspende f\u00e9rias do Desembargador ADALTO DIAS TRIST\u00c3O 045 &#8211; 23\/12\/2002 &#8211; Suspende f\u00e9rias dos Desembargadores Arione Vasconcelos Ribeiro e Manoel Alves Rabelo 044 &#8211; 20\/12\/2002 [&hellip;]<\/p>\n","protected":false},"author":1,"featured_media":0,"parent":4580,"menu_order":0,"comment_status":"closed","ping_status":"closed","template":"","meta":{"footnotes":""},"_links":{"self":[{"href":"https:\/\/www.tjes.jus.br\/corregedoria\/wp-json\/wp\/v2\/pages\/4632"}],"collection":[{"href":"https:\/\/www.tjes.jus.br\/corregedoria\/wp-json\/wp\/v2\/pages"}],"about":[{"href":"https:\/\/www.tjes.jus.br\/corregedoria\/wp-json\/wp\/v2\/types\/page"}],"author":[{"embeddable":true,"href":"https:\/\/www.tjes.jus.br\/corregedoria\/wp-json\/wp\/v2\/users\/1"}],"replies":[{"embeddable":true,"href":"https:\/\/www.tjes.jus.br\/corregedoria\/wp-json\/wp\/v2\/comments?post=4632"}],"version-history":[{"count":16,"href":"https:\/\/www.tjes.jus.br\/corregedoria\/wp-json\/wp\/v2\/pages\/4632\/revisions"}],"predecessor-version":[{"id":21603,"href":"https:\/\/www.tjes.jus.br\/corregedoria\/wp-json\/wp\/v2\/pages\/4632\/revisions\/21603"}],"up":[{"embeddable":true,"href":"https:\/\/www.tjes.jus.br\/corregedoria\/wp-json\/wp\/v2\/pages\/4580"}],"wp:attachment":[{"href":"https:\/\/www.tjes.jus.br\/corregedoria\/wp-json\/wp\/v2\/media?parent=4632"}],"curies":[{"name":"wp","href":"https:\/\/api.w.org\/{rel}","templated":true}]}}