{"id":4634,"date":"2016-08-10T17:24:45","date_gmt":"2016-08-10T20:24:45","guid":{"rendered":"https:\/\/www.tjes.jus.br\/corregedoria\/?page_id=4634"},"modified":"2017-03-02T15:46:43","modified_gmt":"2017-03-02T18:46:43","slug":"resolucoes-tjes-2001","status":"publish","type":"page","link":"https:\/\/www.tjes.jus.br\/corregedoria\/legislacao\/resolucoes-tjes\/resolucoes-tjes-2001\/","title":{"rendered":"Resolu\u00e7\u00f5es TJES &#8211; 2001"},"content":{"rendered":"<h1 style=\"text-align: center;\">ANO DE 2001<\/h1>\n<p style=\"text-align: justify;\"><a href=\"https:\/\/www.tjes.jus.br\/corregedoria\/index.php\/2016\/12\/13\/resolucao-no-0292001-publ-em-28122001\/\">029 &#8211; 28\/12\/2001 Suspens\u00e3o f\u00e9rias Des. Arnaldo Santos Souza<\/a><\/p>\n<p style=\"text-align: justify;\"><a href=\"https:\/\/www.tjes.jus.br\/corregedoria\/index.php\/2016\/12\/13\/resolucao-no-0282001-publ-em-28122001\/\">028 &#8211; 28\/12\/2001 Suspens\u00e3o f\u00e9rias Des. Annibal de Rezende Lima<\/a><\/p>\n<p style=\"text-align: justify;\"><a href=\"https:\/\/www.tjes.jus.br\/corregedoria\/index.php\/2016\/12\/13\/resolucao-no-0272001-publ-em-28122001\/\">027 &#8211; 28\/12\/2001 Suspens\u00e3o trabalhos Comiss\u00e3o Inqu\u00e9rito 100000029213<\/a><\/p>\n<p style=\"text-align: justify;\"><a href=\"https:\/\/www.tjes.jus.br\/corregedoria\/index.php\/2016\/12\/13\/resolucao-no-0262001-publ-em-28122001\/\">026 &#8211; 28\/12\/2001 Suspens\u00e3o Comiss\u00e3o Inqu\u00e9rito 100000023422<\/a><\/p>\n<p style=\"text-align: justify;\"><a href=\"https:\/\/www.tjes.jus.br\/corregedoria\/index.php\/2016\/12\/13\/resolucao-no-0252001-publ-em-28122001\/\">025 &#8211; 28\/12\/2001 Suspens\u00e3o f\u00e9rias Des. Frederico Guilherme Pimentel<\/a><\/p>\n<p style=\"text-align: justify;\"><a href=\"https:\/\/www.tjes.jus.br\/corregedoria\/index.php\/2016\/12\/13\/resolucao-no-0242001-publ-em-28122001\/\">024 &#8211; 28\/12\/2001 Suspens\u00e3o f\u00e9rias Des. Adalto Dias Trist\u00e3o<\/a><\/p>\n<p style=\"text-align: justify;\"><a href=\"https:\/\/www.tjes.jus.br\/corregedoria\/index.php\/2016\/12\/13\/resolucao-no-0232001-publ-em-12122001\/\">023 &#8211; 12\/12\/2001 Suspens\u00e3o Prazos Processuais Vit\u00f3ria<\/a><\/p>\n<p style=\"text-align: justify;\"><a href=\"https:\/\/www.tjes.jus.br\/corregedoria\/index.php\/2016\/12\/13\/resolucao-no-0222001-publ-em-10122001\/\">022 &#8211; 10\/12\/2001 Constituir Comiss\u00e3o Regimento Interno e Reforma Judici\u00e1ria<\/a><\/p>\n<p style=\"text-align: justify;\"><a href=\"https:\/\/www.tjes.jus.br\/corregedoria\/index.php\/2016\/12\/13\/resolucao-no-0212001-publ-em-21012001\/\">021 &#8211; 21\/01\/2001 Suplente Corregedor Bi\u00eanio 2002\/2003<\/a><\/p>\n<p style=\"text-align: justify;\"><a href=\"https:\/\/www.tjes.jus.br\/corregedoria\/index.php\/2016\/12\/13\/resolucao-no-0202001-publ-em-10122001\/\">020- 10\/12\/2001 Composi\u00e7\u00e3o Conselho Bi\u00eanio 2002\/2003<\/a><\/p>\n<p style=\"text-align: justify;\"><a href=\"https:\/\/www.tjes.jus.br\/corregedoria\/index.php\/2016\/12\/13\/resolucao-no-0192001-publ-em-10122001\/\">019 &#8211; 10\/12\/2001 Mesa Diretora Bi\u00eanio 2002\/2003<\/a><\/p>\n<p style=\"text-align: justify;\"><a href=\"https:\/\/www.tjes.jus.br\/corregedoria\/index.php\/2016\/12\/13\/resolucao-no-0182001-publ-em-22112001\/\">018 &#8211; 22\/11\/2001 Regulamenta funcionamento Central Inqu\u00e9rito<\/a>\u00a0&#8211; <span style=\"color: #ff0000;\"><strong>REVOGADA<\/strong><\/span><\/p>\n<p style=\"text-align: justify;\"><a href=\"https:\/\/www.tjes.jus.br\/corregedoria\/index.php\/2016\/12\/13\/resolucao-no-0172001-publ-em-06112001\/\">017 &#8211; 06\/11\/2001 Suspens\u00e3o prazos processuais C\u00edveis e Criminais Vit\u00f3ria<\/a><\/p>\n<p style=\"text-align: justify;\"><a href=\"https:\/\/www.tjes.jus.br\/corregedoria\/index.php\/2016\/12\/13\/resolucao-no-162001-publ-em-31102001\/\">016 &#8211; 31\/10\/2001 Cartas Precat\u00f3rias Guarapari<\/a><\/p>\n<p style=\"text-align: justify;\"><a href=\"https:\/\/www.tjes.jus.br\/corregedoria\/index.php\/2016\/12\/13\/resolucao-no-0152001-publ-em-26102001\/\">015 -26\/10\/2001 Processo Disciplinar 100000029213<\/a><\/p>\n<p style=\"text-align: justify;\"><a href=\"https:\/\/www.tjes.jus.br\/corregedoria\/index.php\/2016\/12\/13\/resolucao-no-0142001-publ-em-07082001\/\">014 &#8211; 07\/08\/2001 Regulamenta Indeniza\u00e7\u00e3o Transporte &#8211; <strong><span style=\"color: #ff0000;\">ALTERADA<\/span><\/strong><\/a><\/p>\n<p style=\"text-align: justify;\"><a href=\"https:\/\/www.tjes.jus.br\/corregedoria\/index.php\/2016\/12\/13\/resolucao-no-0132001-publ-em-02072001\/\">013 &#8211; 02\/07\/2001 Suspens\u00e3o da implanta\u00e7\u00e3o da FARPEN<\/a><\/p>\n<p style=\"text-align: justify;\"><a href=\"https:\/\/www.tjes.jus.br\/corregedoria\/index.php\/2016\/12\/13\/resolucao-no-0122001-publ-em-02072001\/\">012 &#8211; 02\/07\/2001 Suspens\u00e3o f\u00e9rias Des. Nivaldo<\/a><\/p>\n<p style=\"text-align: justify;\"><a href=\"https:\/\/www.tjes.jus.br\/corregedoria\/index.php\/2016\/12\/13\/resolucao-no-0112001-publ-em-26062001\/\">011 &#8211; 26\/06\/2001 Suspens\u00e3o f\u00e9rias Des. S\u00e9rgio Bizzotto Pessoa de Mendon\u00e7a<\/a><\/p>\n<p style=\"text-align: justify;\"><a href=\"https:\/\/www.tjes.jus.br\/corregedoria\/index.php\/2016\/12\/13\/resolucao-no-0102001-publ-em-26062001\/\">010 &#8211; 26\/06\/2001 Suspens\u00e3o f\u00e9rias Des. Paulo Copolillo, Annibal e Arnaldo<\/a><\/p>\n<p style=\"text-align: justify;\"><a href=\"https:\/\/www.tjes.jus.br\/corregedoria\/index.php\/2016\/12\/13\/resolucao-no-0092001-publ-em-12062001\/\">009 &#8211; 12\/06\/2001 Suspens\u00e3o f\u00e9rias Des. Alemer<\/a><\/p>\n<p style=\"text-align: justify;\"><a href=\"https:\/\/www.tjes.jus.br\/corregedoria\/index.php\/2016\/12\/13\/resolucao-no-0082001-publ-em-01062001\/\">008 &#8211; 01\/06\/2001 Inqu\u00e9rito Ad. 100000024446<\/a>\u00a0&#8211; <strong><span style=\"color: #ff0000;\">EFEITOS CESSADOS<\/span> pela <a href=\"https:\/\/www.tjes.jus.br\/corregedoria\/index.php\/2016\/12\/15\/resolucao-no-072004-publ-em-30032004\/\" target=\"_blank\">Resolu\u00e7\u00e3o n\u00ba 07\/2004<\/a><\/strong><\/p>\n<p style=\"text-align: justify;\"><a href=\"https:\/\/www.tjes.jus.br\/corregedoria\/index.php\/2016\/12\/13\/resolucao-no-0072001-publ-em-16052001\/\">007 &#8211; 16\/05\/2001 Hor\u00e1rio translado processos<\/a><\/p>\n<p style=\"text-align: justify;\"><a href=\"https:\/\/www.tjes.jus.br\/corregedoria\/index.php\/2016\/12\/13\/resolucao-no-0062001-publ-em-16052001-revogada\/\">006 &#8211; 16\/05\/2001 Disciplina Est\u00e1gio de Estudantes &#8211; <strong><span style=\"color: #ff0000;\">REVOGADA<\/span><\/strong><\/a><\/p>\n<p style=\"text-align: justify;\"><a href=\"https:\/\/www.tjes.jus.br\/corregedoria\/index.php\/2016\/12\/13\/resolucao-no-0052001-publ-em-02052001\/\">005 -02\/05\/2001 Gratifica\u00e7\u00e3o Encargo Professor E Treinamento<\/a>\u00a0&#8211; <span style=\"color: #ff0000;\"><strong>REVOGADA<\/strong><\/span><\/p>\n<p style=\"text-align: justify;\"><a href=\"https:\/\/www.tjes.jus.br\/corregedoria\/index.php\/2016\/12\/13\/resolucao-no-0042001-publ-em-02052001\/\">004 &#8211; 02\/05\/2001 Institui Central Penas Alternativas &#8211; CEPAES<\/a><\/p>\n<p style=\"text-align: justify;\"><a href=\"https:\/\/www.tjes.jus.br\/corregedoria\/index.php\/2016\/12\/13\/resolucao-no-0032001-publ-em-12032001\/\">003 &#8211; 12\/03\/2001 Adita a Resolu\u00e7\u00e3o 16\/2000<\/a><\/p>\n<p style=\"text-align: justify;\"><a href=\"https:\/\/www.tjes.jus.br\/corregedoria\/index.php\/2016\/12\/13\/resolucao-no-0022001-publ-em-09022001\/\">002 &#8211; 09\/02\/2001 Data Sess\u00e3o C\u00e2maras Criminais Reunidas<\/a><\/p>\n<p style=\"text-align: justify;\"><a href=\"https:\/\/www.tjes.jus.br\/corregedoria\/index.php\/2016\/12\/13\/resolucao-no-0012001-publ-em-29022001\/\">001 &#8211; 29\/02\/2001 Data Sess\u00e3o 4\u00aa C\u00e2mara C\u00edvel<\/a><\/p>\n","protected":false},"excerpt":{"rendered":"<p>ANO DE 2001 029 &#8211; 28\/12\/2001 Suspens\u00e3o f\u00e9rias Des. Arnaldo Santos Souza 028 &#8211; 28\/12\/2001 Suspens\u00e3o f\u00e9rias Des. Annibal de Rezende Lima 027 &#8211; 28\/12\/2001 Suspens\u00e3o trabalhos Comiss\u00e3o Inqu\u00e9rito 100000029213 026 &#8211; 28\/12\/2001 Suspens\u00e3o Comiss\u00e3o Inqu\u00e9rito 100000023422 025 &#8211; 28\/12\/2001 Suspens\u00e3o f\u00e9rias Des. Frederico Guilherme Pimentel 024 &#8211; 28\/12\/2001 Suspens\u00e3o f\u00e9rias Des. Adalto Dias Trist\u00e3o [&hellip;]<\/p>\n","protected":false},"author":1,"featured_media":0,"parent":4580,"menu_order":0,"comment_status":"closed","ping_status":"closed","template":"","meta":{"footnotes":""},"_links":{"self":[{"href":"https:\/\/www.tjes.jus.br\/corregedoria\/wp-json\/wp\/v2\/pages\/4634"}],"collection":[{"href":"https:\/\/www.tjes.jus.br\/corregedoria\/wp-json\/wp\/v2\/pages"}],"about":[{"href":"https:\/\/www.tjes.jus.br\/corregedoria\/wp-json\/wp\/v2\/types\/page"}],"author":[{"embeddable":true,"href":"https:\/\/www.tjes.jus.br\/corregedoria\/wp-json\/wp\/v2\/users\/1"}],"replies":[{"embeddable":true,"href":"https:\/\/www.tjes.jus.br\/corregedoria\/wp-json\/wp\/v2\/comments?post=4634"}],"version-history":[{"count":7,"href":"https:\/\/www.tjes.jus.br\/corregedoria\/wp-json\/wp\/v2\/pages\/4634\/revisions"}],"predecessor-version":[{"id":12358,"href":"https:\/\/www.tjes.jus.br\/corregedoria\/wp-json\/wp\/v2\/pages\/4634\/revisions\/12358"}],"up":[{"embeddable":true,"href":"https:\/\/www.tjes.jus.br\/corregedoria\/wp-json\/wp\/v2\/pages\/4580"}],"wp:attachment":[{"href":"https:\/\/www.tjes.jus.br\/corregedoria\/wp-json\/wp\/v2\/media?parent=4634"}],"curies":[{"name":"wp","href":"https:\/\/api.w.org\/{rel}","templated":true}]}}