{"id":4636,"date":"2016-08-10T17:25:35","date_gmt":"2016-08-10T20:25:35","guid":{"rendered":"https:\/\/www.tjes.jus.br\/corregedoria\/?page_id=4636"},"modified":"2016-12-14T17:59:00","modified_gmt":"2016-12-14T19:59:00","slug":"resolucoes-tjes-2000","status":"publish","type":"page","link":"https:\/\/www.tjes.jus.br\/corregedoria\/legislacao\/resolucoes-tjes\/resolucoes-tjes-2000\/","title":{"rendered":"Resolu\u00e7\u00f5es TJES &#8211; 2000"},"content":{"rendered":"<h1 style=\"text-align: center;\">ANO DE 2000<\/h1>\n<p><a href=\"https:\/\/www.tjes.jus.br\/corregedoria\/index.php\/2016\/12\/13\/resolucao-no-0182000-publ-em-26122000\/\">018 &#8211; 26\/12\/2000 Suspens\u00e3o f\u00e9rias Des. Nivaldo, Amim e S\u00e9rgio Gama<\/a><\/p>\n<p style=\"text-align: justify;\"><a href=\"https:\/\/www.tjes.jus.br\/corregedoria\/index.php\/2016\/12\/13\/resolucao-no-0172000-publ-em-19122000\/\">017 &#8211; 19\/12\/2000 Remo\u00e7\u00e3o Des. Amim da 1\u00aa para 4\u00aa C\u00e2mara C\u00edvel<\/a><\/p>\n<p style=\"text-align: justify;\"><a href=\"https:\/\/www.tjes.jus.br\/corregedoria\/index.php\/2016\/12\/13\/resolucao-no-0162000-publ-em-18122000\/\">016 &#8211; 18\/12\/2000 Comiss\u00e3o Inqu\u00e9rito 100000023422 &#8211; ADITADA<\/a><\/p>\n<p style=\"text-align: justify;\"><a href=\"https:\/\/www.tjes.jus.br\/corregedoria\/index.php\/2016\/12\/13\/resolucao-no-0152000-publ-em-18122000\/\">015 &#8211; 18\/12\/2000 Suspens\u00e3o f\u00e9rias Des. Alemer Ferraz Moulin<\/a><\/p>\n<p style=\"text-align: justify;\"><a href=\"https:\/\/www.tjes.jus.br\/corregedoria\/index.php\/2016\/12\/13\/resolucao-no-0142000-publ-em-20112000\/\">014 &#8211; 20\/11\/2000 Determina \u00e0 Diretoria Jud. Distribui\u00e7\u00e3o &#8211; A\u00e7\u00f5es Insconstitucionalidade<\/a><\/p>\n<p style=\"text-align: justify;\"><a href=\"https:\/\/www.tjes.jus.br\/corregedoria\/index.php\/2016\/12\/13\/resolucao-no-0132000-publ-em-19092000\/\">013 &#8211; 19\/09\/2000 Atualiza\u00e7\u00e3o Precat\u00f3rios<\/a><\/p>\n<p style=\"text-align: justify;\"><a href=\"https:\/\/www.tjes.jus.br\/corregedoria\/index.php\/2016\/12\/13\/resolucao-no-0122000-publ-em-29082000\/\">012 &#8211; 29\/08\/2000 13\u00ba Sal\u00e1rio Des. e Ju\u00edzes<\/a><\/p>\n<p style=\"text-align: justify;\"><a href=\"https:\/\/www.tjes.jus.br\/corregedoria\/index.php\/2016\/12\/13\/resolucao-no-0112000-publ-em-18082000\/\">011 &#8211; 18\/08\/2000 Intima\u00e7\u00e3o\/Notifica\u00e7\u00e3o ao Minist\u00e9rio P\u00fablico<\/a><\/p>\n<p style=\"text-align: justify;\"><a href=\"https:\/\/www.tjes.jus.br\/corregedoria\/index.php\/2016\/12\/13\/resolucao-no-0102000-publ-em-04072000\/\">010- 04\/07\/2000 Suspens\u00e3o serv. forenses 1\u00ba Juiz. Esp. Crim. Itapemirim<\/a><\/p>\n<p style=\"text-align: justify;\"><a href=\"https:\/\/www.tjes.jus.br\/corregedoria\/index.php\/2016\/12\/13\/resolucao-no-0092000-publ-em-28052000\/\">009 &#8211; 28\/05\/2000 Remo\u00e7\u00e3o des. Alemer da 1\u00aa para 2\u00aa C. C\u00edvel<\/a><\/p>\n<p style=\"text-align: justify;\"><a href=\"https:\/\/www.tjes.jus.br\/corregedoria\/index.php\/2016\/12\/13\/resolucao-no-0082000-publ-em-28062000\/\">008 &#8211; 28\/06\/2000 Remo\u00e7\u00e3o Des. Ewerly da 2\u00aa C. Crim. para 4\u00aa C. C\u00edvel<\/a><\/p>\n<p style=\"text-align: justify;\"><a href=\"https:\/\/www.tjes.jus.br\/corregedoria\/index.php\/2016\/12\/13\/resolucao-no-0072000-publ-em-31052000\/\">007 &#8211; 31\/05\/2000 Suspens\u00e3o f\u00e9rias Julho\/00 Des. Alemer e Maur\u00edlio<\/a><\/p>\n<p style=\"text-align: justify;\"><a href=\"https:\/\/www.tjes.jus.br\/corregedoria\/index.php\/2016\/12\/13\/resolucao-no-0062000-publ-em-22052000\/\">006 &#8211; 22\/05\/2000 Remo\u00e7\u00e3o Des. Ewerly Grandi Ribeiro da 4\u00aa C. C\u00edvel Para 2\u00aa C. Criminal<\/a><\/p>\n<p style=\"text-align: justify;\"><a href=\"https:\/\/www.tjes.jus.br\/corregedoria\/index.php\/2016\/12\/13\/resolucao-no-0052000-publ-em-18052000\/\">005 &#8211; 18\/05\/2000 Comenda Gr\u00e3-Cruz Ministro Ant\u00f4nio de P\u00e1dua Ribeiro<\/a><\/p>\n<p style=\"text-align: justify;\"><a href=\"https:\/\/www.tjes.jus.br\/corregedoria\/index.php\/2016\/12\/13\/resolucao-no-0042000-publ-em-20032000\/\">004 &#8211; 20\/03\/2000 Remo\u00e7\u00e3o Des. Maur\u00edlio Almeida de Abreu da 3\u00aa para 2\u00aa C\u00e2m. C\u00edvel<\/a><\/p>\n<p style=\"text-align: justify;\"><a href=\"https:\/\/www.tjes.jus.br\/corregedoria\/index.php\/2016\/12\/13\/resolucao-no-0032000-publ-em-20032000\/\">003 &#8211; 20\/03\/2000 Remo\u00e7\u00e3o Des. Ant\u00f4nio J. Miguel Feu Rosa, da 2\u00aa para 1\u00aa Cam. Criminal<\/a><\/p>\n<p style=\"text-align: justify;\"><a href=\"https:\/\/www.tjes.jus.br\/corregedoria\/index.php\/2016\/12\/13\/resolucao-no-0022000-publ-em-13032000\/\">002 &#8211; 13\/03\/2000 Concess\u00e3o di\u00e1rias Servidor P\u00fablico<\/a>\u00a0&#8211; <span style=\"color: #ff0000;\"><strong>REVOGADA<\/strong><\/span><\/p>\n<p style=\"text-align: justify;\"><a href=\"https:\/\/www.tjes.jus.br\/corregedoria\/index.php\/2016\/12\/13\/resolucao-no-0012000-publ-em-28022000\/\">001 &#8211; 28\/02\/2000 Escala de Plant\u00e3o &#8211; ALTERADA<\/a><\/p>\n","protected":false},"excerpt":{"rendered":"<p>ANO DE 2000 018 &#8211; 26\/12\/2000 Suspens\u00e3o f\u00e9rias Des. Nivaldo, Amim e S\u00e9rgio Gama 017 &#8211; 19\/12\/2000 Remo\u00e7\u00e3o Des. Amim da 1\u00aa para 4\u00aa C\u00e2mara C\u00edvel 016 &#8211; 18\/12\/2000 Comiss\u00e3o Inqu\u00e9rito 100000023422 &#8211; ADITADA 015 &#8211; 18\/12\/2000 Suspens\u00e3o f\u00e9rias Des. Alemer Ferraz Moulin 014 &#8211; 20\/11\/2000 Determina \u00e0 Diretoria Jud. Distribui\u00e7\u00e3o &#8211; A\u00e7\u00f5es Insconstitucionalidade 013 [&hellip;]<\/p>\n","protected":false},"author":1,"featured_media":0,"parent":4580,"menu_order":0,"comment_status":"closed","ping_status":"closed","template":"","meta":{"footnotes":""},"_links":{"self":[{"href":"https:\/\/www.tjes.jus.br\/corregedoria\/wp-json\/wp\/v2\/pages\/4636"}],"collection":[{"href":"https:\/\/www.tjes.jus.br\/corregedoria\/wp-json\/wp\/v2\/pages"}],"about":[{"href":"https:\/\/www.tjes.jus.br\/corregedoria\/wp-json\/wp\/v2\/types\/page"}],"author":[{"embeddable":true,"href":"https:\/\/www.tjes.jus.br\/corregedoria\/wp-json\/wp\/v2\/users\/1"}],"replies":[{"embeddable":true,"href":"https:\/\/www.tjes.jus.br\/corregedoria\/wp-json\/wp\/v2\/comments?post=4636"}],"version-history":[{"count":7,"href":"https:\/\/www.tjes.jus.br\/corregedoria\/wp-json\/wp\/v2\/pages\/4636\/revisions"}],"predecessor-version":[{"id":9675,"href":"https:\/\/www.tjes.jus.br\/corregedoria\/wp-json\/wp\/v2\/pages\/4636\/revisions\/9675"}],"up":[{"embeddable":true,"href":"https:\/\/www.tjes.jus.br\/corregedoria\/wp-json\/wp\/v2\/pages\/4580"}],"wp:attachment":[{"href":"https:\/\/www.tjes.jus.br\/corregedoria\/wp-json\/wp\/v2\/media?parent=4636"}],"curies":[{"name":"wp","href":"https:\/\/api.w.org\/{rel}","templated":true}]}}