{"id":46480,"date":"2026-03-10T13:20:47","date_gmt":"2026-03-10T16:20:47","guid":{"rendered":"https:\/\/www.tjes.jus.br\/corregedoria\/?page_id=46480"},"modified":"2026-03-24T16:07:57","modified_gmt":"2026-03-24T19:07:57","slug":"secao-de-monitoramento-de-foro-extrajudicial-2026","status":"publish","type":"page","link":"https:\/\/www.tjes.jus.br\/corregedoria\/secao-de-monitoramento-de-foro-extrajudicial-2026\/","title":{"rendered":"Se\u00e7\u00e3o de Monitoramento de Foro Extrajudicial \u2013 2026"},"content":{"rendered":"\n<p style=\"text-align: justify;\"><strong><a href=\"https:\/\/www.tjes.jus.br\/corregedoria\/2026\/03\/24\/oficio-circular-no-3-2026-disp-24-03-2026\/\">Of\u00edcio Circular CGJES N\u00ba 3\/2026<\/a> \u2013<\/strong>\u00a0Se<span lang=\"pt-BR\">\u00e7\u00e3o de Monitoramento de Foro Extrajudicial<\/span> \u2013 (Disponibilizado em 24\/03\/2026) \u2013<strong>RECOMENDO<\/strong>\u00a0aos Ju\u00edzes de Direito Diretores dos F\u00f3runs, Membros do Minist\u00e9rio P\u00fablico, Advogados, Not\u00e1rios e Registradores, Serventu\u00e1rios e a quem mais possa interessar, que observem o comunicado em anexo, e adotem\u00a0as provid\u00eancias que entenderem pertinentes.<\/p>\n<p style=\"text-align: justify;\"><strong><a href=\"https:\/\/www.tjes.jus.br\/corregedoria\/2026\/03\/10\/oficio-circular-no-2-2026-disp-10-03-2026\/\">Of\u00edcio Circular CGJES N\u00ba 2\/2026<\/a> \u2013<\/strong>\u00a0Se<span lang=\"pt-BR\">\u00e7\u00e3o de Monitoramento de Foro Extrajudicial<\/span> \u2013 (Disponibilizado em 10\/03\/2026) \u2013RECOMENDO\u00a0aos Ju\u00edzes de Direito Diretores dos F\u00f3runs, Membros do Minist\u00e9rio P\u00fablico, Advogados, Not\u00e1rios e Registradores, Serventu\u00e1rios e a quem mais possa\u00a0interessar, que observem o comunicado em anexo, e adotem as provid\u00eancias que entenderem pertinentes.<\/p>\n","protected":false},"excerpt":{"rendered":"<p>Of\u00edcio Circular CGJES N\u00ba 3\/2026 \u2013\u00a0Se\u00e7\u00e3o de Monitoramento de Foro Extrajudicial \u2013 (Disponibilizado em 24\/03\/2026) \u2013RECOMENDO\u00a0aos Ju\u00edzes de Direito Diretores dos F\u00f3runs, Membros do Minist\u00e9rio P\u00fablico, Advogados, Not\u00e1rios e Registradores, Serventu\u00e1rios e a quem mais possa interessar, que observem o comunicado em anexo, e adotem\u00a0as provid\u00eancias que entenderem pertinentes. Of\u00edcio Circular CGJES N\u00ba 2\/2026 \u2013\u00a0Se\u00e7\u00e3o [&hellip;]<\/p>\n","protected":false},"author":19,"featured_media":0,"parent":0,"menu_order":0,"comment_status":"closed","ping_status":"closed","template":"","meta":{"footnotes":""},"_links":{"self":[{"href":"https:\/\/www.tjes.jus.br\/corregedoria\/wp-json\/wp\/v2\/pages\/46480"}],"collection":[{"href":"https:\/\/www.tjes.jus.br\/corregedoria\/wp-json\/wp\/v2\/pages"}],"about":[{"href":"https:\/\/www.tjes.jus.br\/corregedoria\/wp-json\/wp\/v2\/types\/page"}],"author":[{"embeddable":true,"href":"https:\/\/www.tjes.jus.br\/corregedoria\/wp-json\/wp\/v2\/users\/19"}],"replies":[{"embeddable":true,"href":"https:\/\/www.tjes.jus.br\/corregedoria\/wp-json\/wp\/v2\/comments?post=46480"}],"version-history":[{"count":4,"href":"https:\/\/www.tjes.jus.br\/corregedoria\/wp-json\/wp\/v2\/pages\/46480\/revisions"}],"predecessor-version":[{"id":46729,"href":"https:\/\/www.tjes.jus.br\/corregedoria\/wp-json\/wp\/v2\/pages\/46480\/revisions\/46729"}],"wp:attachment":[{"href":"https:\/\/www.tjes.jus.br\/corregedoria\/wp-json\/wp\/v2\/media?parent=46480"}],"curies":[{"name":"wp","href":"https:\/\/api.w.org\/{rel}","templated":true}]}}