{"id":46904,"date":"2026-04-09T15:33:05","date_gmt":"2026-04-09T18:33:05","guid":{"rendered":"https:\/\/www.tjes.jus.br\/corregedoria\/?page_id=46904"},"modified":"2026-04-09T15:45:18","modified_gmt":"2026-04-09T18:45:18","slug":"alteracoes-do-novo-codigo-de-normas","status":"publish","type":"page","link":"https:\/\/www.tjes.jus.br\/corregedoria\/alteracoes-do-novo-codigo-de-normas\/","title":{"rendered":"VERS\u00d5ES ANTERIORES DO NOVO C\u00d3DIGO DE NORMAS"},"content":{"rendered":"\n<p style=\"text-align: center;\"><strong>TOMO I<\/strong><\/p>\n<p style=\"text-align: justify;\"><a href=\"https:\/\/www.tjes.jus.br\/corregedoria\/wp-content\/uploads\/2025\/10\/CN-JUDICIAL-2025.10.03-Versao-1.9.23-Ate-o-Provimento-09-2025.pdf\">C\u00d3DIGO DE NORMAS \u2013 FORO JUDICIAL \u2013 TOMO I \u2013 Atualizado at\u00e9 Provimento CGJES n\u00ba 09\/2025, disponibilizado no eDi\u00e1rio em 01\/07\/2025<\/a><\/p>\n<p style=\"text-align: justify;\"><a href=\"https:\/\/www.tjes.jus.br\/corregedoria\/wp-content\/uploads\/2024\/11\/CN-JUDICIAL-2024.11.06-Versao-1.9.22-Com-alteracoes-do-Provimento-012-2024.pdf\">C\u00d3DIGO DE NORMAS \u2013 FORO JUDICIAL \u2013 TOMO I \u2013 Atualizado at\u00e9 Provimento CGJES n\u00ba 012\/2024, disponibilizado no eDi\u00e1rio em 06\/11\/2024<\/a><\/p>\n<p style=\"text-align: justify;\"><a href=\"https:\/\/www.tjes.jus.br\/corregedoria\/wp-content\/uploads\/2024\/10\/CN-JUDICIAL-Versao-1.9.21-Com-alteracoes-do-Provimento-010-2024-1.pdf\">C\u00d3DIGO DE NORMAS \u2013 FORO JUDICIAL \u2013 TOMO I \u2013 Atualizado at\u00e9 Provimento CGJES n\u00ba 010\/2024, disponibilizado no eDi\u00e1rio em 05\/09\/2024<\/a><\/p>\n<p style=\"text-align: justify;\"><a href=\"https:\/\/www.tjes.jus.br\/corregedoria\/wp-content\/uploads\/2023\/07\/CN-JUDICIAL-2023.07.25-Vers%C3%A3o-1.9.20-Com-altera%C3%A7%C3%B5es-do-Provimento-016-2023.pdf\">C\u00d3DIGO DE NORMAS \u2013 FORO JUDICIAL \u2013 TOMO I \u2013 Atualizado at\u00e9 Provimento CGJES n\u00ba 016\/2023, disponibilizado no eDi\u00e1rio em 21\/07\/2023<\/a><\/p>\n<p style=\"text-align: justify;\"><a href=\"https:\/\/www.tjes.jus.br\/corregedoria\/wp-content\/uploads\/2023\/06\/CN-JUDICIAL-2023.06.27-Vers%C3%A3o-1.9.19-Com-altera%C3%A7%C3%B5es-do-Provimento-014-2023.pdf\">C\u00d3DIGO DE NORMAS \u2013 FORO JUDICIAL \u2013 TOMO I \u2013 Atualizado at\u00e9 Provimento CGJES n\u00ba 014\/2023, disponibilizado no eDi\u00e1rio em 21\/06\/2023<\/a><\/p>\n<p style=\"text-align: justify;\"><a href=\"https:\/\/www.tjes.jus.br\/corregedoria\/wp-content\/uploads\/2023\/06\/CN-JUDICIAL-2023.06.20-Vers%C3%A3o-1.9.18-Com-altera%C3%A7%C3%B5es-do-Provimento-013-2023.pdf\">C\u00d3DIGO DE NORMAS \u2013 FORO JUDICIAL \u2013 TOMO I \u2013 Atualizado at\u00e9 Provimento CGJES n\u00ba 013\/2023, disponibilizado no eDi\u00e1rio em 12\/06\/2023<\/a><\/p>\n<p style=\"text-align: justify;\"><a href=\"https:\/\/www.tjes.jus.br\/corregedoria\/wp-content\/uploads\/2023\/05\/CN-JUDICIAL-2023.05.23-Vers%C3%A3o-1.9.16-Com-altera%C3%A7%C3%B5es-do-Provimento-011-2023.pdf\">C\u00d3DIGO DE NORMAS \u2013 FORO JUDICIAL \u2013 TOMO I \u2013 Atualizado at\u00e9 Provimento CGJES n\u00ba 011\/2023, disponibilizado no eDi\u00e1rio em 23\/05\/2023<\/a><\/p>\n<p style=\"text-align: justify;\"><a href=\"https:\/\/www.tjes.jus.br\/corregedoria\/wp-content\/uploads\/2023\/04\/CN-JUDICIAL-2023.04.18-Vers%C3%A3o-1.9.15-Com-altera%C3%A7%C3%B5es-do-Provimento-008-2023.pdf\">C\u00d3DIGO DE NORMAS \u2013 FORO JUDICIAL \u2013 TOMO I \u2013 Atualizado at\u00e9 Provimento CGJES n\u00ba 08\/2023, disponibilizado no eDi\u00e1rio em 13\/04\/2023<\/a><\/p>\n<p style=\"text-align: justify;\"><a href=\"https:\/\/www.tjes.jus.br\/corregedoria\/wp-content\/uploads\/2023\/03\/CN-JUDICIAL-2023.03.10-Vers%C3%A3o-1.9.13-Com-altera%C3%A7%C3%B5es-do-Provimento-003-2023.pdf\">C\u00d3DIGO DE NORMAS \u2013 FORO JUDICIAL \u2013 TOMO I \u2013 Atualizado at\u00e9 Provimento CGJES n\u00ba 003\/2023, disponibilizado no eDi\u00e1rio em 10\/03\/2023<\/a><\/p>\n<p style=\"text-align: justify;\"><a href=\"https:\/\/www.tjes.jus.br\/corregedoria\/wp-content\/uploads\/2022\/06\/CN-JUDICIAL-2022_06_23-Vers%C3%A3o-1.9.12-Com-altera%C3%A7%C3%B5es-do-Provimento-008-2022.pdf\">C\u00d3DIGO DE NORMAS \u2013 FORO JUDICIAL \u2013 TOMO I \u2013 Atualizado at\u00e9 Provimento CGJES n\u00ba 008\/2022, disponibilizado no eDi\u00e1rio em 23\/06\/2022<\/a><\/p>\n<p style=\"text-align: justify;\"><a href=\"https:\/\/www.tjes.jus.br\/corregedoria\/wp-content\/uploads\/2022\/02\/CN-JUDICIAL-2022.02.01-Vers%C3%A3o-1.9.11-Com-altera%C3%A7%C3%B5es-do-Provimento-001-2022.pdf\">C\u00d3DIGO DE NORMAS \u2013 FORO JUDICIAL \u2013 TOMO I \u2013 Atualizado at\u00e9 Provimento CGJES n\u00ba 001\/2022, disponibilizado no eDi\u00e1rio em 01\/02\/2021<\/a><\/p>\n<p style=\"text-align: justify;\"><a href=\"https:\/\/www.tjes.jus.br\/corregedoria\/wp-content\/uploads\/2022\/01\/CN-JUDICIAL-2021.07.14-Vers%C3%A3o-1.9.10-Com-altera%C3%A7%C3%B5es-do-Provimento-060-2021.pdf\">C\u00d3DIGO DE NORMAS \u2013 FORO JUDICIAL \u2013 TOMO I \u2013 Atualizado at\u00e9 Provimento CGJES n\u00ba 60\/2021, disponibilizado no eDi\u00e1rio em 14\/07\/2021<\/a><\/p>\n<p style=\"text-align: justify;\"><a href=\"https:\/\/www.tjes.jus.br\/corregedoria\/wp-content\/uploads\/2021\/07\/CN-JUDICIAL-2021.07.13-Vers%C3%A3o-1.9.9-Com-altera%C3%A7%C3%B5es-do-Provimento-056-2021.pdf\">C\u00d3DIGO DE NORMAS \u2013 FORO JUDICIAL \u2013 TOMO I \u2013 Atualizado at\u00e9 Provimento CGJES n\u00ba 56\/2021, disponibilizado no eDi\u00e1rio em 13\/07\/2021<\/a><\/p>\n<p style=\"text-align: justify;\"><a href=\"https:\/\/www.tjes.jus.br\/corregedoria\/wp-content\/uploads\/2021\/07\/CN-JUDICIAL-2021.07.05-Vers%C3%A3o-1.9.8-Com-altera%C3%A7%C3%B5es-do-Provimento-055-2021-PARA-PUBLICA%C3%87%C3%83O.pdf\">C\u00d3DIGO DE NORMAS \u2013 FORO JUDICIAL \u2013 TOMO I \u2013 Atualizado at\u00e9 Provimento CGJES n\u00ba 55\/2021, disponibilizado no eDi\u00e1rio em 05\/07\/2021<\/a><\/p>\n<p style=\"text-align: justify;\"><a href=\"https:\/\/www.tjes.jus.br\/corregedoria\/wp-content\/uploads\/2021\/05\/CN-JUDICIAL-2021.05.21-Vers%C3%A3o-1.9.7-Com-altera%C3%A7%C3%B5es-do-Provimento-053-2021-PARA-PUBLICA%C3%87%C3%83O.pdf\">C\u00d3DIGO DE NORMAS \u2013 FORO JUDICIAL \u2013 TOMO I \u2013 Atualizado at\u00e9 Provimento CGJES n\u00ba 53\/2021, disponibilizado no eDi\u00e1rio em 20\/04\/2021<\/a><\/p>\n<p style=\"text-align: justify;\"><a href=\"https:\/\/www.tjes.jus.br\/corregedoria\/wp-content\/uploads\/2021\/04\/CN-JUDICIAL-2021.04.19-Vers%C3%A3o-1.9.6-Com-altera%C3%A7%C3%B5es-do-Provimento-048-2021.pdf\">C\u00d3DIGO DE NORMAS \u2013 FORO JUDICIAL \u2013 TOMO I \u2013 Atualizado at\u00e9 Provimento CGJES n\u00ba 48\/2021, disponibilizado no eDi\u00e1rio em 19\/04\/2021<\/a><\/p>\n<p style=\"text-align: justify;\"><a href=\"https:\/\/www.tjes.jus.br\/corregedoria\/wp-content\/uploads\/2021\/01\/CN-JUDICIAL-2021.01.19-Vers%C3%A3o-1.9.5-Com-altera%C3%A7%C3%B5es-do-Provimento-039-2021.pdf\">C\u00d3DIGO DE NORMAS \u2013 FORO JUDICIAL \u2013 TOMO I \u2013 Atualizado at\u00e9 Provimento CGJES n\u00ba 039\/2021, disponibilizado no eDi\u00e1rio em 19\/01\/2021<\/a><\/p>\n<p style=\"text-align: justify;\"><a href=\"https:\/\/www.tjes.jus.br\/corregedoria\/wp-content\/uploads\/2021\/01\/CN-JUDICIAL-2020.11.24-Vers%C3%A3o-1.9.4-Com-altera%C3%A7%C3%B5es-do-Provimento-033-2020.pdf\">C\u00d3DIGO DE NORMAS \u2013 FORO JUDICIAL \u2013 TOMO I \u2013 Atualizado at\u00e9 Provimento CGJES n\u00ba 033\/2020, disponibilizado no eDi\u00e1rio em 24\/11\/2020<\/a><\/p>\n<p style=\"text-align: center;\"><strong>TOMO II<\/strong><\/p>\n<p style=\"text-align: justify;\"><a href=\"https:\/\/www.tjes.jus.br\/corregedoria\/wp-content\/uploads\/2025\/09\/CN-EXTRAJUDICIAL-Versao-5.9-ate-provimento-14.2025.pdf\">C\u00d3DIGO DE NORMAS \u2013 FORO EXTRAJUDICIAL \u2013 TOMO II \u2013 Atualizado at\u00e9 Provimento CGJES n\u00ba 14\/2025, disponibilizado no eDi\u00e1rio em 20\/08\/202<\/a>5<\/p>\n<p style=\"text-align: justify;\"><a href=\"https:\/\/www.tjes.jus.br\/corregedoria\/wp-content\/uploads\/2025\/06\/Copia-de-CN-EXTRAJUDICIAL-Versao-5.4-ate-provimento-7.2025.pdf\">C\u00d3DIGO DE NORMAS \u2013 FORO EXTRAJUDICIAL \u2013 TOMO II \u2013 Atualizado at\u00e9 Provimento CGJES n\u00ba 07\/2025, disponibilizado no eDi\u00e1rio em 04\/06\/2025<\/a><\/p>\n<p style=\"text-align: justify;\"><a href=\"https:\/\/www.tjes.jus.br\/corregedoria\/wp-content\/uploads\/2025\/05\/CN-EXTRAJUDICIAL-Versao-5.3-ate-provimento-6-2025.pdf\">C\u00d3DIGO DE NORMAS \u2013 FORO EXTRAJUDICIAL \u2013 TOMO II \u2013\u00a0\u00a0Atualizado at\u00e9 Provimento CGJES n\u00ba 06\/2025, disponibilizado no eDi\u00e1rio em 14\/05\/2025<\/a><\/p>\n<p style=\"text-align: justify;\"><a href=\"https:\/\/www.tjes.jus.br\/corregedoria\/wp-content\/uploads\/2025\/04\/CN-EXTRAJUDICIAL-Versao-5.2-ate-provimento-5_2025.pdf\">C\u00d3DIGO DE NORMAS \u2013 FORO EXTRAJUDICIAL \u2013 TOMO II \u2013\u00a0\u00a0Atualizado at\u00e9 Provimento CGJES n\u00ba 05\/2025, disponibilizado no eDi\u00e1rio em 25\/04\/2025<\/a><\/p>\n<p style=\"text-align: justify;\"><a href=\"https:\/\/www.tjes.jus.br\/corregedoria\/wp-content\/uploads\/2025\/02\/CN-EXTRAJUDICIAL-Versao-5.0-ate-provimento-01_2025.pdf\">C\u00d3DIGO DE NORMAS \u2013 FORO EXTRAJUDICIAL \u2013 TOMO II \u2013\u00a0\u00a0Atualizado at\u00e9 Provimento CGJES n\u00ba 01\/2025, disponibilizado no eDi\u00e1rio em 04\/02\/202<\/a>5<\/p>\n<p style=\"text-align: justify;\"><a href=\"https:\/\/www.tjes.jus.br\/corregedoria\/wp-content\/uploads\/2024\/03\/CN-EXTRAJUDICIAL-Versao-4.0-ate-provimento-26.2023-do-dia-14.12.2023-p3.pdf\">C\u00d3DIGO DE NORMAS \u2013 FORO EXTRAJUDICIAL \u2013 TOMO II \u2013\u00a0\u00a0Atualizado at\u00e9 Provimento CGJES n\u00ba 026\/2023, disponibilizado no eDi\u00e1rio em 14\/12\/2023<\/a><\/p>\n<p style=\"text-align: justify;\"><a href=\"https:\/\/www.tjes.jus.br\/corregedoria\/wp-content\/uploads\/2023\/10\/CN-EXTRAJUDICIAL-Vers%C3%A3o-3.8-ate-provimento-19-2023-do-dia-3-10-2023.pdf\">C\u00d3DIGO DE NORMAS \u2013 FORO EXTRAJUDICIAL \u2013 TOMO II \u2013\u00a0\u00a0Atualizado at\u00e9 Provimento CGJES n\u00ba 019\/2023, disponibilizado no eDi\u00e1rio em 03\/10\/2023<\/a><\/p>\n<p style=\"text-align: justify;\"><a href=\"https:\/\/www.tjes.jus.br\/corregedoria\/wp-content\/uploads\/2023\/10\/CN-EXTRAJUDICIAL-Vers%C3%A3o-3.6-ate-provimento_18-2023_disp_26-9-2023.pdf\">C\u00d3DIGO DE NORMAS \u2013 FORO EXTRAJUDICIAL \u2013 TOMO II \u2013\u00a0\u00a0Atualizado at\u00e9 Provimento CGJES n\u00ba 018\/2023, disponibilizado no eDi\u00e1rio em 26\/09\/2023<\/a><\/p>\n<p style=\"text-align: justify;\"><a href=\"https:\/\/www.tjes.jus.br\/corregedoria\/wp-content\/uploads\/2023\/09\/CN-EXTRAJUDICIAL-Vers%C3%A3o-3.5-ate-provimento-17.2023-do-dia-1.9.2023.pdf\">C\u00d3DIGO DE NORMAS \u2013 FORO EXTRAJUDICIAL \u2013 TOMO II \u2013\u00a0\u00a0Atualizado at\u00e9 Provimento CGJES n\u00ba 017\/2023, disponibilizado no eDi\u00e1rio em 01\/09\/2023<\/a><\/p>\n<p style=\"text-align: justify;\"><a href=\"https:\/\/www.tjes.jus.br\/corregedoria\/wp-content\/uploads\/2023\/07\/CN-EXTRAJUDICIAL-Vers%C3%A3o-3.4-ate-provimento-15_2023_do_dia-12-7-2023.pdf\">C\u00d3DIGO DE NORMAS \u2013 FORO EXTRAJUDICIAL \u2013 TOMO II \u2013\u00a0\u00a0Atualizado at\u00e9 Provimento CGJES n\u00ba 015\/2023, disponibilizado no eDi\u00e1rio em 12\/07\/2023<\/a><\/p>\n<p style=\"text-align: justify;\"><a href=\"https:\/\/www.tjes.jus.br\/corregedoria\/wp-content\/uploads\/2023\/05\/CN-EXTRAJUDICIAL-Vers%C3%A3o-3.3-ate-provimento-10.2023-do-dia-5.5.2023.pdf\">C\u00d3DIGO DE NORMAS \u2013 FORO EXTRAJUDICIAL \u2013 TOMO II \u2013\u00a0\u00a0Atualizado at\u00e9 Provimento CGJES n\u00ba 10\/2023, disponibilizado no eDi\u00e1rio em 05\/05\/2023<\/a><\/p>\n<p style=\"text-align: justify;\"><a href=\"https:\/\/www.tjes.jus.br\/corregedoria\/wp-content\/uploads\/2022\/12\/CN-EXTRAJUDICIAL-Vers%C3%A3o-3.2-ate-provimento_12-2022.pdf\">C\u00d3DIGO DE NORMAS \u2013 FORO EXTRAJUDICIAL \u2013 TOMO II \u2013\u00a0\u00a0Atualizado at\u00e9 Provimento CGJES n\u00ba 12\/2022, disponibilizado no eDi\u00e1rio em 29\/09\/2022<\/a><\/p>\n<p style=\"text-align: justify;\"><a href=\"https:\/\/www.tjes.jus.br\/corregedoria\/wp-content\/uploads\/2022\/07\/CN-EXTRAJUDICIAL-Vers%C3%A3o-3.1-ate-provimento-10.2022-de-21.07.2022.pdf\">C\u00d3DIGO DE NORMAS \u2013 FORO EXTRAJUDICIAL \u2013 TOMO II \u2013\u00a0\u00a0Atualizado at\u00e9 Provimento CGJES n\u00ba 10\/2022, disponibilizado no eDi\u00e1rio em 21\/07\/2022<\/a><\/p>\n<p style=\"text-align: justify;\"><a href=\"https:\/\/www.tjes.jus.br\/corregedoria\/wp-content\/uploads\/2022\/06\/CN-EXTRAJUDICIAL-29.06.2022-Vers%C3%A3o-3.0-ate-provimento-07.2022-de-13.06.2022.pdf\">C\u00d3DIGO DE NORMAS \u2013 FORO EXTRAJUDICIAL \u2013 TOMO II \u2013\u00a0\u00a0Atualizado at\u00e9 Provimento CGJES n\u00ba 07\/2022, disponibilizado no eDi\u00e1rio em 13\/06\/2022<\/a><\/p>\n<p style=\"text-align: justify;\"><a href=\"https:\/\/www.tjes.jus.br\/corregedoria\/wp-content\/uploads\/2022\/06\/CN-EXTRAJUDICIAL-08.04.2022-Vers%C3%A3o-2.9.6-altera%C3%A7%C3%A3o-na-apresenta%C3%A7%C3%A3o.pdf\">C\u00d3DIGO DE NORMAS \u2013 FORO EXTRAJUDICIAL \u2013 TOMO II \u2013\u00a0\u00a0Atualizado at\u00e9 Provimento CGJES n\u00ba 04\/2022, disponibilizado no eDi\u00e1rio em 25\/03\/2022<\/a><\/p>\n<p style=\"text-align: justify;\"><a href=\"https:\/\/www.tjes.jus.br\/corregedoria\/wp-content\/uploads\/2021\/07\/CN-EXTRAJUDICIAL-7.6.2021-Vers%C3%A3o-2.9.3-altera%C3%A7%C3%B5es-ate-Provimento-054-2021-2.pdf\">C\u00d3DIGO DE NORMAS \u2013 FORO EXTRAJUDICIAL \u2013 TOMO II \u2013\u00a0\u00a0Atualizado at\u00e9 Provimento CGJES n\u00ba 058\/2021, disponibilizado no eDi\u00e1rio em 05\/07\/2021<\/a><\/p>\n<p style=\"text-align: justify;\"><a href=\"https:\/\/www.tjes.jus.br\/corregedoria\/wp-content\/uploads\/2021\/06\/CN-EXTRAJUDICIAL-7.6.2021-Vers%C3%A3o-2.9.3-altera%C3%A7%C3%B5es-ate-Provimento-054-2021-2.pdf\">C\u00d3DIGO DE NORMAS \u2013 FORO EXTRAJUDICIAL \u2013 TOMO II \u2013\u00a0\u00a0Atualizado at\u00e9 Provimento CGJES n\u00ba 054\/2021, disponibilizado no eDi\u00e1rio em 07\/06\/2021<\/a><\/p>\n<p style=\"text-align: justify;\"><a href=\"https:\/\/www.tjes.jus.br\/corregedoria\/wp-content\/uploads\/2021\/05\/CN-EXTRAJUDICIAL-12.05.2021-Vers%C3%A3o-2.9.2-altera%C3%A7%C3%B5es-ate-Provimento-045-2021.pdf\">C\u00d3DIGO DE NORMAS \u2013 FORO EXTRAJUDICIAL \u2013 TOMO II \u2013 Atualizado at\u00e9 Provimento CGJES n\u00ba 041\/2021, disponibilizado no eDi\u00e1rio em 10\/05\/2021, Provimento CGJES n\u00ba 042\/2021, disponibilizado no eDi\u00e1rio em 09\/02\/2021, Provimento CGJES n\u00ba 045\/2021, disponibilizado no eDi\u00e1rio de 09\/04\/2021<\/a><\/p>\n<p style=\"text-align: justify;\"><a href=\"https:\/\/www.tjes.jus.br\/corregedoria\/wp-content\/uploads\/2021\/05\/CN-EXTRAJUDICIAL-10.05.2021-Vers%C3%A3o-2.9.1-altera%C3%A7%C3%B5es-ate-Provimento-042-2021.pdf\">C\u00d3DIGO DE NORMAS \u2013 FORO EXTRAJUDICIAL \u2013 TOMO II \u2013 Atualizado at\u00e9 Provimento CGJES n\u00ba 041\/2021, disponibilizado no eDi\u00e1rio em 10\/05\/2021, e Provimento CGJES n\u00ba 042\/2021, disponibilizado no eDi\u00e1rio em 09\/02\/2021<\/a><\/p>\n<p style=\"text-align: justify;\"><a href=\"https:\/\/www.tjes.jus.br\/corregedoria\/wp-content\/uploads\/2020\/10\/CN-EXTRAJUDICIAL-2020.10.22-Vers%C3%A3o-2.8.2-Com-altera%C3%A7%C3%B5es-do-Provimento-028-2020.pdf\">C\u00d3DIGO DE NORMAS \u2013 FORO EXTRAJUDICIAL \u2013 TOMO II \u2013 Atualizado at\u00e9 Provimento CGJES n\u00ba 028\/2020, disponibilizado no eDi\u00e1rio em 04\/09\/2020<\/a><\/p>\n<p><a href=\"https:\/\/www.tjes.jus.br\/corregedoria\/wp-content\/uploads\/2020\/10\/CN-JUDICIAL-2020.10.26-Vers%C3%A3o-1.9.3-Com-altera%C3%A7%C3%B5es-do-Provimento-031-2020.pdf\">C\u00d3DIGO DE NORMAS \u2013 Atualizado at\u00e9 Provimento CGJES n\u00ba 031\/2020, disponibilizado no eDi\u00e1rio em 26\/10\/2020<\/a><\/p>\n<p style=\"text-align: justify;\"><strong>\u00a0 \u00a0\u00a0<\/strong><\/p>\n<p style=\"text-align: center;\"><strong>C\u00d3DIGO DE NORMAS\u00a0ANTERIOR<\/strong><\/p>\n<p>\u00a0<\/p>\n<p style=\"text-align: justify;\"><a href=\"https:\/\/www.tjes.jus.br\/corregedoria\/wp-content\/uploads\/2019\/11\/CN-Atualizado-at%C3%A9-Provimento-38.2019.pdf\">C\u00d3DIGO DE NORMAS \u2013 Atualizado at\u00e9 Provimento CGJES n\u00ba 38\/2019, disponibilizado no eDi\u00e1rio em 26\/11\/2019<\/a><a href=\"https:\/\/www.tjes.jus.br\/corregedoria\/wp-content\/uploads\/2016\/09\/CODIGO_DE_NORMAS-Atualizado-at%C3%A9-Provimento-09-2016.pdf\"><br \/><\/a><\/p>\n<ul>\n<li style=\"text-align: justify;\"><a href=\"https:\/\/www.tjes.jus.br\/corregedoria\/wp-content\/uploads\/2016\/06\/CODIGOdeNORMAS_AnexoV.doc\" target=\"_blank\" rel=\"noopener noreferrer\">Anexo V do C\u00f3digo de Normas \u2013 Requisi\u00e7\u00e3o de Pagamento (Modelo em Formato .DOC)<\/a><\/li>\n<\/ul>\n<ul>\n<li><a href=\"https:\/\/www.tjes.jus.br\/corregedoria\/wp-content\/uploads\/2016\/08\/ModeloReciboAgosto2016.doc\" target=\"_blank\" rel=\"noopener noreferrer\">Anexo X do C\u00f3digo de Normas \u2013 Modelo Recibo (Formato .DOC)<\/a><\/li>\n<\/ul>\n<ul>\n<li><a href=\"https:\/\/www.tjes.jus.br\/corregedoria\/wp-content\/uploads\/2016\/06\/CODIGOdeNORMAS_AnexoI.doc\" target=\"_blank\" rel=\"noopener noreferrer\">Anexo I \u2013 Provimento 34\/2013 \u2013 Requisi\u00e7\u00e3o de Restitui\u00e7\u00e3o de FUNEPJ e Outros<\/a><\/li>\n<\/ul>\n","protected":false},"excerpt":{"rendered":"<p>TOMO I C\u00d3DIGO DE NORMAS \u2013 FORO JUDICIAL \u2013 TOMO I \u2013 Atualizado at\u00e9 Provimento CGJES n\u00ba 09\/2025, disponibilizado no eDi\u00e1rio em 01\/07\/2025 C\u00d3DIGO DE NORMAS \u2013 FORO JUDICIAL \u2013 TOMO I \u2013 Atualizado at\u00e9 Provimento CGJES n\u00ba 012\/2024, disponibilizado no eDi\u00e1rio em 06\/11\/2024 C\u00d3DIGO DE NORMAS \u2013 FORO JUDICIAL \u2013 TOMO I \u2013 Atualizado [&hellip;]<\/p>\n","protected":false},"author":8,"featured_media":0,"parent":0,"menu_order":0,"comment_status":"closed","ping_status":"closed","template":"","meta":{"footnotes":""},"_links":{"self":[{"href":"https:\/\/www.tjes.jus.br\/corregedoria\/wp-json\/wp\/v2\/pages\/46904"}],"collection":[{"href":"https:\/\/www.tjes.jus.br\/corregedoria\/wp-json\/wp\/v2\/pages"}],"about":[{"href":"https:\/\/www.tjes.jus.br\/corregedoria\/wp-json\/wp\/v2\/types\/page"}],"author":[{"embeddable":true,"href":"https:\/\/www.tjes.jus.br\/corregedoria\/wp-json\/wp\/v2\/users\/8"}],"replies":[{"embeddable":true,"href":"https:\/\/www.tjes.jus.br\/corregedoria\/wp-json\/wp\/v2\/comments?post=46904"}],"version-history":[{"count":3,"href":"https:\/\/www.tjes.jus.br\/corregedoria\/wp-json\/wp\/v2\/pages\/46904\/revisions"}],"predecessor-version":[{"id":46913,"href":"https:\/\/www.tjes.jus.br\/corregedoria\/wp-json\/wp\/v2\/pages\/46904\/revisions\/46913"}],"wp:attachment":[{"href":"https:\/\/www.tjes.jus.br\/corregedoria\/wp-json\/wp\/v2\/media?parent=46904"}],"curies":[{"name":"wp","href":"https:\/\/api.w.org\/{rel}","templated":true}]}}