{"id":480,"date":"2016-06-01T14:42:55","date_gmt":"2016-06-01T17:42:55","guid":{"rendered":"http:\/\/10.99.253.4\/corregedoria\/?page_id=480"},"modified":"2026-04-10T16:43:02","modified_gmt":"2026-04-10T19:43:02","slug":"foro-extrajudicial","status":"publish","type":"page","link":"https:\/\/www.tjes.jus.br\/corregedoria\/foro-extrajudicial\/","title":{"rendered":"Portal do Extrajudicial"},"content":{"rendered":"<h5>1 &#8211; <a href=\"https:\/\/justicaaberta.cnj.jus.br\/\" target=\"_blank\" rel=\"noopener\">Rela\u00e7\u00e3o dos Servi\u00e7os Notariais e Registrais<\/a> (link externo)<\/h5>\n<h5>2 &#8211;\u00a0<a href=\"https:\/\/www.tjes.jus.br\/corregedoria\/relacao-geral-de-vacancias\/\">Rela\u00e7\u00e3o Geral de Vac\u00e2ncias<\/a><\/h5>\n<h5>3 &#8211;\u00a0<a href=\"https:\/\/www.tjes.jus.br\/corregedoria\/index.php\/estrutura\/foro-extrajudicial\/tabela-de-emolumentos\/\">Tabelas de Emolumentos<\/a><\/h5>\n<h5>4 &#8211;<a href=\"https:\/\/www.tjes.jus.br\/corregedoria\/2019\/07\/03\/comunicados-cgjes\/\">\u00a0Comunicados CGJES<\/a><\/h5>\n<h5>5 &#8211; <a href=\"https:\/\/www.tjes.jus.br\/corregedoria\/legislacao-relacionada-ao-extrajudicial\/\">Legisla\u00e7\u00e3o Relacionada<\/a><\/h5>\n<h5>6 &#8211; <a href=\"https:\/\/www.tjes.jus.br\/corregedoria\/pareceres-decisoes-e-sentencas-do-extrajudicial\/\">Pareceres, Decis\u00f5es e Senten\u00e7as<\/a><\/h5>\n<h5>7 &#8211; <a href=\"https:\/\/www.tjes.jus.br\/corregedoria\/decisoes-da-corregedoria\/\">Decis\u00f5es da Corregedoria<\/a><\/h5>\n<h5>8 &#8211;\u00a0<a href=\"https:\/\/www.tjes.jus.br\/corregedoria\/wp-content\/uploads\/2021\/05\/FORMUL\u00c1RIO-N\u00c3O-PARENTESCO-9.odt\">Modelo Formul\u00e1rio Provimento 77 CNJ<\/a><\/h5>\n<h5>9 &#8211; <a href=\"https:\/\/www.tjes.jus.br\/corregedoria\/substituto-legal\/\">Substituto Legal<\/a><\/h5>\n<h5>10 &#8211; <a href=\"https:\/\/www.tjes.jus.br\/corregedoria\/transmissao-de-acervo\/\">Transmiss\u00e3o de Acervo<\/a><\/h5>\n<h5>11 &#8211; <a href=\"https:\/\/www.tjes.jus.br\/corregedoria\/wp-content\/uploads\/2021\/12\/Requerimento-CONTRATA\u00c7\u00c3O-DE-DESPESAS-INTERINO.docx\">Requerimento de Contrata\u00e7\u00e3o de Despesas pelos Interinos<\/a><\/h5>\n<h5>12 &#8211; <a href=\"https:\/\/www.tjes.jus.br\/corregedoria\/orientacoes-como-obter-ou-recuperar-acesso-ao-console-do-selo-malote-digital-cnj-e-e-mail-institucional\/\">Orienta\u00e7\u00f5es para obter ou recuperar acesso ao Selo Digital, Malote Digital CNJ e E-mail Institucional<\/a><\/h5>\n<h5>13 &#8211; <a href=\"https:\/\/www.tjes.jus.br\/corregedoria\/transparencia\/\">Transpar\u00eancia<\/a><\/h5>\n<h5>14 &#8211; <a href=\"https:\/\/www.tjes.jus.br\/corregedoria\/servicos-e-convenios\/\">Servi\u00e7os e Conv\u00eanios<\/a><\/h5>\n<h5>15 &#8211; <a href=\"https:\/\/www.tjes.jus.br\/corregedoria\/extratos-das-atas-das-reunioes-da-comissao-de-protecao-de-dados-da-corregedoria-nacional-de-justica-cpd-cn-cnj\/\">Extratos das atas das reuni\u00f5es da Comiss\u00e3o de Prote\u00e7\u00e3o de Dados da Corregedoria Nacional de Justi\u00e7a (CPD\/CN\/CNJ)<\/a><\/h5>\n","protected":false},"excerpt":{"rendered":"<p>1 &#8211; Rela\u00e7\u00e3o dos Servi\u00e7os Notariais e Registrais (link externo) 2 &#8211;\u00a0Rela\u00e7\u00e3o Geral de Vac\u00e2ncias 3 &#8211;\u00a0Tabelas de Emolumentos 4 &#8211;\u00a0Comunicados CGJES 5 &#8211; Legisla\u00e7\u00e3o Relacionada 6 &#8211; Pareceres, Decis\u00f5es e Senten\u00e7as 7 &#8211; Decis\u00f5es da Corregedoria 8 &#8211;\u00a0Modelo Formul\u00e1rio Provimento 77 CNJ 9 &#8211; Substituto Legal 10 &#8211; Transmiss\u00e3o de Acervo 11 &#8211; Requerimento [&hellip;]<\/p>\n","protected":false},"author":1,"featured_media":0,"parent":0,"menu_order":0,"comment_status":"closed","ping_status":"closed","template":"","meta":{"footnotes":""},"_links":{"self":[{"href":"https:\/\/www.tjes.jus.br\/corregedoria\/wp-json\/wp\/v2\/pages\/480"}],"collection":[{"href":"https:\/\/www.tjes.jus.br\/corregedoria\/wp-json\/wp\/v2\/pages"}],"about":[{"href":"https:\/\/www.tjes.jus.br\/corregedoria\/wp-json\/wp\/v2\/types\/page"}],"author":[{"embeddable":true,"href":"https:\/\/www.tjes.jus.br\/corregedoria\/wp-json\/wp\/v2\/users\/1"}],"replies":[{"embeddable":true,"href":"https:\/\/www.tjes.jus.br\/corregedoria\/wp-json\/wp\/v2\/comments?post=480"}],"version-history":[{"count":76,"href":"https:\/\/www.tjes.jus.br\/corregedoria\/wp-json\/wp\/v2\/pages\/480\/revisions"}],"predecessor-version":[{"id":46930,"href":"https:\/\/www.tjes.jus.br\/corregedoria\/wp-json\/wp\/v2\/pages\/480\/revisions\/46930"}],"wp:attachment":[{"href":"https:\/\/www.tjes.jus.br\/corregedoria\/wp-json\/wp\/v2\/media?parent=480"}],"curies":[{"name":"wp","href":"https:\/\/api.w.org\/{rel}","templated":true}]}}