{"id":5210,"date":"2016-08-23T16:52:33","date_gmt":"2016-08-23T19:52:33","guid":{"rendered":"https:\/\/www.tjes.jus.br\/corregedoria\/?page_id=5210"},"modified":"2022-10-13T17:59:43","modified_gmt":"2022-10-13T20:59:43","slug":"custas-processuais-e-outras-receitas-judiciarias","status":"publish","type":"page","link":"https:\/\/www.tjes.jus.br\/corregedoria\/sistemas-de-arrecadacao\/custas-processuais-e-outras-receitas-judiciarias\/","title":{"rendered":"Custas Processuais e Outras Receitas Judici\u00e1rias"},"content":{"rendered":"<p><strong>Custas Processuais, Despesas a serem Providas e Outras Receitas Judici\u00e1rias:<\/strong><\/p>\n<p style=\"padding-left: 30px;\"><a href=\"http:\/\/aplicativos.tjes.jus.br\/sistemaspublicos\/corregedoria\/arrecadacao\/guias\/CustasProcLeiNova0.cfm\">Custas Processuais (Exceto Execu\u00e7\u00e3o Fiscal) e Outras Receitas Judici\u00e1rias<\/a><\/p>\n<p style=\"padding-left: 30px;\"><a href=\"http:\/\/aplicativos.tjes.jus.br\/sistemaspublicos\/corregedoria\/arrecadacao\/guias\/CustasExecFiscal1.cfm\">Custas Processuais Execu\u00e7\u00e3o Fiscal<\/a> (Novo)<\/p>\n<p style=\"padding-left: 30px;\"><a href=\"http:\/\/aplicativos.tjes.jus.br\/sistemaspublicos\/corregedoria\/arrecadacao\/guias\/cad_guiaavulsa.cfm\">Emitir Guia de outras Receitas Judici\u00e1rias<\/a><\/p>\n<p style=\"padding-left: 30px;\"><a href=\"http:\/\/aplicativos.tjes.jus.br\/sistemaspublicos\/corregedoria\/arrecadacao\/relatorios\/ConsultaCustasporProcesso.cfm\">Consultar, Atualizar e Imprimir Guia<\/a><\/p>\n<hr \/>\n<p>&nbsp;<\/p>\n<p class=\"fonte_titulos\"><strong>Outras Informa\u00e7\u00f5es:<\/strong><\/p>\n<table style=\"height: 339px;\" width=\"1056\">\n<tbody>\n<tr style=\"height: 28px;\">\n<td style=\"height: 28px; width: 1047px;\">1 &#8211; <a href=\"https:\/\/www.tjes.jus.br\/corregedoria\/wp-content\/uploads\/2018\/07\/Manual-Orientativo-de-Emiss\u00e3o-de-Guias-v.5.pdf\" target=\"_blank\" rel=\"noopener\">Manual Orientativo de Emiss\u00e3o de Guias<\/a><\/td>\n<\/tr>\n<tr style=\"height: 28px;\">\n<td style=\"height: 28px; width: 1047px;\">2 &#8211; <a href=\"https:\/\/www.tjes.jus.br\/corregedoria\/index.php\/sistemas-de-arrecadacao\/custas-processuais-e-outras-receitas-judiciarias\/tabelas-de-custas-processuais-vigentes\/\">Tabelas de Custas Processuais Vigentes<\/a><\/td>\n<\/tr>\n<tr style=\"height: 28px;\">\n<td style=\"height: 28px; width: 1047px;\">3 &#8211; <a href=\"https:\/\/www.tjes.jus.br\/corregedoria\/index.php\/sistemas-de-arrecadacao\/custas-processuais-e-outras-receitas-judiciarias\/recursos-para-o-stf-e-stj\/\">Recursos para o STF e STJ<\/a><\/td>\n<\/tr>\n<tr style=\"height: 28px;\">\n<td style=\"height: 28px; width: 1047px;\">4 &#8211; <a href=\"https:\/\/www.tjes.jus.br\/corregedoria\/restituicao-de-guias-pagas\/\">Restitui\u00e7\u00e3o de Guias Pagas<\/a><\/td>\n<\/tr>\n<tr style=\"height: 28px;\">\n<td style=\"height: 28px; width: 1047px;\">5 &#8211;\u00a0<a href=\"https:\/\/www.tjes.jus.br\/corregedoria\/wp-content\/uploads\/2016\/08\/scriptx.zip\">Problemas na Impress\u00e3o da Guia?\u00a0Clique AQUI e fa\u00e7a o download do componente.<\/a><\/td>\n<\/tr>\n<tr style=\"height: 28px;\">\n<td style=\"height: 28px; width: 1047px;\">6 &#8211; <a href=\"https:\/\/www.tjes.jus.br\/corregedoria\/legislacao\/legislacao-nacional\/\">Legisla\u00e7\u00e3o<\/a><\/td>\n<\/tr>\n<tr style=\"height: 28px;\">\n<td style=\"height: 28px; width: 1047px;\">7 &#8211;\u00a0<a href=\"https:\/\/www.tjes.jus.br\/corregedoria\/legislacao-aplicada-a-arrecadacao-judicial\/\">Legisla\u00e7\u00e3o Aplicada \u00e0 Arrecada\u00e7\u00e3o Judicial<\/a><\/td>\n<\/tr>\n<tr style=\"height: 28px;\">\n<td style=\"height: 28px; width: 1047px;\">8 &#8211;\u00a0 <a href=\"https:\/\/www.tjes.jus.br\/corregedoria\/sistemas-de-arrecadacao\/custas-processuais-e-outras-receitas-judiciarias\/duvidas-frequentes\/\" target=\"_blank\" rel=\"noopener\">D\u00favidas Frequentes<\/a><\/td>\n<\/tr>\n<\/tbody>\n<\/table>\n<p>&nbsp;<\/p>\n<p>&nbsp;<\/p>\n<p>&nbsp;<\/p>\n","protected":false},"excerpt":{"rendered":"<p>Custas Processuais, Despesas a serem Providas e Outras Receitas Judici\u00e1rias: Custas Processuais (Exceto Execu\u00e7\u00e3o Fiscal) e Outras Receitas Judici\u00e1rias Custas Processuais Execu\u00e7\u00e3o Fiscal (Novo) Emitir Guia de outras Receitas Judici\u00e1rias Consultar, Atualizar e Imprimir Guia &nbsp; Outras Informa\u00e7\u00f5es: 1 &#8211; Manual Orientativo de Emiss\u00e3o de Guias 2 &#8211; Tabelas de Custas Processuais Vigentes 3 &#8211; [&hellip;]<\/p>\n","protected":false},"author":3,"featured_media":0,"parent":4375,"menu_order":0,"comment_status":"closed","ping_status":"closed","template":"","meta":{"footnotes":""},"_links":{"self":[{"href":"https:\/\/www.tjes.jus.br\/corregedoria\/wp-json\/wp\/v2\/pages\/5210"}],"collection":[{"href":"https:\/\/www.tjes.jus.br\/corregedoria\/wp-json\/wp\/v2\/pages"}],"about":[{"href":"https:\/\/www.tjes.jus.br\/corregedoria\/wp-json\/wp\/v2\/types\/page"}],"author":[{"embeddable":true,"href":"https:\/\/www.tjes.jus.br\/corregedoria\/wp-json\/wp\/v2\/users\/3"}],"replies":[{"embeddable":true,"href":"https:\/\/www.tjes.jus.br\/corregedoria\/wp-json\/wp\/v2\/comments?post=5210"}],"version-history":[{"count":30,"href":"https:\/\/www.tjes.jus.br\/corregedoria\/wp-json\/wp\/v2\/pages\/5210\/revisions"}],"predecessor-version":[{"id":34964,"href":"https:\/\/www.tjes.jus.br\/corregedoria\/wp-json\/wp\/v2\/pages\/5210\/revisions\/34964"}],"up":[{"embeddable":true,"href":"https:\/\/www.tjes.jus.br\/corregedoria\/wp-json\/wp\/v2\/pages\/4375"}],"wp:attachment":[{"href":"https:\/\/www.tjes.jus.br\/corregedoria\/wp-json\/wp\/v2\/media?parent=5210"}],"curies":[{"name":"wp","href":"https:\/\/api.w.org\/{rel}","templated":true}]}}