{"id":5217,"date":"2016-08-23T16:54:59","date_gmt":"2016-08-23T19:54:59","guid":{"rendered":"https:\/\/www.tjes.jus.br\/corregedoria\/?page_id=5217"},"modified":"2023-04-27T16:47:21","modified_gmt":"2023-04-27T19:47:21","slug":"atualizacao-monetaria","status":"publish","type":"page","link":"https:\/\/www.tjes.jus.br\/corregedoria\/sistemas-de-arrecadacao\/atualizacao-monetaria\/","title":{"rendered":"Atualiza\u00e7\u00e3o monet\u00e1ria"},"content":{"rendered":"<p><span style=\"color: #ff0000;\"><strong>* N\u00e3o se aplica aos c\u00e1lculos de d\u00e9bitos da Fazenda P\u00fablica.<\/strong><\/span><\/p>\n<p>&nbsp;<\/p>\n<ul>\n<li class=\"fonte_titulos\" style=\"text-align: left;\"><a href=\"https:\/\/sistemas.tjes.jus.br\/sistemaspublicos\/corregedoria\/Atm\/\">C\u00e1lculo para Atualiza\u00e7\u00e3o Monet\u00e1ria<\/a><\/li>\n<\/ul>\n<ul>\n<li style=\"text-align: left;\"><a href=\"http:\/\/aplicativos.tjes.jus.br\/sistemaspublicos\/corregedoria\/arrecadacao\/relatorios\/RelCalculoPrevioExecu.cfm\" target=\"_blank\" rel=\"noopener\">C\u00e1lculo em Processo de Execu\u00e7\u00e3o Fiscal de D\u00edvida Ativa<\/a><\/li>\n<\/ul>\n<ul>\n<li style=\"text-align: left;\"><a href=\"http:\/\/aplicativos.tjes.jus.br\/sistemaspublicos\/corregedoria\/tabelas_atm\/AtualizMonetaria.cfm\" target=\"_blank\" rel=\"noopener\">Tabela de Fatores de Atualiza\u00e7\u00e3o Monet\u00e1ria<\/a><\/li>\n<\/ul>\n<ul>\n<li style=\"text-align: left;\"><a href=\"https:\/\/sistemas.tjes.jus.br\/sistemaspublicos\/corregedoria\/Atm\/lista_sal_min.cfm\">Tabela de Sal\u00e1rio M\u00ednimo<\/a><\/li>\n<\/ul>\n","protected":false},"excerpt":{"rendered":"<p>* N\u00e3o se aplica aos c\u00e1lculos de d\u00e9bitos da Fazenda P\u00fablica. &nbsp; C\u00e1lculo para Atualiza\u00e7\u00e3o Monet\u00e1ria C\u00e1lculo em Processo de Execu\u00e7\u00e3o Fiscal de D\u00edvida Ativa Tabela de Fatores de Atualiza\u00e7\u00e3o Monet\u00e1ria Tabela de Sal\u00e1rio M\u00ednimo<\/p>\n","protected":false},"author":3,"featured_media":0,"parent":4375,"menu_order":0,"comment_status":"closed","ping_status":"closed","template":"","meta":{"footnotes":""},"_links":{"self":[{"href":"https:\/\/www.tjes.jus.br\/corregedoria\/wp-json\/wp\/v2\/pages\/5217"}],"collection":[{"href":"https:\/\/www.tjes.jus.br\/corregedoria\/wp-json\/wp\/v2\/pages"}],"about":[{"href":"https:\/\/www.tjes.jus.br\/corregedoria\/wp-json\/wp\/v2\/types\/page"}],"author":[{"embeddable":true,"href":"https:\/\/www.tjes.jus.br\/corregedoria\/wp-json\/wp\/v2\/users\/3"}],"replies":[{"embeddable":true,"href":"https:\/\/www.tjes.jus.br\/corregedoria\/wp-json\/wp\/v2\/comments?post=5217"}],"version-history":[{"count":6,"href":"https:\/\/www.tjes.jus.br\/corregedoria\/wp-json\/wp\/v2\/pages\/5217\/revisions"}],"predecessor-version":[{"id":36596,"href":"https:\/\/www.tjes.jus.br\/corregedoria\/wp-json\/wp\/v2\/pages\/5217\/revisions\/36596"}],"up":[{"embeddable":true,"href":"https:\/\/www.tjes.jus.br\/corregedoria\/wp-json\/wp\/v2\/pages\/4375"}],"wp:attachment":[{"href":"https:\/\/www.tjes.jus.br\/corregedoria\/wp-json\/wp\/v2\/media?parent=5217"}],"curies":[{"name":"wp","href":"https:\/\/api.w.org\/{rel}","templated":true}]}}