{"id":63,"date":"2016-05-15T13:50:56","date_gmt":"2016-05-15T16:50:56","guid":{"rendered":"http:\/\/localhost\/corregedoria\/?page_id=63"},"modified":"2016-06-17T10:27:03","modified_gmt":"2016-06-17T13:27:03","slug":"visao","status":"publish","type":"page","link":"https:\/\/www.tjes.jus.br\/corregedoria\/visao\/","title":{"rendered":"Vis\u00e3o"},"content":{"rendered":"<p><img loading=\"lazy\" decoding=\"async\" class=\"size-full wp-image-106 alignleft\" src=\"https:\/\/www.tjes.jus.br\/corregedoria\/wp-content\/uploads\/2016\/05\/teste.png\" alt=\"teste\" width=\"270\" height=\"250\" \/><\/p>\n<p>&nbsp;<\/p>\n<p>&nbsp;<\/p>\n<p>&nbsp;<\/p>\n<p>Ser reconhecida como \u00f3rg\u00e3o de refer\u00eancia na orienta\u00e7\u00e3o e apoio aos magistrados, servidores, not\u00e1rios e oficiais do registro p\u00fablico pela promo\u00e7\u00e3o da excel\u00eancia de sua atua\u00e7\u00e3o em favor da sociedade.<\/p>\n","protected":false},"excerpt":{"rendered":"<p>&nbsp; &nbsp; &nbsp; Ser reconhecida como \u00f3rg\u00e3o de refer\u00eancia na orienta\u00e7\u00e3o e apoio aos magistrados, servidores, not\u00e1rios e oficiais do registro p\u00fablico pela promo\u00e7\u00e3o da excel\u00eancia de sua atua\u00e7\u00e3o em favor da sociedade.<\/p>\n","protected":false},"author":1,"featured_media":106,"parent":0,"menu_order":0,"comment_status":"closed","ping_status":"closed","template":"","meta":{"footnotes":""},"_links":{"self":[{"href":"https:\/\/www.tjes.jus.br\/corregedoria\/wp-json\/wp\/v2\/pages\/63"}],"collection":[{"href":"https:\/\/www.tjes.jus.br\/corregedoria\/wp-json\/wp\/v2\/pages"}],"about":[{"href":"https:\/\/www.tjes.jus.br\/corregedoria\/wp-json\/wp\/v2\/types\/page"}],"author":[{"embeddable":true,"href":"https:\/\/www.tjes.jus.br\/corregedoria\/wp-json\/wp\/v2\/users\/1"}],"replies":[{"embeddable":true,"href":"https:\/\/www.tjes.jus.br\/corregedoria\/wp-json\/wp\/v2\/comments?post=63"}],"version-history":[{"count":17,"href":"https:\/\/www.tjes.jus.br\/corregedoria\/wp-json\/wp\/v2\/pages\/63\/revisions"}],"predecessor-version":[{"id":2343,"href":"https:\/\/www.tjes.jus.br\/corregedoria\/wp-json\/wp\/v2\/pages\/63\/revisions\/2343"}],"wp:featuredmedia":[{"embeddable":true,"href":"https:\/\/www.tjes.jus.br\/corregedoria\/wp-json\/wp\/v2\/media\/106"}],"wp:attachment":[{"href":"https:\/\/www.tjes.jus.br\/corregedoria\/wp-json\/wp\/v2\/media?parent=63"}],"curies":[{"name":"wp","href":"https:\/\/api.w.org\/{rel}","templated":true}]}}