{"id":652,"date":"2016-06-01T15:40:35","date_gmt":"2016-06-01T18:40:35","guid":{"rendered":"http:\/\/10.99.253.4\/corregedoria\/?page_id=652"},"modified":"2025-11-25T14:13:46","modified_gmt":"2025-11-25T17:13:46","slug":"formularios","status":"publish","type":"page","link":"https:\/\/www.tjes.jus.br\/corregedoria\/ceja\/formularios\/","title":{"rendered":"Formul\u00e1rios"},"content":{"rendered":"<p><img loading=\"lazy\" decoding=\"async\" class=\"aligncenter wp-image-653 size-full\" src=\"https:\/\/www.tjes.jus.br\/corregedoria\/wp-content\/uploads\/2016\/06\/b_Formularios.jpg\" alt=\"b_Formularios\" width=\"750\" height=\"97\" srcset=\"https:\/\/www.tjes.jus.br\/corregedoria\/wp-content\/uploads\/2016\/06\/b_Formularios.jpg 750w, https:\/\/www.tjes.jus.br\/corregedoria\/wp-content\/uploads\/2016\/06\/b_Formularios-300x39.jpg 300w\" sizes=\"(max-width: 750px) 100vw, 750px\" \/><\/p>\n<p class=\"fonte_titulos\" align=\"left\"><strong>ADO\u00c7\u00c3O NACIONAL<\/strong><\/p>\n<ul>\n<li><a href=\"https:\/\/www.tjes.jus.br\/corregedoria\/wp-content\/uploads\/2016\/06\/REQUERIMENTO_PARA_INSCRICAO_HABILITACAO_ADOCAO.doc\">Requerimento para Inscri\u00e7\u00e3o de Habilita\u00e7\u00e3o \u00e0 Ado\u00e7\u00e3o ES<\/a><\/li>\n<li><a href=\"https:\/\/www.tjes.jus.br\/corregedoria\/wp-content\/uploads\/2016\/06\/REQUERIMENTO_PARA_SUSPENSAO_CONSULTA_ADOCAO_ES.doc\">Requerimento para Suspen\u00e7\u00e3o de Consulta \u00e0 Ado\u00e7\u00e3o ES<\/a><\/li>\n<li><a href=\"https:\/\/www.tjes.jus.br\/corregedoria\/wp-content\/uploads\/2016\/06\/REQUERIMENTO_PARA_ARQUIVAMENTO_DO_PROCESSO_HABILITACAO.doc\">Requerimento para Arquivamento do Processo de Habilita\u00e7\u00e3o<\/a><\/li>\n<li><a href=\"https:\/\/www.tjes.jus.br\/corregedoria\/wp-content\/uploads\/2016\/06\/REQUERIMENTO_PARA_RENOVAR_HABILITACAO_ADOCAO.doc\">Requerimento para Renovar Habilita\u00e7\u00e3o \u00e0 Ado\u00e7\u00e3o<\/a><\/li>\n<li><a href=\"https:\/\/www.tjes.jus.br\/corregedoria\/wp-content\/uploads\/2025\/11\/Pretendente-Solo.pdf\">Formul\u00e1rio de inscri\u00e7\u00e3o para pretendente solo<\/a><\/li>\n<li><a href=\"https:\/\/www.tjes.jus.br\/corregedoria\/wp-content\/uploads\/2025\/11\/Pretendente-Casado.pdf\">Formul\u00e1rio de inscri\u00e7\u00e3o para pretendente casal<\/a><\/li>\n<\/ul>\n<p><strong><strong>\u00a0<\/strong><\/strong><\/p>\n<p><strong><strong>ADO\u00c7\u00c3O INTERNACIONAL<\/strong><\/strong><\/p>\n<ul>\n<li><a href=\"https:\/\/www.tjes.jus.br\/corregedoria\/wp-content\/uploads\/2016\/09\/Ficha-inscri\u00e7\u00e3o-pretendente-estrangeiro.odt\" target=\"_blank\" rel=\"noopener\">Ficha de Inscri\u00e7\u00e3o de Pretendentes Estrangeiro<\/a><\/li>\n<li><a href=\"https:\/\/www.tjes.jus.br\/corregedoria\/wp-content\/uploads\/2016\/06\/SCHEDA_DI_ISCRIZIONE.rtf\" target=\"_blank\" rel=\"noopener\">Modulo di\u00a0iscrizione\u00a0in\u00a0italiano<\/a><\/li>\n<li><a href=\"https:\/\/www.tjes.jus.br\/corregedoria\/wp-content\/uploads\/2016\/09\/Relat\u00f3rio-de-crian\u00e7as-para-fins-de-ado\u00e7\u00e3o-internacional-ACAF.doc\" target=\"_blank\" rel=\"noopener\">Relat\u00f3rio de Crian\u00e7as para Fins de Ado\u00e7\u00e3o Internacional &#8211; ACAF<\/a><\/li>\n<\/ul>\n","protected":false},"excerpt":{"rendered":"<p>ADO\u00c7\u00c3O NACIONAL Requerimento para Inscri\u00e7\u00e3o de Habilita\u00e7\u00e3o \u00e0 Ado\u00e7\u00e3o ES Requerimento para Suspen\u00e7\u00e3o de Consulta \u00e0 Ado\u00e7\u00e3o ES Requerimento para Arquivamento do Processo de Habilita\u00e7\u00e3o Requerimento para Renovar Habilita\u00e7\u00e3o \u00e0 Ado\u00e7\u00e3o Formul\u00e1rio de inscri\u00e7\u00e3o para pretendente solo Formul\u00e1rio de inscri\u00e7\u00e3o para pretendente casal \u00a0 ADO\u00c7\u00c3O INTERNACIONAL Ficha de Inscri\u00e7\u00e3o de Pretendentes Estrangeiro Modulo di\u00a0iscrizione\u00a0in\u00a0italiano Relat\u00f3rio [&hellip;]<\/p>\n","protected":false},"author":1,"featured_media":0,"parent":311,"menu_order":0,"comment_status":"closed","ping_status":"closed","template":"","meta":{"footnotes":""},"_links":{"self":[{"href":"https:\/\/www.tjes.jus.br\/corregedoria\/wp-json\/wp\/v2\/pages\/652"}],"collection":[{"href":"https:\/\/www.tjes.jus.br\/corregedoria\/wp-json\/wp\/v2\/pages"}],"about":[{"href":"https:\/\/www.tjes.jus.br\/corregedoria\/wp-json\/wp\/v2\/types\/page"}],"author":[{"embeddable":true,"href":"https:\/\/www.tjes.jus.br\/corregedoria\/wp-json\/wp\/v2\/users\/1"}],"replies":[{"embeddable":true,"href":"https:\/\/www.tjes.jus.br\/corregedoria\/wp-json\/wp\/v2\/comments?post=652"}],"version-history":[{"count":13,"href":"https:\/\/www.tjes.jus.br\/corregedoria\/wp-json\/wp\/v2\/pages\/652\/revisions"}],"predecessor-version":[{"id":45362,"href":"https:\/\/www.tjes.jus.br\/corregedoria\/wp-json\/wp\/v2\/pages\/652\/revisions\/45362"}],"up":[{"embeddable":true,"href":"https:\/\/www.tjes.jus.br\/corregedoria\/wp-json\/wp\/v2\/pages\/311"}],"wp:attachment":[{"href":"https:\/\/www.tjes.jus.br\/corregedoria\/wp-json\/wp\/v2\/media?parent=652"}],"curies":[{"name":"wp","href":"https:\/\/api.w.org\/{rel}","templated":true}]}}