{"id":689,"date":"2016-06-01T15:55:14","date_gmt":"2016-06-01T18:55:14","guid":{"rendered":"http:\/\/10.99.253.4\/corregedoria\/?page_id=689"},"modified":"2024-02-29T17:18:01","modified_gmt":"2024-02-29T20:18:01","slug":"publicacoes","status":"publish","type":"page","link":"https:\/\/www.tjes.jus.br\/corregedoria\/ceja\/publicacoes\/","title":{"rendered":"Publica\u00e7\u00f5es"},"content":{"rendered":"<p><img loading=\"lazy\" decoding=\"async\" class=\"aligncenter wp-image-690 size-full\" src=\"https:\/\/www.tjes.jus.br\/corregedoria\/wp-content\/uploads\/2016\/06\/b_Publicacoes.jpg\" alt=\"b_Publicacoes\" width=\"750\" height=\"97\" srcset=\"https:\/\/www.tjes.jus.br\/corregedoria\/wp-content\/uploads\/2016\/06\/b_Publicacoes.jpg 750w, https:\/\/www.tjes.jus.br\/corregedoria\/wp-content\/uploads\/2016\/06\/b_Publicacoes-300x39.jpg 300w\" sizes=\"(max-width: 750px) 100vw, 750px\" \/><\/p>\n<hr \/>\n<p><a href=\"https:\/\/www.tjes.jus.br\/corregedoria\/wp-content\/uploads\/2016\/06\/FOLDER_ADOCAO_2.pdf\" target=\"_blank\" rel=\"noopener\">Vamos conversar sobre ado\u00e7\u00e3o? Ado\u00e7\u00e3o passo a passo.<\/a><\/p>\n<p><a href=\"https:\/\/www.tjes.jus.br\/corregedoria\/index.php\/2016\/05\/25\/25-de-maio-dia-nacional-da-adocao\/\" target=\"_blank\" rel=\"noopener\">25 de maio: Dia Nacional da Ado\u00e7\u00e3o<\/a><\/p>\n<p><strong>\u00a0<strong>\u00a0<\/strong><\/strong><\/p>\n<p><strong><strong>V\u00eddeos<\/strong><\/strong><\/p>\n<hr \/>\n<p><strong><strong>Palestra:<\/strong>\u00a0\u00a0<\/strong><a href=\"https:\/\/www.tjes.jus.br\/corregedoria\/index.php\/2016\/06\/01\/palestra-um-novo-direito-um-novo-olhar\/\" target=\"_blank\" rel=\"noopener\">UM NOVO DIREITO, UM NOVO OLHAR<\/a><\/p>\n<p style=\"text-align: justify;\"><a href=\"https:\/\/www.tjes.jus.br\/corregedoria\/index.php\/2016\/06\/01\/abrigos-ate-quando\/\" target=\"_blank\" rel=\"noopener\">ABRIGOS&#8230; At\u00e9 quando?<\/a><strong><strong><br \/>\n<\/strong><\/strong>Este v\u00eddeo foi feito pela CEJA\/ES em parceria com o MPES e a TV FAESA e retrata um pouco da realidade de nossas crian\u00e7as e adolescentes que, impossibilitados de viverem com suas fam\u00edlias naturais, s\u00e3o encaminhados para as &#8220;Institui\u00e7\u00f5es de Acolhimento&#8221;, onde passam a viver. Algumas conseguem retornar ao conv\u00edvio de sua fam\u00edlia biol\u00f3gica, outras s\u00e3o reinseridas em fam\u00edlias substitutas atrav\u00e9s da ado\u00e7\u00e3o e muitos deles permanecem institucionalizadas at\u00e9 completarem 18 anos, quando precisar\u00e3o deixar o acolhimento.<\/p>\n","protected":false},"excerpt":{"rendered":"<p>Vamos conversar sobre ado\u00e7\u00e3o? Ado\u00e7\u00e3o passo a passo. 25 de maio: Dia Nacional da Ado\u00e7\u00e3o \u00a0\u00a0 V\u00eddeos Palestra:\u00a0\u00a0UM NOVO DIREITO, UM NOVO OLHAR ABRIGOS&#8230; At\u00e9 quando? Este v\u00eddeo foi feito pela CEJA\/ES em parceria com o MPES e a TV FAESA e retrata um pouco da realidade de nossas crian\u00e7as e adolescentes que, impossibilitados de [&hellip;]<\/p>\n","protected":false},"author":1,"featured_media":0,"parent":311,"menu_order":0,"comment_status":"closed","ping_status":"closed","template":"","meta":{"footnotes":""},"_links":{"self":[{"href":"https:\/\/www.tjes.jus.br\/corregedoria\/wp-json\/wp\/v2\/pages\/689"}],"collection":[{"href":"https:\/\/www.tjes.jus.br\/corregedoria\/wp-json\/wp\/v2\/pages"}],"about":[{"href":"https:\/\/www.tjes.jus.br\/corregedoria\/wp-json\/wp\/v2\/types\/page"}],"author":[{"embeddable":true,"href":"https:\/\/www.tjes.jus.br\/corregedoria\/wp-json\/wp\/v2\/users\/1"}],"replies":[{"embeddable":true,"href":"https:\/\/www.tjes.jus.br\/corregedoria\/wp-json\/wp\/v2\/comments?post=689"}],"version-history":[{"count":14,"href":"https:\/\/www.tjes.jus.br\/corregedoria\/wp-json\/wp\/v2\/pages\/689\/revisions"}],"predecessor-version":[{"id":39187,"href":"https:\/\/www.tjes.jus.br\/corregedoria\/wp-json\/wp\/v2\/pages\/689\/revisions\/39187"}],"up":[{"embeddable":true,"href":"https:\/\/www.tjes.jus.br\/corregedoria\/wp-json\/wp\/v2\/pages\/311"}],"wp:attachment":[{"href":"https:\/\/www.tjes.jus.br\/corregedoria\/wp-json\/wp\/v2\/media?parent=689"}],"curies":[{"name":"wp","href":"https:\/\/api.w.org\/{rel}","templated":true}]}}