{"id":74,"date":"2016-05-15T16:52:54","date_gmt":"2016-05-15T19:52:54","guid":{"rendered":"http:\/\/localhost\/corregedoria\/?page_id=74"},"modified":"2023-12-29T15:26:57","modified_gmt":"2023-12-29T17:26:57","slug":"atribuicoes","status":"publish","type":"page","link":"https:\/\/www.tjes.jus.br\/corregedoria\/atribuicoes\/","title":{"rendered":"Atribui\u00e7\u00f5es"},"content":{"rendered":"<p style=\"text-align: justify;\">O rol de atribui\u00e7\u00f5es do Corregedor-Geral da Justi\u00e7a \u00e9 regulamentado pelo art. 60 e respectivos incisos do Regimento Interno do eg. Tribunal de Justi\u00e7a do Estado do Esp\u00edrito Santo.<\/p>\n<p style=\"text-align: justify;\"><strong>Art. 60 &#8211;<\/strong> Compete ao Corregedor-Geral da Justi\u00e7a:<\/p>\n<p style=\"text-align: justify;\"><strong>I &#8211;<\/strong> funcionar como membro do Conselho da Magistratura;<\/p>\n<p style=\"text-align: justify;\"><strong>II &#8211;<\/strong> elaborar o Regimento Interno da Corregedoria-Geral da Justi\u00e7a ou modific\u00e1-lo, em ambos os casos com aprova\u00e7\u00e3o do Tribunal Pleno;<\/p>\n<p style=\"text-align: justify;\"><strong>III &#8211;<\/strong> organizar os servi\u00e7os internos da Corregedoria-Geral da Justi\u00e7a;<\/p>\n<p style=\"text-align: justify;\"><strong>IV &#8211;<\/strong> exercer a vigil\u00e2ncia sobre o funcionamento dos servi\u00e7os da Justi\u00e7a, quanto \u00e0 omiss\u00e3o e deveres e \u00e0 pr\u00e1tica de abusos, especialmente, no que se refere \u00e0 perman\u00eancia dos ju\u00edzes em suas respectivas Comarcas;<\/p>\n<p style=\"text-align: justify;\"><strong>V &#8211;<\/strong> realizar, pessoalmente, ou por delega\u00e7\u00e3o, de of\u00edcio, ou a requerimento, correi\u00e7\u00f5es e inspe\u00e7\u00f5es;<\/p>\n<p style=\"text-align: justify;\"><strong>VI &#8211;<\/strong> submeter os relat\u00f3rios dos Ju\u00edzes de Direito e Substitutos \u00e0 aprecia\u00e7\u00e3o do Conselho da Magistratura, que far\u00e1 consignar nas respectivas fichas individuais o que julgar conveniente;<\/p>\n<p style=\"text-align: justify;\"><strong>VII &#8211;<\/strong> conhecer, a t\u00edtulo de correi\u00e7\u00e3o parcial, mediante reclama\u00e7\u00e3o formulada pela parte, ou pelo \u00f3rg\u00e3o do Minist\u00e9rio P\u00fablico, as omiss\u00f5es do juiz e os atos irrecorr\u00edveis por ele praticados que importem, em invers\u00e3o da ordem legal do processo ou resultem de erro de of\u00edcio ou abuso de poder;<\/p>\n<p style=\"text-align: justify;\"><strong>VIII &#8211;<\/strong> inspecionar ou mandar inspecionar, anualmente, pelo menos dez (10) comarcas do Estado;<\/p>\n<p style=\"text-align: justify;\"><strong>IX &#8211;<\/strong> requisitar, em objeto de servi\u00e7o, passagens e di\u00e1rias;<\/p>\n<p style=\"text-align: justify;\"><strong>X &#8211;<\/strong> julgar sindic\u00e2ncias e processos administrativos de sua compet\u00eancia, determinando as medidas necess\u00e1rias ao cumprimento da decis\u00e3o;<\/p>\n<p style=\"text-align: justify;\"><strong>XI &#8211;<\/strong> aplicar penas disciplinares e, quando for o caso, julgar os recursos das que forem impostas pelo juiz;<\/p>\n<p style=\"text-align: justify;\"><strong>XII &#8211;<\/strong> determinar a realiza\u00e7\u00e3o de sindic\u00e2ncia ou processo administrativo, decidindo os que forem de sua compet\u00eancia;<\/p>\n<p style=\"text-align: justify;\"><strong>XIII &#8211;<\/strong> remeter ao \u00f3rg\u00e3o do Minist\u00e9rio P\u00fablico competente, para os devidos fins, os processos administrativos definitivamente julgados, quando houver elementos indicativos da ocorr\u00eancia de crime cometido por servidor;<\/p>\n<p style=\"text-align: justify;\"><strong>XIV &#8211;<\/strong> julgar os recursos das decis\u00f5es dos ju\u00edzes, referentes a reclama\u00e7\u00f5es sobre cobran\u00e7a de custas e emolumentos;<\/p>\n<p style=\"text-align: justify;\"><strong>XV &#8211;<\/strong> julgar os recursos das decis\u00f5es dos Ju\u00edzes de Execu\u00e7\u00f5es Criminais sobre o servi\u00e7o externo de preso;<\/p>\n<p style=\"text-align: justify;\"><strong>XVI &#8211;<\/strong> proceder, por determina\u00e7\u00e3o do Tribunal, a correi\u00e7\u00f5es extraordin\u00e1rias em pris\u00f5es que, em processo de habeas corpus, impetrados ao mesmo Tribunal, houver veementes ind\u00edcios de oculta\u00e7\u00e3o ou remo\u00e7\u00e3o de presos, com intuito de burlar ou dificultar a sua concess\u00e3o;<\/p>\n<p>&nbsp;<\/p>\n<p style=\"text-align: justify;\"><strong>XVII &#8211;<\/strong> baixar provimento:<\/p>\n<p style=\"text-align: justify; padding-left: 30px;\"><strong>a)<\/strong> com a pr\u00e9via aprova\u00e7\u00e3o do Conselho da Magistratura sobre as atribui\u00e7\u00f5es dos servidores da Justi\u00e7a, quando n\u00e3o definidas em lei;<br \/>\n<strong>b)<\/strong> estabelecendo a classifica\u00e7\u00e3o dos feitos para fins de distribui\u00e7\u00e3o;<br \/>\n<strong>c)<\/strong> relativos aos livros e\/ou registros eletr\u00f4nicos necess\u00e1rios ao expediente e aos servi\u00e7os judici\u00e1rios em geral, organizando modelos quando n\u00e3o estabelecidos em lei;<br \/>\n<strong>d)<\/strong> relativamente \u00e0 subscri\u00e7\u00e3o de atos por auxiliares de quaisquer of\u00edcios.<\/p>\n<p style=\"text-align: justify;\"><strong>XVIII &#8211;<\/strong> decidir os recursos dos provimentos baixados por Juiz Diretor do F\u00f3rum sobre classifica\u00e7\u00e3o dos feitos, para fins de distribui\u00e7\u00e3o;<\/p>\n<p style=\"text-align: justify;\"><strong>XIX &#8211;<\/strong> examinar, ou fazer examinar, em correi\u00e7\u00f5es, livros, autos e pap\u00e9is findos, determinando as provid\u00eancias cab\u00edveis, inclusive remessa ao Arquivo P\u00fablico;<\/p>\n<p style=\"text-align: justify;\"><strong>XX &#8211;<\/strong> prover os cargos e fun\u00e7\u00f5es gratificadas da Corregedoria-Geral da Justi\u00e7a (art. 107, \u00a72\u00ba da Lei n\u00ba 3.526);<\/p>\n<p style=\"text-align: justify;\"><strong>XXI &#8211;<\/strong> conceder licen\u00e7a, f\u00e9rias e gratifica\u00e7\u00f5es aos servidores da Corregedoria-Geral da Justi\u00e7a e do Juizado de Direito;<\/p>\n<p style=\"text-align: justify;\"><strong>XXII &#8211;<\/strong> homologar os concursos p\u00fablicos para provimento dos cargos de funcion\u00e1rios da Secretaria da Corregedoria-Geral da Justi\u00e7a e serventu\u00e1rios da Justi\u00e7a;<\/p>\n<p style=\"text-align: justify;\"><strong>XXIII &#8211;<\/strong> exercer outras atribui\u00e7\u00f5es que lhe forem conferidas em lei;<\/p>\n<p style=\"text-align: justify;\"><strong>XXIV &#8211;<\/strong> apreciar, nos casos de suspei\u00e7\u00e3o e impedimento do Vice-Presidente, toda a mat\u00e9ria pertinente a recurso especial e extraordin\u00e1rio, bem como os agravos destes Interpostos.<\/p>\n<p style=\"text-align: justify;\"><strong>XXV &#8211;<\/strong> Submeter a reexame pelo Egr\u00e9gio Tribunal Pleno, as decis\u00f5es emanadas do Colendo Conselho da Magistratura, no prazo de 10 (dez) dias, que sejam contr\u00e1rias ao entendimento firmado pela Corregedoria Geral da Justi\u00e7a.<\/p>\n","protected":false},"excerpt":{"rendered":"<p>O rol de atribui\u00e7\u00f5es do Corregedor-Geral da Justi\u00e7a \u00e9 regulamentado pelo art. 60 e respectivos incisos do Regimento Interno do eg. Tribunal de Justi\u00e7a do Estado do Esp\u00edrito Santo. Art. 60 &#8211; Compete ao Corregedor-Geral da Justi\u00e7a: I &#8211; funcionar como membro do Conselho da Magistratura; II &#8211; elaborar o Regimento Interno da Corregedoria-Geral da [&hellip;]<\/p>\n","protected":false},"author":1,"featured_media":0,"parent":0,"menu_order":0,"comment_status":"closed","ping_status":"closed","template":"","meta":{"footnotes":""},"_links":{"self":[{"href":"https:\/\/www.tjes.jus.br\/corregedoria\/wp-json\/wp\/v2\/pages\/74"}],"collection":[{"href":"https:\/\/www.tjes.jus.br\/corregedoria\/wp-json\/wp\/v2\/pages"}],"about":[{"href":"https:\/\/www.tjes.jus.br\/corregedoria\/wp-json\/wp\/v2\/types\/page"}],"author":[{"embeddable":true,"href":"https:\/\/www.tjes.jus.br\/corregedoria\/wp-json\/wp\/v2\/users\/1"}],"replies":[{"embeddable":true,"href":"https:\/\/www.tjes.jus.br\/corregedoria\/wp-json\/wp\/v2\/comments?post=74"}],"version-history":[{"count":4,"href":"https:\/\/www.tjes.jus.br\/corregedoria\/wp-json\/wp\/v2\/pages\/74\/revisions"}],"predecessor-version":[{"id":38894,"href":"https:\/\/www.tjes.jus.br\/corregedoria\/wp-json\/wp\/v2\/pages\/74\/revisions\/38894"}],"wp:attachment":[{"href":"https:\/\/www.tjes.jus.br\/corregedoria\/wp-json\/wp\/v2\/media?parent=74"}],"curies":[{"name":"wp","href":"https:\/\/api.w.org\/{rel}","templated":true}]}}