{"id":76,"date":"2016-05-15T16:53:35","date_gmt":"2016-05-15T19:53:35","guid":{"rendered":"http:\/\/localhost\/corregedoria\/?page_id=76"},"modified":"2026-01-09T16:04:29","modified_gmt":"2026-01-09T19:04:29","slug":"composicao","status":"publish","type":"page","link":"https:\/\/www.tjes.jus.br\/corregedoria\/composicao\/","title":{"rendered":"Composi\u00e7\u00e3o"},"content":{"rendered":"<p style=\"text-align: center;\"><strong>Bi\u00eanio 2026\/2027<\/strong><\/p>\n<p style=\"text-align: center;\"><strong>Desembargador <a href=\"https:\/\/www.tjes.jus.br\/des-ewerton-schwab-pinto-junior\/\">Ewerton Schwab Pinto J\u00fanior<\/a><\/strong><br \/>\nCorregedor-Geral da Justi\u00e7a<\/p>\n<p style=\"text-align: center;\"><strong>Desembargador\u00a0<a href=\"https:\/\/www.tjes.jus.br\/des-robson-luiz-albanez\/\">Robson Luiz Albanez <\/a><\/strong><br \/>\nVice-Corregedor<\/p>\n<p style=\"text-align: center;\"><b>Ju\u00edzes Corregedores<\/b><br \/>\nDr. Fl\u00e1vio Jabour Moulin<br \/>\nDr. Lyrio Regis de Souza Lyrio<br \/>\nDr. Marcelo Mattar Coutinho<br \/>\nDr. Romilton Alves Vieira J\u00fanior<\/p>\n<p style=\"text-align: center;\"><b>Chefe de Gabinete<br \/>\n<\/b>Raquel Teixeira Nogueira<b><br \/>\n<\/b><span style=\"color: #3366ff;\">gabinete@tjes.jus.br<\/span><\/p>\n<p style=\"text-align: center;\"><b>Assessor de Planejamento e Fiscaliza\u00e7\u00e3o das Serventias Judiciais e Extrajudiciais<br \/>\n<\/b>Marcos Rosi Marinho<br \/>\n<span style=\"color: #3366ff;\">apf@tjes.jus.br<\/span><\/p>\n<p style=\"text-align: center;\"><b>Secret\u00e1ria de Monitoramento do Foro Judicial e Extrajudicial<br \/>\n<\/b>Aline Carolino Santos Davel<br \/>\n<span style=\"color: #3366ff;\">secretariacgj@tjes.jus.br<\/span><\/p>\n<p style=\"text-align: center;\"><b>Coordenadora de Monitoramento do Foro Judicial e Extrajudicial<br \/>\n<\/b>Magali Barbosa de Oliveira<br \/>\n<span style=\"color: #3366ff;\">coordenadoriajudicialextrajudicial@tjes.jus.br<\/span><\/p>\n<p style=\"text-align: center;\"><b>Coordenador de Monitoramento de Magistrados<br \/>\n<\/b>Cinthya Tofano Cuzzuol<br \/>\n<span style=\"color: #3366ff;\">disciplinarmagistrados@tjes.jus.br<\/span><br \/>\n<span style=\"color: #3366ff;\">estatisticamagistrados@tjes.jus.br<\/span><\/p>\n<p style=\"text-align: center;\"><b>Coordenador da Comiss\u00e3o Estadual Judici\u00e1ria de Ado\u00e7\u00e3o<br \/>\n<\/b>Helerson Elias Silva<br \/>\n<span style=\"color: #3366ff;\">ceja@tjes.jus.br<\/span><\/p>\n","protected":false},"excerpt":{"rendered":"<p>Bi\u00eanio 2026\/2027 Desembargador Ewerton Schwab Pinto J\u00fanior Corregedor-Geral da Justi\u00e7a Desembargador\u00a0Robson Luiz Albanez Vice-Corregedor Ju\u00edzes Corregedores Dr. Fl\u00e1vio Jabour Moulin Dr. Lyrio Regis de Souza Lyrio Dr. Marcelo Mattar Coutinho Dr. Romilton Alves Vieira J\u00fanior Chefe de Gabinete Raquel Teixeira Nogueira gabinete@tjes.jus.br Assessor de Planejamento e Fiscaliza\u00e7\u00e3o das Serventias Judiciais e Extrajudiciais Marcos Rosi Marinho [&hellip;]<\/p>\n","protected":false},"author":1,"featured_media":0,"parent":0,"menu_order":0,"comment_status":"closed","ping_status":"closed","template":"","meta":{"footnotes":""},"_links":{"self":[{"href":"https:\/\/www.tjes.jus.br\/corregedoria\/wp-json\/wp\/v2\/pages\/76"}],"collection":[{"href":"https:\/\/www.tjes.jus.br\/corregedoria\/wp-json\/wp\/v2\/pages"}],"about":[{"href":"https:\/\/www.tjes.jus.br\/corregedoria\/wp-json\/wp\/v2\/types\/page"}],"author":[{"embeddable":true,"href":"https:\/\/www.tjes.jus.br\/corregedoria\/wp-json\/wp\/v2\/users\/1"}],"replies":[{"embeddable":true,"href":"https:\/\/www.tjes.jus.br\/corregedoria\/wp-json\/wp\/v2\/comments?post=76"}],"version-history":[{"count":35,"href":"https:\/\/www.tjes.jus.br\/corregedoria\/wp-json\/wp\/v2\/pages\/76\/revisions"}],"predecessor-version":[{"id":45888,"href":"https:\/\/www.tjes.jus.br\/corregedoria\/wp-json\/wp\/v2\/pages\/76\/revisions\/45888"}],"wp:attachment":[{"href":"https:\/\/www.tjes.jus.br\/corregedoria\/wp-json\/wp\/v2\/media?parent=76"}],"curies":[{"name":"wp","href":"https:\/\/api.w.org\/{rel}","templated":true}]}}