{"id":8204,"date":"2016-10-17T14:50:22","date_gmt":"2016-10-17T16:50:22","guid":{"rendered":"https:\/\/www.tjes.jus.br\/corregedoria\/?page_id=8204"},"modified":"2025-03-26T14:40:33","modified_gmt":"2025-03-26T17:40:33","slug":"concursos-publicos","status":"publish","type":"page","link":"https:\/\/www.tjes.jus.br\/corregedoria\/concursos-publicos\/","title":{"rendered":"CONCURSOS P\u00daBLICOS"},"content":{"rendered":"<table>\n<tbody>\n<tr>\n<td>\n<h3 style=\"background: #FAFAFA;\"><span style=\"font-family: 'Fjalla One','serif'; color: #333333; font-weight: normal;\">CONCURSO P\u00daBLICO PARA OUTORGA DE DELEGA\u00c7\u00d5ES DE NOTAS E DE REGISTRO DO ESTADO DO ESP\u00cdRITO SANTO &#8211; ANO DE 2025<\/span><\/h3>\n<p style=\"background: #FAFAFA; font-variant-ligatures: normal; font-variant-caps: normal; orphans: 2; text-align: start; widows: 2; -webkit-text-stroke-width: 0px; word-spacing: 0px;\"><strong><a href=\"https:\/\/www.tjes.jus.br\/corregedoria\/wp-content\/uploads\/2025\/03\/EDITAL-No-01-2025.pdf\" target=\"_blank\" rel=\"noopener\"><span style=\"font-size: 10.5pt; font-family: Cantarell, 'serif';\">EDITAL N\u00ba 01\/2025 \u2013 Edital de abertura<\/span><\/a><\/strong><\/p>\n<p style=\"background: #FAFAFA; font-variant-ligatures: normal; font-variant-caps: normal; orphans: 2; text-align: start; widows: 2; -webkit-text-stroke-width: 0px; word-spacing: 0px;\"><span style=\"font-size: 10.5pt; font-family: 'Cantarell','serif'; color: #333333;\">Link para a FGV, com os Editais, comunicados e informa\u00e7\u00f5es<b><br \/>\n<\/b>(<a href=\"https:\/\/conhecimento.fgv.br\/concursos\/tjesnotarial25\"><span style=\"color: #0088cc;\">FGV &#8211; CLIQUE AQUI<\/span><\/a>)<\/span><\/p>\n<\/td>\n<\/tr>\n<tr>\n<td>\n<h3 style=\"background: #FAFAFA;\"><span style=\"font-family: 'Fjalla One','serif'; color: #333333; font-weight: normal;\">CONCURSO P\u00daBLICO PARA OUTORGA DE DELEGA\u00c7\u00d5ES DE NOTAS E\u00a0DE REGISTRO DO ESTADO DO ESP\u00cdRITO SANTO &#8211; ANO DE\u00a02013<\/span><\/h3>\n<p style=\"background: #FAFAFA; font-variant-ligatures: normal; font-variant-caps: normal; orphans: 2; text-align: start; widows: 2; -webkit-text-stroke-width: 0px; word-spacing: 0px;\"><span style=\"font-size: 10.5pt; font-family: 'Cantarell','serif'; color: #333333;\">Link interno\u00a0com<span class=\"apple-converted-space\">\u00a0<\/span><strong><span style=\"font-family: 'Cantarell','serif';\">TODOS<\/span><\/strong><span class=\"apple-converted-space\">\u00a0<\/span>os Editais, comunicados, informa\u00e7\u00f5es, modelos de provas e gabaritos publicados<br \/>\n(<a href=\"https:\/\/www.tjes.jus.br\/corregedoria\/index.php\/concurso-de-notarios-e-oficiais-de-registro\/\"><strong><span style=\"font-family: 'Cantarell','serif'; color: #0088cc; text-decoration: none; text-underline: none;\">CLIQUE AQUI<\/span><\/strong><\/a>)<\/span><\/p>\n<p style=\"background: #FAFAFA; font-variant-ligatures: normal; font-variant-caps: normal; orphans: 2; text-align: start; widows: 2; -webkit-text-stroke-width: 0px; word-spacing: 0px;\"><span style=\"font-size: 10.5pt; font-family: 'Cantarell','serif'; color: #333333;\">Link para o CESPE\/Unb, com os Editais, comunicados, informa\u00e7\u00f5es, modelos de provas e gabaritos publicados<br \/>\n<strong><span style=\"font-family: 'Cantarell','serif';\">O\u00a0link abaixo n\u00e3o receber\u00e1 novas atualiza\u00e7\u00f5es<\/span><\/strong>.<b><br \/>\n<\/b>(<a href=\"http:\/\/www.cespe.unb.br\/concursos\/TJ_ES_13_NOTARIOS\/\" target=\"_blank\" rel=\"noopener\"><span style=\"color: #0088cc;\">CESPE\/UnB &#8211; CLIQUE AQUI<\/span><\/a>)<\/span><\/p>\n<\/td>\n<\/tr>\n<tr>\n<td>\n<h3 style=\"text-align: justify;\">CONCURSO P\u00daBLICO DE T\u00cdTULOS PARA REMO\u00c7\u00c3O DE TITULARES DE SERVENTIAS DE NOTAS E DE REGISTRO DO ESTADO DO ESP\u00cdRITO SANTO &#8211; ANO DE\u00a02009<\/h3>\n<p style=\"text-align: justify;\">Editais, comunicados, informa\u00e7\u00f5es publicados abaixo:<\/p>\n<p style=\"text-align: justify;\"><strong><br \/>\n<a href=\"https:\/\/www.tjes.jus.br\/corregedoria\/2018\/09\/17\/concurso-do-edital-tjes-n-o-01-2009-edital-no10-2018-de-chamamento-dos-candidatos-aprovados-e-habilitados-2\/\" target=\"_blank\" rel=\"noopener\">EDITAL N\u00ba 10\/2018 &#8211;\u00a0Edital de chamamento dos candidatos aprovados e habilitados<\/a><br \/>\nEDITAL N\u00ba 01\/2009 &#8211; Edital de abertura<\/strong><\/p>\n<\/td>\n<\/tr>\n<tr>\n<td>\n<h3 style=\"text-align: justify;\">CONCURSO P\u00daBLICO PARA OUTORGA DE DELEGA\u00c7\u00d5ES DE NOTAS E\u00a0DE REGISTRO DO ESTADO DO ESP\u00cdRITO SANTO &#8211; ANO DE\u00a02006<\/h3>\n<p style=\"text-align: justify;\">Editais, comunicados, informa\u00e7\u00f5es publicados abaixo:<br \/>\n<a href=\"https:\/\/www.tjes.jus.br\/corregedoria\/2019\/02\/28\/a-investidura-na-delegacao-sera-realizada-perante-o-juiz-diretor-do-foro-da-respectiva-circunscricao-em-que-a-serventia-extrajudicial-estiver-localizada-nos-termos-da-lei-e-do-edital-n-o-01-2013-con\/\"><strong>Investidura<\/strong><\/a><\/p>\n<p style=\"text-align: justify;\"><strong><a href=\"https:\/\/www.tjes.jus.br\/corregedoria\/index.php\/2017\/05\/31\/ata-da-audiencia-publica-de-escolha-relativa-ao-concurso-publico-inaugurado-pelo-edital-cgjes-no-012006-em-atencao-ao-ms-27-279stf-relator-exmo-min-luiz-fux\/\">Ata da audi\u00eancia p\u00fablica de escolha realizada em 19\/05\/2017<\/a><\/strong><\/p>\n<p style=\"text-align: justify;\"><strong><a href=\"https:\/\/www.tjes.jus.br\/corregedoria\/2019\/02\/25\/edital-no-056-2019-disp-25-02-2019\/\">EDITAL N\u00ba 056\/2019<\/a><br \/>\n<a href=\"https:\/\/www.tjes.jus.br\/corregedoria\/2019\/01\/15\/concurso-do-edital-cgjes-no-01-2006-edital-no-055-2019\/\" target=\"_blank\" rel=\"noopener\">EDITAL N\u00ba 055\/2019<\/a><br \/>\n<a href=\"https:\/\/www.tjes.jus.br\/corregedoria\/2019\/01\/11\/concurso-do-edital-cgjes-no-01-2006-edital-no-054-2019\/\" target=\"_blank\" rel=\"noopener\">EDITAL N\u00ba 054\/2019<\/a><br \/>\n<a href=\"https:\/\/www.tjes.jus.br\/corregedoria\/2018\/12\/07\/concurso-do-edital-cgjes-no-01-2006-edital-no-053-2018-de-chamamento-dos-candidatos-aprovados-e-habilitados\/\" target=\"_blank\" rel=\"noopener\">EDITAL N\u00ba 053\/2018 &#8211;\u00a0Edital de chamamento dos candidatos aprovados e habilitados<\/a><br \/>\n<a href=\"https:\/\/www.tjes.jus.br\/corregedoria\/2018\/09\/17\/concurso-do-edital-cgjes-no-01-2006-edital-no-052-2018-de-chamamento-dos-candidatos-aprovados-e-habilitados\/\" target=\"_blank\" rel=\"noopener\">EDITAL N\u00ba 052\/2018 &#8211;\u00a0Edital de chamamento dos candidatos aprovados e habilitados<\/a><br \/>\n<a href=\"https:\/\/www.tjes.jus.br\/corregedoria\/2018\/09\/17\/concurso-do-edital-cgjes-no-01-2006-edital-no-051-2018-de-chamamento-dos-candidatos-aprovados-e-habilitados\/\" target=\"_blank\" rel=\"noopener\">EDITAL N\u00ba 051\/2018 &#8211;\u00a0Edital de chamamento dos candidatos aprovados e habilitados<\/a><br \/>\n<\/strong><a href=\"https:\/\/www.tjes.jus.br\/corregedoria\/index.php\/2017\/05\/10\/concurso-do-edital-cgjes-no-012006-edital-de-chamamento-dos-candidatos-aprovados-e-habilitados-edital-0502017\/\"><strong>EDITAL N\u00ba 050\/2017 &#8211;\u00a0Edital de chamamento dos candidatos aprovados e habilitados<br \/>\n<\/strong><\/a><strong><a href=\"https:\/\/www.tjes.jus.br\/corregedoria\/index.php\/2017\/04\/19\/edital-de-chamamento-dos-candidatos-aprovados-e-habilitados-edital-cgjes-n-o-012006\/\">EDITAL N\u00ba 049\/2017 &#8211; Edital de chamamento dos candidatos aprovados e habilitados<\/a><\/strong><\/p>\n<\/td>\n<\/tr>\n<\/tbody>\n<\/table>\n","protected":false},"excerpt":{"rendered":"<p>CONCURSO P\u00daBLICO PARA OUTORGA DE DELEGA\u00c7\u00d5ES DE NOTAS E DE REGISTRO DO ESTADO DO ESP\u00cdRITO SANTO &#8211; ANO DE 2025 EDITAL N\u00ba 01\/2025 \u2013 Edital de abertura Link para a FGV, com os Editais, comunicados e informa\u00e7\u00f5es (FGV &#8211; CLIQUE AQUI) CONCURSO P\u00daBLICO PARA OUTORGA DE DELEGA\u00c7\u00d5ES DE NOTAS E\u00a0DE REGISTRO DO ESTADO DO ESP\u00cdRITO [&hellip;]<\/p>\n","protected":false},"author":3,"featured_media":0,"parent":0,"menu_order":0,"comment_status":"closed","ping_status":"closed","template":"","meta":{"footnotes":""},"_links":{"self":[{"href":"https:\/\/www.tjes.jus.br\/corregedoria\/wp-json\/wp\/v2\/pages\/8204"}],"collection":[{"href":"https:\/\/www.tjes.jus.br\/corregedoria\/wp-json\/wp\/v2\/pages"}],"about":[{"href":"https:\/\/www.tjes.jus.br\/corregedoria\/wp-json\/wp\/v2\/types\/page"}],"author":[{"embeddable":true,"href":"https:\/\/www.tjes.jus.br\/corregedoria\/wp-json\/wp\/v2\/users\/3"}],"replies":[{"embeddable":true,"href":"https:\/\/www.tjes.jus.br\/corregedoria\/wp-json\/wp\/v2\/comments?post=8204"}],"version-history":[{"count":28,"href":"https:\/\/www.tjes.jus.br\/corregedoria\/wp-json\/wp\/v2\/pages\/8204\/revisions"}],"predecessor-version":[{"id":43065,"href":"https:\/\/www.tjes.jus.br\/corregedoria\/wp-json\/wp\/v2\/pages\/8204\/revisions\/43065"}],"wp:attachment":[{"href":"https:\/\/www.tjes.jus.br\/corregedoria\/wp-json\/wp\/v2\/media?parent=8204"}],"curies":[{"name":"wp","href":"https:\/\/api.w.org\/{rel}","templated":true}]}}